{"id":5075,"date":"2019-03-12T16:53:18","date_gmt":"2019-03-12T15:53:18","guid":{"rendered":"http:\/\/www.vernicifirewall.it\/sicurezza-e-bellezza\/"},"modified":"2019-04-16T11:11:12","modified_gmt":"2019-04-16T09:11:12","slug":"sicurezza-e-bellezza","status":"publish","type":"page","link":"https:\/\/www.vernicifirewall.it\/es\/sicurezza-e-bellezza\/","title":{"rendered":"Seguridad y belleza"},"content":{"rendered":"[mk_page_section bg_image=&#8221;http:\/\/www.vernicifirewall.it\/wp-content\/uploads\/2019\/03\/sicurezza-bellezza-edifici.jpg&#8221; bg_image_portrait=&#8221;http:\/\/www.vernicifirewall.it\/wp-content\/uploads\/2019\/03\/sicurezza-bellezza-edifici_mobile-2.jpg&#8221; bg_position=&#8221;center center&#8221; bg_repeat=&#8221;no-repeat&#8221; bg_stretch=&#8221;true&#8221; enable_3d=&#8221;true&#8221; padding_top=&#8221;0&#8243; padding_bottom=&#8221;0&#8243; sidebar=&#8221;sidebar-1&#8243;][vc_column width=&#8221;1\/6&#8243;][\/vc_column][vc_column width=&#8221;2\/3&#8243;]<div class=\"ult-spacer spacer-69e35b3f6aeba\" data-id=\"69e35b3f6aeba\" data-height=\"100\" data-height-mobile=\"50\" data-height-tab=\"100\" data-height-tab-portrait=\"100\" data-height-mobile-landscape=\"50\" style=\"clear:both;display:block;\"><\/div>[vc_column_text align=&#8221;center&#8221; el_class=&#8221;white rennertitle&#8221; css=&#8221;.vc_custom_1555405403654{margin-bottom: 0px !important;}&#8221;]Hay soluciones infinitas<br \/>\npara dise\u00f1ar el mundo,<br \/>\ncon s\u00f3lo un gran imperativo:<br \/>\nla seguridad.[\/vc_column_text][vc_column_text align=&#8221;center&#8221; el_class=&#8221;white rennerp&#8221; css=&#8221;.vc_custom_1555405536162{margin-bottom: 0px !important;}&#8221;]Los barnices ign\u00edfugos de Renner Italia nacen para salvaguardar la seguridad de los objetos y de las personas. Un barniz eficiente puede retrasar un incendio y salvar una vida. No se acepta ning\u00fan compromiso cuando se habla de seguridad. Es por eso que se debe hablar con los expertos y elegir los barnices Firewall de Renner Italia.[\/vc_column_text]<div class=\"ult-spacer spacer-69e35b3f6af5f\" data-id=\"69e35b3f6af5f\" data-height=\"400\" data-height-mobile=\"250\" data-height-tab=\"400\" data-height-tab-portrait=\"400\" data-height-mobile-landscape=\"250\" style=\"clear:both;display:block;\"><\/div>[\/vc_column][vc_column width=&#8221;1\/6&#8243;][\/vc_column][\/mk_page_section][mk_page_section bg_image=&#8221;http:\/\/www.vernicifirewall.it\/wp-content\/uploads\/2019\/03\/sicurezza-bellezza_3.jpg&#8221; bg_image_portrait=&#8221;http:\/\/www.vernicifirewall.it\/wp-content\/uploads\/2019\/03\/sicurezza-bellezza_3_mobile.jpg&#8221; bg_position=&#8221;left center&#8221; bg_repeat=&#8221;no-repeat&#8221; bg_stretch=&#8221;true&#8221; enable_3d=&#8221;true&#8221; padding_top=&#8221;0&#8243; padding_bottom=&#8221;0&#8243; sidebar=&#8221;sidebar-1&#8243;][vc_column width=&#8221;1\/2&#8243;]<div class=\"ult-spacer spacer-69e35b3f6afe9\" data-id=\"69e35b3f6afe9\" data-height=\"200\" data-height-mobile=\"50\" data-height-tab=\"200\" data-height-tab-portrait=\"200\" data-height-mobile-landscape=\"50\" style=\"clear:both;display:block;\"><\/div>[vc_column_text el_class=&#8221;black rennertitle&#8221; css=&#8221;.vc_custom_1554469997681{margin-bottom: 0px !important;}&#8221;]Los barnices ign\u00edfugos<br \/>\nque combinan seguridad<br \/>\ny belleza[\/vc_column_text][vc_column_text el_class=&#8221;black rennerp&#8221; css=&#8221;.vc_custom_1555405775290{margin-bottom: 0px !important;}&#8221;]La madera siempre ha fascinado a los mejores arquitectos del mundo. Es un material muy ligero y resistente. Resiste los terremotos y es el coraz\u00f3n de la nueva bioarquitectura. La madera embellece los espacios donde vivimos, pero tambi\u00e9n es un material inflamable. Los espacios que pueden contener muchas personas son los que necesitan la mayor protecci\u00f3n. Cines, centros comerciales, colegios, oficinas, restaurantes, hospitales, casas, etc. Los ciclos de barnizado Firewall detienen el inicio del incendio, limitando la emisi\u00f3n de gases t\u00f3xicos y respetando los est\u00e1ndares complejos. Pero eso no es todo. Los barnices ign\u00edfugos Renner Italia no cambian las caracter\u00edsticas de la madera, garantizando as\u00ed las necesidades est\u00e9ticas de los arquitectos contempor\u00e1neos. Elegir los barnices Firewall significa elegir innumerables maneras de mejorar y embellecer la madera, sin olvidarse de la seguridad. Y sin ning\u00fan compromiso.[\/vc_column_text]<div class=\"ult-spacer spacer-69e35b3f6b071\" data-id=\"69e35b3f6b071\" data-height=\"200\" data-height-mobile=\"200\" data-height-tab=\"200\" data-height-tab-portrait=\"200\" data-height-mobile-landscape=\"200\" style=\"clear:both;display:block;\"><\/div>[\/vc_column][vc_column width=&#8221;1\/2&#8243;][\/vc_column][\/mk_page_section][mk_page_section bg_image=&#8221;http:\/\/www.vernicifirewall.it\/wp-content\/uploads\/2019\/03\/teatro-vernici-ignifughe.jpg&#8221; bg_image_portrait=&#8221;http:\/\/www.vernicifirewall.it\/wp-content\/uploads\/2019\/03\/teatro-vernici-ignifughe_mobile.jpg&#8221; bg_position=&#8221;right center&#8221; bg_repeat=&#8221;no-repeat&#8221; bg_stretch=&#8221;true&#8221; enable_3d=&#8221;true&#8221; padding_top=&#8221;0&#8243; padding_bottom=&#8221;0&#8243; sidebar=&#8221;sidebar-1&#8243;][vc_column width=&#8221;1\/2&#8243;][\/vc_column][vc_column width=&#8221;1\/2&#8243;]<div class=\"ult-spacer spacer-69e35b3f6b0f3\" data-id=\"69e35b3f6b0f3\" data-height=\"200\" data-height-mobile=\"50\" data-height-tab=\"200\" data-height-tab-portrait=\"200\" data-height-mobile-landscape=\"50\" style=\"clear:both;display:block;\"><\/div>[vc_column_text el_class=&#8221;white rennertitle&#8221; css=&#8221;.vc_custom_1554470014922{margin-bottom: 0px !important;}&#8221;]Una conquista<br \/>\nreciente [\/vc_column_text][vc_column_text el_class=&#8221;white rennerp&#8221; css=&#8221;.vc_custom_1555405869276{margin-bottom: 0px !important;}&#8221;]En este campo, la combinaci\u00f3n belleza-seguridad es una conquista reciente. Firewall juega un papel importante en esta \u00e1rea. En el pasado, la aplicaci\u00f3n de un barniz resistente al fuego significaba ganar seguridad, pero perder belleza. Esto se deb\u00eda a que la ignifugaci\u00f3n requer\u00eda un alto gramaje del producto. Con Firewall, los laboratorios Renner Italia han desarrollado nuevas f\u00f3rmulas capaces de reproducir una amplia gama de efectos especiales, colores y acabados de alta calidad, incluso en el campo de los barnices ign\u00edfugos. Los ciclos de barnizado Firewall son elegantes y d\u00factiles y combinan estas caracter\u00edsticas con la mayor resistencia al fuego, alcanzando la Clase 1.[\/vc_column_text]<div class=\"ult-spacer spacer-69e35b3f6b172\" data-id=\"69e35b3f6b172\" data-height=\"200\" data-height-mobile=\"50\" data-height-tab=\"200\" data-height-tab-portrait=\"200\" data-height-mobile-landscape=\"50\" style=\"clear:both;display:block;\"><\/div>[\/vc_column][\/mk_page_section][mk_page_section bg_image=&#8221;http:\/\/www.vernicifirewall.it\/wp-content\/uploads\/2019\/03\/smoke-1.jpg&#8221; bg_position=&#8221;center top&#8221; bg_repeat=&#8221;no-repeat&#8221; bg_stretch=&#8221;true&#8221; enable_3d=&#8221;true&#8221; padding_top=&#8221;100&#8243; padding_bottom=&#8221;200&#8243; sidebar=&#8221;sidebar-1&#8243;][vc_column width=&#8221;1\/6&#8243;][\/vc_column][vc_column width=&#8221;2\/3&#8243;][vc_video host=&#8221;self_hosted&#8221; mp4=&#8221;http:\/\/vernicifirewall.it\/wp-content\/uploads\/video\/MOBILI_IT.mp4&#8243; poster_image=&#8221; http:\/\/vernicifirewall.it\/wp-content\/uploads\/video\/intervista-mobili.jpg&#8221; custom_thumbnail=&#8221;true&#8221; thumbnail_image=&#8221;4315&#8243;][mk_padding_divider][\/vc_column][vc_column width=&#8221;1\/6&#8243;][\/vc_column][\/mk_page_section]\n","protected":false},"excerpt":{"rendered":"<p>[mk_page_section bg_image=&#8221;http:\/\/www.vernicifirewall.it\/wp-content\/uploads\/2019\/03\/sicurezza-bellezza-edifici.jpg&#8221; bg_image_portrait=&#8221;http:\/\/www.vernicifirewall.it\/wp-content\/uploads\/2019\/03\/sicurezza-bellezza-edifici_mobile-2.jpg&#8221; bg_position=&#8221;center center&#8221; bg_repeat=&#8221;no-repeat&#8221; bg_stretch=&#8221;true&#8221; enable_3d=&#8221;true&#8221; padding_top=&#8221;0&#8243; padding_bottom=&#8221;0&#8243; sidebar=&#8221;sidebar-1&#8243;][vc_column width=&#8221;1\/6&#8243;][\/vc_column][vc_column width=&#8221;2\/3&#8243;][vc_column_text align=&#8221;center&#8221; el_class=&#8221;white rennertitle&#8221; css=&#8221;.vc_custom_1555405403654{margin-bottom: 0px !important;}&#8221;]Hay soluciones infinitas para dise\u00f1ar el mundo, con s\u00f3lo un gran imperativo: la seguridad.[\/vc_column_text][vc_column_text align=&#8221;center&#8221; el_class=&#8221;white rennerp&#8221; css=&#8221;.vc_custom_1555405536162{margin-bottom: 0px !important;}&#8221;]Los barnices ign\u00edfugos de Renner Italia nacen para salvaguardar la seguridad de los objetos y de las personas. [&hellip;]<\/p>\n","protected":false},"author":1,"featured_media":0,"parent":0,"menu_order":0,"comment_status":"closed","ping_status":"closed","template":"","meta":{"footnotes":""},"class_list":["post-5075","page","type-page","status-publish","hentry"],"yoast_head":"<!-- This site is optimized with the Yoast SEO plugin v27.0 - https:\/\/yoast.com\/product\/yoast-seo-wordpress\/ -->\n<title>Seguridad y belleza - Le vernici ignifughe per il legno Firewall<\/title>\n<meta name=\"robots\" content=\"index, follow, max-snippet:-1, max-image-preview:large, max-video-preview:-1\" \/>\n<link rel=\"canonical\" href=\"https:\/\/www.vernicifirewall.it\/es\/sicurezza-e-bellezza\/\" \/>\n<meta property=\"og:locale\" content=\"es_ES\" \/>\n<meta property=\"og:type\" content=\"article\" \/>\n<meta property=\"og:title\" content=\"Seguridad y belleza - Le vernici ignifughe per il legno Firewall\" \/>\n<meta property=\"og:description\" content=\"[mk_page_section bg_image=&#8221;http:\/\/www.vernicifirewall.it\/wp-content\/uploads\/2019\/03\/sicurezza-bellezza-edifici.jpg&#8221; bg_image_portrait=&#8221;http:\/\/www.vernicifirewall.it\/wp-content\/uploads\/2019\/03\/sicurezza-bellezza-edifici_mobile-2.jpg&#8221; bg_position=&#8221;center center&#8221; bg_repeat=&#8221;no-repeat&#8221; bg_stretch=&#8221;true&#8221; enable_3d=&#8221;true&#8221; padding_top=&#8221;0&#8243; padding_bottom=&#8221;0&#8243; sidebar=&#8221;sidebar-1&#8243;][vc_column width=&#8221;1\/6&#8243;][\/vc_column][vc_column width=&#8221;2\/3&#8243;][vc_column_text align=&#8221;center&#8221; el_class=&#8221;white rennertitle&#8221; css=&#8221;.vc_custom_1555405403654{margin-bottom: 0px !important;}&#8221;]Hay soluciones infinitas para dise\u00f1ar el mundo, con s\u00f3lo un gran imperativo: la seguridad.[\/vc_column_text][vc_column_text align=&#8221;center&#8221; el_class=&#8221;white rennerp&#8221; css=&#8221;.vc_custom_1555405536162{margin-bottom: 0px !important;}&#8221;]Los barnices ign\u00edfugos de Renner Italia nacen para salvaguardar la seguridad de los objetos y de las personas. [&hellip;]\" \/>\n<meta property=\"og:url\" content=\"https:\/\/www.vernicifirewall.it\/es\/sicurezza-e-bellezza\/\" \/>\n<meta property=\"og:site_name\" content=\"Le vernici ignifughe per il legno Firewall\" \/>\n<meta property=\"article:modified_time\" content=\"2019-04-16T09:11:12+00:00\" \/>\n<meta name=\"twitter:label1\" content=\"Est. reading time\" \/>\n\t<meta name=\"twitter:data1\" content=\"4 minutes\" \/>\n<script type=\"application\/ld+json\" class=\"yoast-schema-graph\">{\"@context\":\"https:\/\/schema.org\",\"@graph\":[{\"@type\":\"WebPage\",\"@id\":\"https:\/\/www.vernicifirewall.it\/es\/sicurezza-e-bellezza\/\",\"url\":\"https:\/\/www.vernicifirewall.it\/es\/sicurezza-e-bellezza\/\",\"name\":\"Seguridad y belleza - Le vernici ignifughe per il legno Firewall\",\"isPartOf\":{\"@id\":\"https:\/\/www.vernicifirewall.it\/#website\"},\"datePublished\":\"2019-03-12T15:53:18+00:00\",\"dateModified\":\"2019-04-16T09:11:12+00:00\",\"breadcrumb\":{\"@id\":\"https:\/\/www.vernicifirewall.it\/es\/sicurezza-e-bellezza\/#breadcrumb\"},\"inLanguage\":\"es-ES\",\"potentialAction\":[{\"@type\":\"ReadAction\",\"target\":[\"https:\/\/www.vernicifirewall.it\/es\/sicurezza-e-bellezza\/\"]}]},{\"@type\":\"BreadcrumbList\",\"@id\":\"https:\/\/www.vernicifirewall.it\/es\/sicurezza-e-bellezza\/#breadcrumb\",\"itemListElement\":[{\"@type\":\"ListItem\",\"position\":1,\"name\":\"Home\",\"item\":\"https:\/\/www.vernicifirewall.it\/es\/\"},{\"@type\":\"ListItem\",\"position\":2,\"name\":\"Seguridad y belleza\"}]},{\"@type\":\"WebSite\",\"@id\":\"https:\/\/www.vernicifirewall.it\/#website\",\"url\":\"https:\/\/www.vernicifirewall.it\/\",\"name\":\"Le vernici ignifughe per il legno Firewall\",\"description\":\"Le vernici ignifughe per il legno Firewall\",\"potentialAction\":[{\"@type\":\"SearchAction\",\"target\":{\"@type\":\"EntryPoint\",\"urlTemplate\":\"https:\/\/www.vernicifirewall.it\/?s={search_term_string}\"},\"query-input\":{\"@type\":\"PropertyValueSpecification\",\"valueRequired\":true,\"valueName\":\"search_term_string\"}}],\"inLanguage\":\"es-ES\"}]}<\/script>\n<!-- \/ Yoast SEO plugin. -->","yoast_head_json":{"title":"Seguridad y belleza - Le vernici ignifughe per il legno Firewall","robots":{"index":"index","follow":"follow","max-snippet":"max-snippet:-1","max-image-preview":"max-image-preview:large","max-video-preview":"max-video-preview:-1"},"canonical":"https:\/\/www.vernicifirewall.it\/es\/sicurezza-e-bellezza\/","og_locale":"es_ES","og_type":"article","og_title":"Seguridad y belleza - Le vernici ignifughe per il legno Firewall","og_description":"[mk_page_section bg_image=&#8221;http:\/\/www.vernicifirewall.it\/wp-content\/uploads\/2019\/03\/sicurezza-bellezza-edifici.jpg&#8221; bg_image_portrait=&#8221;http:\/\/www.vernicifirewall.it\/wp-content\/uploads\/2019\/03\/sicurezza-bellezza-edifici_mobile-2.jpg&#8221; bg_position=&#8221;center center&#8221; bg_repeat=&#8221;no-repeat&#8221; bg_stretch=&#8221;true&#8221; enable_3d=&#8221;true&#8221; padding_top=&#8221;0&#8243; padding_bottom=&#8221;0&#8243; sidebar=&#8221;sidebar-1&#8243;][vc_column width=&#8221;1\/6&#8243;][\/vc_column][vc_column width=&#8221;2\/3&#8243;][vc_column_text align=&#8221;center&#8221; el_class=&#8221;white rennertitle&#8221; css=&#8221;.vc_custom_1555405403654{margin-bottom: 0px !important;}&#8221;]Hay soluciones infinitas para dise\u00f1ar el mundo, con s\u00f3lo un gran imperativo: la seguridad.[\/vc_column_text][vc_column_text align=&#8221;center&#8221; el_class=&#8221;white rennerp&#8221; css=&#8221;.vc_custom_1555405536162{margin-bottom: 0px !important;}&#8221;]Los barnices ign\u00edfugos de Renner Italia nacen para salvaguardar la seguridad de los objetos y de las personas. [&hellip;]","og_url":"https:\/\/www.vernicifirewall.it\/es\/sicurezza-e-bellezza\/","og_site_name":"Le vernici ignifughe per il legno Firewall","article_modified_time":"2019-04-16T09:11:12+00:00","twitter_misc":{"Est. reading time":"4 minutes"},"schema":{"@context":"https:\/\/schema.org","@graph":[{"@type":"WebPage","@id":"https:\/\/www.vernicifirewall.it\/es\/sicurezza-e-bellezza\/","url":"https:\/\/www.vernicifirewall.it\/es\/sicurezza-e-bellezza\/","name":"Seguridad y belleza - Le vernici ignifughe per il legno Firewall","isPartOf":{"@id":"https:\/\/www.vernicifirewall.it\/#website"},"datePublished":"2019-03-12T15:53:18+00:00","dateModified":"2019-04-16T09:11:12+00:00","breadcrumb":{"@id":"https:\/\/www.vernicifirewall.it\/es\/sicurezza-e-bellezza\/#breadcrumb"},"inLanguage":"es-ES","potentialAction":[{"@type":"ReadAction","target":["https:\/\/www.vernicifirewall.it\/es\/sicurezza-e-bellezza\/"]}]},{"@type":"BreadcrumbList","@id":"https:\/\/www.vernicifirewall.it\/es\/sicurezza-e-bellezza\/#breadcrumb","itemListElement":[{"@type":"ListItem","position":1,"name":"Home","item":"https:\/\/www.vernicifirewall.it\/es\/"},{"@type":"ListItem","position":2,"name":"Seguridad y belleza"}]},{"@type":"WebSite","@id":"https:\/\/www.vernicifirewall.it\/#website","url":"https:\/\/www.vernicifirewall.it\/","name":"Le vernici ignifughe per il legno Firewall","description":"Le vernici ignifughe per il legno Firewall","potentialAction":[{"@type":"SearchAction","target":{"@type":"EntryPoint","urlTemplate":"https:\/\/www.vernicifirewall.it\/?s={search_term_string}"},"query-input":{"@type":"PropertyValueSpecification","valueRequired":true,"valueName":"search_term_string"}}],"inLanguage":"es-ES"}]}},"_links":{"self":[{"href":"https:\/\/www.vernicifirewall.it\/es\/wp-json\/wp\/v2\/pages\/5075","targetHints":{"allow":["GET"]}}],"collection":[{"href":"https:\/\/www.vernicifirewall.it\/es\/wp-json\/wp\/v2\/pages"}],"about":[{"href":"https:\/\/www.vernicifirewall.it\/es\/wp-json\/wp\/v2\/types\/page"}],"author":[{"embeddable":true,"href":"https:\/\/www.vernicifirewall.it\/es\/wp-json\/wp\/v2\/users\/1"}],"replies":[{"embeddable":true,"href":"https:\/\/www.vernicifirewall.it\/es\/wp-json\/wp\/v2\/comments?post=5075"}],"version-history":[{"count":6,"href":"https:\/\/www.vernicifirewall.it\/es\/wp-json\/wp\/v2\/pages\/5075\/revisions"}],"predecessor-version":[{"id":5565,"href":"https:\/\/www.vernicifirewall.it\/es\/wp-json\/wp\/v2\/pages\/5075\/revisions\/5565"}],"wp:attachment":[{"href":"https:\/\/www.vernicifirewall.it\/es\/wp-json\/wp\/v2\/media?parent=5075"}],"curies":[{"name":"wp","href":"https:\/\/api.w.org\/{rel}","templated":true}]}}