{"id":5090,"date":"2019-03-14T12:57:00","date_gmt":"2019-03-14T11:57:00","guid":{"rendered":"http:\/\/www.vernicifirewall.it\/le-vernici-ignifughe-e-le-vernici-intumescenti\/"},"modified":"2019-04-16T11:15:51","modified_gmt":"2019-04-16T09:15:51","slug":"le-vernici-ignifughe-e-le-vernici-intumescenti","status":"publish","type":"page","link":"https:\/\/www.vernicifirewall.it\/es\/le-vernici-ignifughe-e-le-vernici-intumescenti\/","title":{"rendered":"Barnices ign\u00edfugos e intumescentes"},"content":{"rendered":"[mk_page_section bg_image=&#8221;http:\/\/www.vernicifirewall.it\/wp-content\/uploads\/2019\/03\/vernici-ignifughe-intumescenti.jpg&#8221; bg_position=&#8221;left center&#8221; bg_repeat=&#8221;no-repeat&#8221; bg_stretch=&#8221;true&#8221; enable_3d=&#8221;true&#8221; padding_top=&#8221;200&#8243; padding_bottom=&#8221;200&#8243; sidebar=&#8221;sidebar-1&#8243;][vc_column width=&#8221;1\/2&#8243;][vc_column_text el_class=&#8221;white rennertitle&#8221; css=&#8221;.vc_custom_1554661791546{margin-bottom: 0px !important;}&#8221;]La limitaci\u00f3n<br \/>\nde propagaci\u00f3n<br \/>\ndel fuego[\/vc_column_text][vc_column_text el_class=&#8221;white rennerp&#8221; css=&#8221;.vc_custom_1555406056135{margin-bottom: 0px !important;}&#8221;]Los barnices ign\u00edfugos e intumescentes limitan la propagaci\u00f3n del fuego, el calor y los humos de materiales combustibles o estructurales, que hay en lugares reglamentados por las normas anti-incendios. Estos barnices se utilizan en lugares donde hay una gran cantidad de personas, como centros comerciales, instalaciones de alojamiento, escuelas o cines. Estos lugares deben emitir el Certificado de Prevenci\u00f3n de Incendios (CPI en italiano) para materiales combustibles, como muebles y elementos estructurales (por ejemplo, vigas de madera, acero u hormig\u00f3n).[\/vc_column_text][\/vc_column][vc_column width=&#8221;1\/2&#8243;][\/vc_column][\/mk_page_section][mk_page_section bg_image_portrait=&#8221;http:\/\/www.vernicifirewall.it\/wp-content\/uploads\/2019\/03\/vernici-intumescenti.jpg&#8221; bg_position=&#8221;right center&#8221; bg_repeat=&#8221;no-repeat&#8221; bg_stretch=&#8221;true&#8221; enable_3d=&#8221;true&#8221; bg_video=&#8221;yes&#8221; mp4=&#8221;http:\/\/www.renneritalia.com\/wp-content\/uploads\/video\/shutterstock_v2154200.mp4&#8243; webm=&#8221;http:\/\/www.renneritalia.com\/wp-content\/uploads\/video\/shutterstock_v2154200.webm&#8221; ogv=&#8221;http:\/\/www.renneritalia.com\/wp-content\/uploads\/video\/shutterstock_v2154200.ogv&#8221; poster_image=&#8221;http:\/\/www.vernicifirewall.it\/wp-content\/uploads\/2019\/03\/vernici-intumescenti.jpg&#8221; padding_top=&#8221;200&#8243; padding_bottom=&#8221;200&#8243; sidebar=&#8221;sidebar-1&#8243;][vc_column width=&#8221;1\/2&#8243;][\/vc_column][vc_column width=&#8221;1\/2&#8243;][vc_column_text el_class=&#8221;white rennertitle&#8221; css=&#8221;.vc_custom_1554661884956{margin-bottom: 0px !important;}&#8221;]La diferencia<br \/>\nentre barnices ign\u00edfugos<br \/>\ne intumescentes[\/vc_column_text][vc_column_text el_class=&#8221;white rennerp&#8221; css=&#8221;.vc_custom_1555406107303{margin-bottom: 0px !important;}&#8221;]La diferencia entre los barnices ign\u00edfugos y los barnices intumescentes es su composici\u00f3n qu\u00edmica. Los primeros contienen aditivos ign\u00edfugos o anti-llama (del lat\u00edn <em>ignis<\/em>, fuego y <em>fugo<\/em>, &#8220;que deja escapar&#8221;); los \u00faltimos est\u00e1n compuestos con aditivos intumescentes (del lat\u00edn<em> intumescens<\/em>, participio presente de <em>intum\u011bscere<\/em>, o &#8220;hincharse&#8221;).<\/p>\n<p>En el caso de temperaturas entre 200\u00b0C y 300\u00b0C, los aditivos ign\u00edfugos liberan sustancias, inhibiendo el ox\u00edgeno: desarrollan di\u00f3xido de carbono o crean vapor de agua, lo que disminuye la temperatura de la combusti\u00f3n. Entre 300\u00b0C y 400\u00b0C, los barnices resistentes al fuego inician el proceso de cristalizaci\u00f3n. Esencialmente, una capa vitrificada no inflamable crea una barrera para la madera.[\/vc_column_text][\/vc_column][\/mk_page_section][mk_page_section bg_image=&#8221;http:\/\/www.vernicifirewall.it\/wp-content\/uploads\/2019\/03\/vernici-ignifughe.jpg&#8221; bg_image_portrait=&#8221;http:\/\/www.vernicifirewall.it\/wp-content\/uploads\/2019\/03\/bk_cicli_mobile.jpg&#8221; bg_position=&#8221;left center&#8221; bg_repeat=&#8221;no-repeat&#8221; bg_stretch=&#8221;true&#8221; enable_3d=&#8221;true&#8221; padding_top=&#8221;200&#8243; padding_bottom=&#8221;200&#8243; sidebar=&#8221;sidebar-1&#8243;][vc_column width=&#8221;1\/2&#8243;][vc_column_text el_class=&#8221;white rennertitle&#8221; css=&#8221;.vc_custom_1554661908348{margin-bottom: 0px !important;}&#8221;]Barrera de protecci\u00f3n<br \/>\ny aislamiento[\/vc_column_text][vc_column_text el_class=&#8221;white rennerp&#8221; css=&#8221;.vc_custom_1555406138172{margin-bottom: 0px !important;}&#8221;]Los aditivos intumescentes reaccionan a una temperatura de 200\u00b0C, hinchando la pel\u00edcula del barniz. De esta manera, crean una barrera protectora y aislante, lo que retrasa tanto la combusti\u00f3n como el aumento de la temperatura. Normalmente, los aditivos ign\u00edfugos se utilizan en ciclos aplicados sobre muebles. Mientras que los aditivos intumescentes m\u00e1s reactivos, que no son muy transparentes, se utilizan en pinturas, que se utilizan para pintar estructuras portantes.<br \/>\nPor lo tanto, un barniz ign\u00edfugo, certificado en Clase 1 de Reacci\u00f3n al Fuego, contendr\u00e1 aditivos retardantes de llama y tendr\u00e1 un mejor desempe\u00f1o con respecto a la resistencia qu\u00edmica y la resistencia a la abrasi\u00f3n, mientras que un barniz intumescente, certificado en Clase de Resistencia al Fuego ser\u00e1 m\u00e1s sensible a la humedad y al estr\u00e9s.[\/vc_column_text][\/vc_column][vc_column width=&#8221;1\/2&#8243;][\/vc_column][\/mk_page_section][mk_page_section bg_image=&#8221;http:\/\/www.vernicifirewall.it\/wp-content\/uploads\/2019\/03\/smoke-1.jpg&#8221; bg_position=&#8221;center top&#8221; bg_repeat=&#8221;no-repeat&#8221; bg_stretch=&#8221;true&#8221; enable_3d=&#8221;true&#8221; padding_top=&#8221;100&#8243; padding_bottom=&#8221;200&#8243; sidebar=&#8221;sidebar-1&#8243;][vc_column width=&#8221;1\/6&#8243;][\/vc_column][vc_column width=&#8221;2\/3&#8243;][vc_video host=&#8221;self_hosted&#8221; mp4=&#8221;http:\/\/vernicifirewall.it\/wp-content\/uploads\/video\/BASSI_IT.mp4&#8243; poster_image=&#8221;http:\/\/vernicifirewall.it\/wp-content\/uploads\/video\/intervista-bassi.jpg&#8221; custom_thumbnail=&#8221;true&#8221; thumbnail_image=&#8221;4302&#8243;][mk_padding_divider][\/vc_column][vc_column width=&#8221;1\/6&#8243;][\/vc_column][\/mk_page_section]\n","protected":false},"excerpt":{"rendered":"<p>[mk_page_section bg_image=&#8221;http:\/\/www.vernicifirewall.it\/wp-content\/uploads\/2019\/03\/vernici-ignifughe-intumescenti.jpg&#8221; bg_position=&#8221;left center&#8221; bg_repeat=&#8221;no-repeat&#8221; bg_stretch=&#8221;true&#8221; enable_3d=&#8221;true&#8221; padding_top=&#8221;200&#8243; padding_bottom=&#8221;200&#8243; sidebar=&#8221;sidebar-1&#8243;][vc_column width=&#8221;1\/2&#8243;][vc_column_text el_class=&#8221;white rennertitle&#8221; css=&#8221;.vc_custom_1554661791546{margin-bottom: 0px !important;}&#8221;]La limitaci\u00f3n de propagaci\u00f3n del fuego[\/vc_column_text][vc_column_text el_class=&#8221;white rennerp&#8221; css=&#8221;.vc_custom_1555406056135{margin-bottom: 0px !important;}&#8221;]Los barnices ign\u00edfugos e intumescentes limitan la propagaci\u00f3n del fuego, el calor y los humos de materiales combustibles o estructurales, que hay en lugares reglamentados por las normas anti-incendios. Estos [&hellip;]<\/p>\n","protected":false},"author":1,"featured_media":0,"parent":0,"menu_order":0,"comment_status":"closed","ping_status":"closed","template":"","meta":{"footnotes":""},"class_list":["post-5090","page","type-page","status-publish","hentry"],"yoast_head":"<!-- This site is optimized with the Yoast SEO plugin v27.0 - https:\/\/yoast.com\/product\/yoast-seo-wordpress\/ -->\n<title>Barnices ign\u00edfugos e intumescentes - Le vernici ignifughe per il legno Firewall<\/title>\n<meta name=\"robots\" content=\"index, follow, max-snippet:-1, max-image-preview:large, max-video-preview:-1\" \/>\n<link rel=\"canonical\" href=\"https:\/\/www.vernicifirewall.it\/es\/le-vernici-ignifughe-e-le-vernici-intumescenti\/\" \/>\n<meta property=\"og:locale\" content=\"es_ES\" \/>\n<meta property=\"og:type\" content=\"article\" \/>\n<meta property=\"og:title\" content=\"Barnices ign\u00edfugos e intumescentes - Le vernici ignifughe per il legno Firewall\" \/>\n<meta property=\"og:description\" content=\"[mk_page_section bg_image=&#8221;http:\/\/www.vernicifirewall.it\/wp-content\/uploads\/2019\/03\/vernici-ignifughe-intumescenti.jpg&#8221; bg_position=&#8221;left center&#8221; bg_repeat=&#8221;no-repeat&#8221; bg_stretch=&#8221;true&#8221; enable_3d=&#8221;true&#8221; padding_top=&#8221;200&#8243; padding_bottom=&#8221;200&#8243; sidebar=&#8221;sidebar-1&#8243;][vc_column width=&#8221;1\/2&#8243;][vc_column_text el_class=&#8221;white rennertitle&#8221; css=&#8221;.vc_custom_1554661791546{margin-bottom: 0px !important;}&#8221;]La limitaci\u00f3n de propagaci\u00f3n del fuego[\/vc_column_text][vc_column_text el_class=&#8221;white rennerp&#8221; css=&#8221;.vc_custom_1555406056135{margin-bottom: 0px !important;}&#8221;]Los barnices ign\u00edfugos e intumescentes limitan la propagaci\u00f3n del fuego, el calor y los humos de materiales combustibles o estructurales, que hay en lugares reglamentados por las normas anti-incendios. Estos [&hellip;]\" \/>\n<meta property=\"og:url\" content=\"https:\/\/www.vernicifirewall.it\/es\/le-vernici-ignifughe-e-le-vernici-intumescenti\/\" \/>\n<meta property=\"og:site_name\" content=\"Le vernici ignifughe per il legno Firewall\" \/>\n<meta property=\"article:modified_time\" content=\"2019-04-16T09:15:51+00:00\" \/>\n<meta name=\"twitter:label1\" content=\"Est. reading time\" \/>\n\t<meta name=\"twitter:data1\" content=\"4 minutes\" \/>\n<script type=\"application\/ld+json\" class=\"yoast-schema-graph\">{\"@context\":\"https:\/\/schema.org\",\"@graph\":[{\"@type\":\"WebPage\",\"@id\":\"https:\/\/www.vernicifirewall.it\/es\/le-vernici-ignifughe-e-le-vernici-intumescenti\/\",\"url\":\"https:\/\/www.vernicifirewall.it\/es\/le-vernici-ignifughe-e-le-vernici-intumescenti\/\",\"name\":\"Barnices ign\u00edfugos e intumescentes - Le vernici ignifughe per il legno Firewall\",\"isPartOf\":{\"@id\":\"https:\/\/www.vernicifirewall.it\/#website\"},\"datePublished\":\"2019-03-14T11:57:00+00:00\",\"dateModified\":\"2019-04-16T09:15:51+00:00\",\"breadcrumb\":{\"@id\":\"https:\/\/www.vernicifirewall.it\/es\/le-vernici-ignifughe-e-le-vernici-intumescenti\/#breadcrumb\"},\"inLanguage\":\"es-ES\",\"potentialAction\":[{\"@type\":\"ReadAction\",\"target\":[\"https:\/\/www.vernicifirewall.it\/es\/le-vernici-ignifughe-e-le-vernici-intumescenti\/\"]}]},{\"@type\":\"BreadcrumbList\",\"@id\":\"https:\/\/www.vernicifirewall.it\/es\/le-vernici-ignifughe-e-le-vernici-intumescenti\/#breadcrumb\",\"itemListElement\":[{\"@type\":\"ListItem\",\"position\":1,\"name\":\"Home\",\"item\":\"https:\/\/www.vernicifirewall.it\/es\/\"},{\"@type\":\"ListItem\",\"position\":2,\"name\":\"Barnices ign\u00edfugos e intumescentes\"}]},{\"@type\":\"WebSite\",\"@id\":\"https:\/\/www.vernicifirewall.it\/#website\",\"url\":\"https:\/\/www.vernicifirewall.it\/\",\"name\":\"Le vernici ignifughe per il legno Firewall\",\"description\":\"Le vernici ignifughe per il legno Firewall\",\"potentialAction\":[{\"@type\":\"SearchAction\",\"target\":{\"@type\":\"EntryPoint\",\"urlTemplate\":\"https:\/\/www.vernicifirewall.it\/?s={search_term_string}\"},\"query-input\":{\"@type\":\"PropertyValueSpecification\",\"valueRequired\":true,\"valueName\":\"search_term_string\"}}],\"inLanguage\":\"es-ES\"}]}<\/script>\n<!-- \/ Yoast SEO plugin. -->","yoast_head_json":{"title":"Barnices ign\u00edfugos e intumescentes - Le vernici ignifughe per il legno Firewall","robots":{"index":"index","follow":"follow","max-snippet":"max-snippet:-1","max-image-preview":"max-image-preview:large","max-video-preview":"max-video-preview:-1"},"canonical":"https:\/\/www.vernicifirewall.it\/es\/le-vernici-ignifughe-e-le-vernici-intumescenti\/","og_locale":"es_ES","og_type":"article","og_title":"Barnices ign\u00edfugos e intumescentes - Le vernici ignifughe per il legno Firewall","og_description":"[mk_page_section bg_image=&#8221;http:\/\/www.vernicifirewall.it\/wp-content\/uploads\/2019\/03\/vernici-ignifughe-intumescenti.jpg&#8221; bg_position=&#8221;left center&#8221; bg_repeat=&#8221;no-repeat&#8221; bg_stretch=&#8221;true&#8221; enable_3d=&#8221;true&#8221; padding_top=&#8221;200&#8243; padding_bottom=&#8221;200&#8243; sidebar=&#8221;sidebar-1&#8243;][vc_column width=&#8221;1\/2&#8243;][vc_column_text el_class=&#8221;white rennertitle&#8221; css=&#8221;.vc_custom_1554661791546{margin-bottom: 0px !important;}&#8221;]La limitaci\u00f3n de propagaci\u00f3n del fuego[\/vc_column_text][vc_column_text el_class=&#8221;white rennerp&#8221; css=&#8221;.vc_custom_1555406056135{margin-bottom: 0px !important;}&#8221;]Los barnices ign\u00edfugos e intumescentes limitan la propagaci\u00f3n del fuego, el calor y los humos de materiales combustibles o estructurales, que hay en lugares reglamentados por las normas anti-incendios. Estos [&hellip;]","og_url":"https:\/\/www.vernicifirewall.it\/es\/le-vernici-ignifughe-e-le-vernici-intumescenti\/","og_site_name":"Le vernici ignifughe per il legno Firewall","article_modified_time":"2019-04-16T09:15:51+00:00","twitter_misc":{"Est. reading time":"4 minutes"},"schema":{"@context":"https:\/\/schema.org","@graph":[{"@type":"WebPage","@id":"https:\/\/www.vernicifirewall.it\/es\/le-vernici-ignifughe-e-le-vernici-intumescenti\/","url":"https:\/\/www.vernicifirewall.it\/es\/le-vernici-ignifughe-e-le-vernici-intumescenti\/","name":"Barnices ign\u00edfugos e intumescentes - Le vernici ignifughe per il legno Firewall","isPartOf":{"@id":"https:\/\/www.vernicifirewall.it\/#website"},"datePublished":"2019-03-14T11:57:00+00:00","dateModified":"2019-04-16T09:15:51+00:00","breadcrumb":{"@id":"https:\/\/www.vernicifirewall.it\/es\/le-vernici-ignifughe-e-le-vernici-intumescenti\/#breadcrumb"},"inLanguage":"es-ES","potentialAction":[{"@type":"ReadAction","target":["https:\/\/www.vernicifirewall.it\/es\/le-vernici-ignifughe-e-le-vernici-intumescenti\/"]}]},{"@type":"BreadcrumbList","@id":"https:\/\/www.vernicifirewall.it\/es\/le-vernici-ignifughe-e-le-vernici-intumescenti\/#breadcrumb","itemListElement":[{"@type":"ListItem","position":1,"name":"Home","item":"https:\/\/www.vernicifirewall.it\/es\/"},{"@type":"ListItem","position":2,"name":"Barnices ign\u00edfugos e intumescentes"}]},{"@type":"WebSite","@id":"https:\/\/www.vernicifirewall.it\/#website","url":"https:\/\/www.vernicifirewall.it\/","name":"Le vernici ignifughe per il legno Firewall","description":"Le vernici ignifughe per il legno Firewall","potentialAction":[{"@type":"SearchAction","target":{"@type":"EntryPoint","urlTemplate":"https:\/\/www.vernicifirewall.it\/?s={search_term_string}"},"query-input":{"@type":"PropertyValueSpecification","valueRequired":true,"valueName":"search_term_string"}}],"inLanguage":"es-ES"}]}},"_links":{"self":[{"href":"https:\/\/www.vernicifirewall.it\/es\/wp-json\/wp\/v2\/pages\/5090","targetHints":{"allow":["GET"]}}],"collection":[{"href":"https:\/\/www.vernicifirewall.it\/es\/wp-json\/wp\/v2\/pages"}],"about":[{"href":"https:\/\/www.vernicifirewall.it\/es\/wp-json\/wp\/v2\/types\/page"}],"author":[{"embeddable":true,"href":"https:\/\/www.vernicifirewall.it\/es\/wp-json\/wp\/v2\/users\/1"}],"replies":[{"embeddable":true,"href":"https:\/\/www.vernicifirewall.it\/es\/wp-json\/wp\/v2\/comments?post=5090"}],"version-history":[{"count":3,"href":"https:\/\/www.vernicifirewall.it\/es\/wp-json\/wp\/v2\/pages\/5090\/revisions"}],"predecessor-version":[{"id":5566,"href":"https:\/\/www.vernicifirewall.it\/es\/wp-json\/wp\/v2\/pages\/5090\/revisions\/5566"}],"wp:attachment":[{"href":"https:\/\/www.vernicifirewall.it\/es\/wp-json\/wp\/v2\/media?parent=5090"}],"curies":[{"name":"wp","href":"https:\/\/api.w.org\/{rel}","templated":true}]}}