{"id":5120,"date":"2019-03-12T17:54:35","date_gmt":"2019-03-12T16:54:35","guid":{"rendered":"http:\/\/www.vernicifirewall.it\/inibitori-di-fumi\/"},"modified":"2019-04-16T11:41:13","modified_gmt":"2019-04-16T09:41:13","slug":"inibitori-di-fumi","status":"publish","type":"page","link":"https:\/\/www.vernicifirewall.it\/es\/inibitori-di-fumi\/","title":{"rendered":"Inhibidores de humos"},"content":{"rendered":"[mk_page_section bg_image=&#8221;http:\/\/www.vernicifirewall.it\/wp-content\/uploads\/2019\/03\/smoke.jpg&#8221; bg_position=&#8221;left center&#8221; bg_repeat=&#8221;no-repeat&#8221; bg_stretch=&#8221;true&#8221; enable_3d=&#8221;true&#8221; padding_top=&#8221;200&#8243; padding_bottom=&#8221;200&#8243; sidebar=&#8221;sidebar-1&#8243;][vc_column width=&#8221;1\/2&#8243;][vc_column_text el_class=&#8221;white rennertitle&#8221; css=&#8221;.vc_custom_1554707573764{margin-bottom: 0px !important;}&#8221;]Los barnices ign\u00edfugos<br \/>\nreducen la toxicidad<br \/>\nde los humos[\/vc_column_text][vc_column_text el_class=&#8221;white rennerp&#8221; css=&#8221;.vc_custom_1555407499820{margin-bottom: 0px !important;}&#8221;]Los barnices ign\u00edfugos Firewall crean una barrera que limita la combusti\u00f3n del soporte. \u00bfC\u00f3mo se comportan los aditivos dentro de las f\u00f3rmulas contra una fuente de calor intenso? Desencadenan procesos qu\u00edmicos para liberar agua, lo que reduce la temperatura del producto. Al mismo tiempo, estas pinturas eliminan el ox\u00edgeno de las llamas, produciendo di\u00f3xido de carbono.<\/p>\n<p>En algunos casos crean una barrera vitrificada. En otros, la pel\u00edcula de pintura se hincha considerablemente (intumescencia), produciendo una espuma compacta.<br \/>\nLa tarea de las cargas ign\u00edfugas es la de interrumpir el ciclo de combusti\u00f3n autoalimentado, reduciendo la velocidad de las reacciones qu\u00edmicas y\/o f\u00edsicas que tienen lugar en uno o m\u00e1s de sus pasos. El \u00faltimo efecto de un agente de desaceleraci\u00f3n de la llama, independientemente de su mecanismo de acci\u00f3n, es lo de reducir la velocidad de transferencia de calor al pol\u00edmero por debajo del valor m\u00ednimo requerido para el autoabastecimiento de la combusti\u00f3n.[\/vc_column_text][\/vc_column][vc_column width=&#8221;1\/2&#8243;][\/vc_column][\/mk_page_section][mk_page_section bg_image=&#8221;http:\/\/www.vernicifirewall.it\/wp-content\/uploads\/2019\/03\/smoke_bn-1.jpg&#8221; bg_position=&#8221;left center&#8221; bg_repeat=&#8221;no-repeat&#8221; bg_stretch=&#8221;true&#8221; enable_3d=&#8221;true&#8221; padding_top=&#8221;350&#8243; padding_bottom=&#8221;0&#8243; sidebar=&#8221;sidebar-1&#8243;][vc_column width=&#8221;1\/6&#8243;][\/vc_column][vc_column width=&#8221;2\/3&#8243;][vc_column_text align=&#8221;center&#8221; el_class=&#8221;black rennertitle&#8221; css=&#8221;.vc_custom_1554707593915{margin-bottom: 0px !important;}&#8221;]Los inhibidores<br \/>\nde llamas[\/vc_column_text][vc_column_text align=&#8221;center&#8221; el_class=&#8221;black rennerp&#8221; css=&#8221;.vc_custom_1555407668846{margin-bottom: 0px !important;}&#8221;]El problema surge cuando estos aditivos anti-incendio eficientes inician el proceso de inhibici\u00f3n de la llama y combusti\u00f3n mediante la liberaci\u00f3n de sustancias t\u00f3xicas. Los mejores productos anti-llamas son los mayores productores de gases t\u00f3xicos y corrosivos. Sabemos con certeza que la mayor\u00eda de las v\u00edctimas de incendios son debidas a los humos m\u00e1s que al fuego (entre 55 y 75%).<\/p>\n<p>Desafortunadamente, pocas normas prev\u00e9n el an\u00e1lisis de la toxicidad del humo, algunas pruebas solo eval\u00faan la cantidad de humos emitidos, o su opacidad.<br \/>\nTodos los sistemas resistentes al fuego de Firewall han excluido de sus f\u00f3rmulas todas las sustancias a base de hal\u00f3genos, limitando las cargas de fosfato y utilizando principalmente cargas a base de nitr\u00f3geno.[\/vc_column_text][\/vc_column][vc_column width=&#8221;1\/6&#8243;][\/vc_column][\/mk_page_section][mk_page_section bg_image=&#8221;http:\/\/www.vernicifirewall.it\/wp-content\/uploads\/2019\/03\/smoke_bottom.jpg&#8221; bg_position=&#8221;center bottom&#8221; bg_repeat=&#8221;no-repeat&#8221; bg_stretch=&#8221;true&#8221; enable_3d=&#8221;true&#8221; padding_top=&#8221;100&#8243; padding_bottom=&#8221;200&#8243; sidebar=&#8221;sidebar-1&#8243;][vc_column width=&#8221;1\/6&#8243;][\/vc_column][vc_column width=&#8221;2\/3&#8243;][vc_video host=&#8221;self_hosted&#8221; mp4=&#8221;http:\/\/vernicifirewall.it\/wp-content\/uploads\/video\/BASSI_IT.mp4&#8243; custom_thumbnail=&#8221;true&#8221; thumbnail_image=&#8221;4302&#8243;][mk_padding_divider][\/vc_column][vc_column width=&#8221;1\/6&#8243;][\/vc_column][\/mk_page_section]\n","protected":false},"excerpt":{"rendered":"<p>[mk_page_section bg_image=&#8221;http:\/\/www.vernicifirewall.it\/wp-content\/uploads\/2019\/03\/smoke.jpg&#8221; bg_position=&#8221;left center&#8221; bg_repeat=&#8221;no-repeat&#8221; bg_stretch=&#8221;true&#8221; enable_3d=&#8221;true&#8221; padding_top=&#8221;200&#8243; padding_bottom=&#8221;200&#8243; sidebar=&#8221;sidebar-1&#8243;][vc_column width=&#8221;1\/2&#8243;][vc_column_text el_class=&#8221;white rennertitle&#8221; css=&#8221;.vc_custom_1554707573764{margin-bottom: 0px !important;}&#8221;]Los barnices ign\u00edfugos reducen la toxicidad de los humos[\/vc_column_text][vc_column_text el_class=&#8221;white rennerp&#8221; css=&#8221;.vc_custom_1555407499820{margin-bottom: 0px !important;}&#8221;]Los barnices ign\u00edfugos Firewall crean una barrera que limita la combusti\u00f3n del soporte. \u00bfC\u00f3mo se comportan los aditivos dentro de las f\u00f3rmulas contra una fuente de calor [&hellip;]<\/p>\n","protected":false},"author":1,"featured_media":0,"parent":0,"menu_order":0,"comment_status":"closed","ping_status":"closed","template":"","meta":{"footnotes":""},"class_list":["post-5120","page","type-page","status-publish","hentry"],"yoast_head":"<!-- This site is optimized with the Yoast SEO plugin v27.0 - https:\/\/yoast.com\/product\/yoast-seo-wordpress\/ -->\n<title>Inhibidores de humos - Le vernici ignifughe per il legno Firewall<\/title>\n<meta name=\"robots\" content=\"index, follow, max-snippet:-1, max-image-preview:large, max-video-preview:-1\" \/>\n<link rel=\"canonical\" href=\"https:\/\/www.vernicifirewall.it\/es\/inibitori-di-fumi\/\" \/>\n<meta property=\"og:locale\" content=\"es_ES\" \/>\n<meta property=\"og:type\" content=\"article\" \/>\n<meta property=\"og:title\" content=\"Inhibidores de humos - Le vernici ignifughe per il legno Firewall\" \/>\n<meta property=\"og:description\" content=\"[mk_page_section bg_image=&#8221;http:\/\/www.vernicifirewall.it\/wp-content\/uploads\/2019\/03\/smoke.jpg&#8221; bg_position=&#8221;left center&#8221; bg_repeat=&#8221;no-repeat&#8221; bg_stretch=&#8221;true&#8221; enable_3d=&#8221;true&#8221; padding_top=&#8221;200&#8243; padding_bottom=&#8221;200&#8243; sidebar=&#8221;sidebar-1&#8243;][vc_column width=&#8221;1\/2&#8243;][vc_column_text el_class=&#8221;white rennertitle&#8221; css=&#8221;.vc_custom_1554707573764{margin-bottom: 0px !important;}&#8221;]Los barnices ign\u00edfugos reducen la toxicidad de los humos[\/vc_column_text][vc_column_text el_class=&#8221;white rennerp&#8221; css=&#8221;.vc_custom_1555407499820{margin-bottom: 0px !important;}&#8221;]Los barnices ign\u00edfugos Firewall crean una barrera que limita la combusti\u00f3n del soporte. \u00bfC\u00f3mo se comportan los aditivos dentro de las f\u00f3rmulas contra una fuente de calor [&hellip;]\" \/>\n<meta property=\"og:url\" content=\"https:\/\/www.vernicifirewall.it\/es\/inibitori-di-fumi\/\" \/>\n<meta property=\"og:site_name\" content=\"Le vernici ignifughe per il legno Firewall\" \/>\n<meta property=\"article:modified_time\" content=\"2019-04-16T09:41:13+00:00\" \/>\n<meta name=\"twitter:label1\" content=\"Est. reading time\" \/>\n\t<meta name=\"twitter:data1\" content=\"3 minutes\" \/>\n<script type=\"application\/ld+json\" class=\"yoast-schema-graph\">{\"@context\":\"https:\/\/schema.org\",\"@graph\":[{\"@type\":\"WebPage\",\"@id\":\"https:\/\/www.vernicifirewall.it\/es\/inibitori-di-fumi\/\",\"url\":\"https:\/\/www.vernicifirewall.it\/es\/inibitori-di-fumi\/\",\"name\":\"Inhibidores de humos - Le vernici ignifughe per il legno Firewall\",\"isPartOf\":{\"@id\":\"https:\/\/www.vernicifirewall.it\/#website\"},\"datePublished\":\"2019-03-12T16:54:35+00:00\",\"dateModified\":\"2019-04-16T09:41:13+00:00\",\"breadcrumb\":{\"@id\":\"https:\/\/www.vernicifirewall.it\/es\/inibitori-di-fumi\/#breadcrumb\"},\"inLanguage\":\"es-ES\",\"potentialAction\":[{\"@type\":\"ReadAction\",\"target\":[\"https:\/\/www.vernicifirewall.it\/es\/inibitori-di-fumi\/\"]}]},{\"@type\":\"BreadcrumbList\",\"@id\":\"https:\/\/www.vernicifirewall.it\/es\/inibitori-di-fumi\/#breadcrumb\",\"itemListElement\":[{\"@type\":\"ListItem\",\"position\":1,\"name\":\"Home\",\"item\":\"https:\/\/www.vernicifirewall.it\/es\/\"},{\"@type\":\"ListItem\",\"position\":2,\"name\":\"Inhibidores de humos\"}]},{\"@type\":\"WebSite\",\"@id\":\"https:\/\/www.vernicifirewall.it\/#website\",\"url\":\"https:\/\/www.vernicifirewall.it\/\",\"name\":\"Le vernici ignifughe per il legno Firewall\",\"description\":\"Le vernici ignifughe per il legno Firewall\",\"potentialAction\":[{\"@type\":\"SearchAction\",\"target\":{\"@type\":\"EntryPoint\",\"urlTemplate\":\"https:\/\/www.vernicifirewall.it\/?s={search_term_string}\"},\"query-input\":{\"@type\":\"PropertyValueSpecification\",\"valueRequired\":true,\"valueName\":\"search_term_string\"}}],\"inLanguage\":\"es-ES\"}]}<\/script>\n<!-- \/ Yoast SEO plugin. -->","yoast_head_json":{"title":"Inhibidores de humos - Le vernici ignifughe per il legno Firewall","robots":{"index":"index","follow":"follow","max-snippet":"max-snippet:-1","max-image-preview":"max-image-preview:large","max-video-preview":"max-video-preview:-1"},"canonical":"https:\/\/www.vernicifirewall.it\/es\/inibitori-di-fumi\/","og_locale":"es_ES","og_type":"article","og_title":"Inhibidores de humos - Le vernici ignifughe per il legno Firewall","og_description":"[mk_page_section bg_image=&#8221;http:\/\/www.vernicifirewall.it\/wp-content\/uploads\/2019\/03\/smoke.jpg&#8221; bg_position=&#8221;left center&#8221; bg_repeat=&#8221;no-repeat&#8221; bg_stretch=&#8221;true&#8221; enable_3d=&#8221;true&#8221; padding_top=&#8221;200&#8243; padding_bottom=&#8221;200&#8243; sidebar=&#8221;sidebar-1&#8243;][vc_column width=&#8221;1\/2&#8243;][vc_column_text el_class=&#8221;white rennertitle&#8221; css=&#8221;.vc_custom_1554707573764{margin-bottom: 0px !important;}&#8221;]Los barnices ign\u00edfugos reducen la toxicidad de los humos[\/vc_column_text][vc_column_text el_class=&#8221;white rennerp&#8221; css=&#8221;.vc_custom_1555407499820{margin-bottom: 0px !important;}&#8221;]Los barnices ign\u00edfugos Firewall crean una barrera que limita la combusti\u00f3n del soporte. \u00bfC\u00f3mo se comportan los aditivos dentro de las f\u00f3rmulas contra una fuente de calor [&hellip;]","og_url":"https:\/\/www.vernicifirewall.it\/es\/inibitori-di-fumi\/","og_site_name":"Le vernici ignifughe per il legno Firewall","article_modified_time":"2019-04-16T09:41:13+00:00","twitter_misc":{"Est. reading time":"3 minutes"},"schema":{"@context":"https:\/\/schema.org","@graph":[{"@type":"WebPage","@id":"https:\/\/www.vernicifirewall.it\/es\/inibitori-di-fumi\/","url":"https:\/\/www.vernicifirewall.it\/es\/inibitori-di-fumi\/","name":"Inhibidores de humos - Le vernici ignifughe per il legno Firewall","isPartOf":{"@id":"https:\/\/www.vernicifirewall.it\/#website"},"datePublished":"2019-03-12T16:54:35+00:00","dateModified":"2019-04-16T09:41:13+00:00","breadcrumb":{"@id":"https:\/\/www.vernicifirewall.it\/es\/inibitori-di-fumi\/#breadcrumb"},"inLanguage":"es-ES","potentialAction":[{"@type":"ReadAction","target":["https:\/\/www.vernicifirewall.it\/es\/inibitori-di-fumi\/"]}]},{"@type":"BreadcrumbList","@id":"https:\/\/www.vernicifirewall.it\/es\/inibitori-di-fumi\/#breadcrumb","itemListElement":[{"@type":"ListItem","position":1,"name":"Home","item":"https:\/\/www.vernicifirewall.it\/es\/"},{"@type":"ListItem","position":2,"name":"Inhibidores de humos"}]},{"@type":"WebSite","@id":"https:\/\/www.vernicifirewall.it\/#website","url":"https:\/\/www.vernicifirewall.it\/","name":"Le vernici ignifughe per il legno Firewall","description":"Le vernici ignifughe per il legno Firewall","potentialAction":[{"@type":"SearchAction","target":{"@type":"EntryPoint","urlTemplate":"https:\/\/www.vernicifirewall.it\/?s={search_term_string}"},"query-input":{"@type":"PropertyValueSpecification","valueRequired":true,"valueName":"search_term_string"}}],"inLanguage":"es-ES"}]}},"_links":{"self":[{"href":"https:\/\/www.vernicifirewall.it\/es\/wp-json\/wp\/v2\/pages\/5120","targetHints":{"allow":["GET"]}}],"collection":[{"href":"https:\/\/www.vernicifirewall.it\/es\/wp-json\/wp\/v2\/pages"}],"about":[{"href":"https:\/\/www.vernicifirewall.it\/es\/wp-json\/wp\/v2\/types\/page"}],"author":[{"embeddable":true,"href":"https:\/\/www.vernicifirewall.it\/es\/wp-json\/wp\/v2\/users\/1"}],"replies":[{"embeddable":true,"href":"https:\/\/www.vernicifirewall.it\/es\/wp-json\/wp\/v2\/comments?post=5120"}],"version-history":[{"count":5,"href":"https:\/\/www.vernicifirewall.it\/es\/wp-json\/wp\/v2\/pages\/5120\/revisions"}],"predecessor-version":[{"id":5572,"href":"https:\/\/www.vernicifirewall.it\/es\/wp-json\/wp\/v2\/pages\/5120\/revisions\/5572"}],"wp:attachment":[{"href":"https:\/\/www.vernicifirewall.it\/es\/wp-json\/wp\/v2\/media?parent=5120"}],"curies":[{"name":"wp","href":"https:\/\/api.w.org\/{rel}","templated":true}]}}