{"id":5148,"date":"2019-03-13T10:43:11","date_gmt":"2019-03-13T09:43:11","guid":{"rendered":"http:\/\/www.vernicifirewall.it\/reazione-al-fuoco\/"},"modified":"2019-04-16T12:32:19","modified_gmt":"2019-04-16T10:32:19","slug":"reazione-al-fuoco","status":"publish","type":"page","link":"https:\/\/www.vernicifirewall.it\/es\/reazione-al-fuoco\/","title":{"rendered":"Reacci\u00f3n al Fuego"},"content":{"rendered":"<div class=\"wpb-content-wrapper\">[mk_page_section bg_image=&#8221;http:\/\/www.vernicifirewall.it\/wp-content\/uploads\/2019\/03\/normative-italia-1.jpg&#8221; bg_image_portrait=&#8221;http:\/\/www.vernicifirewall.it\/wp-content\/uploads\/2019\/03\/normative-italia_mobile.jpg&#8221; bg_position=&#8221;left center&#8221; bg_repeat=&#8221;no-repeat&#8221; bg_stretch=&#8221;true&#8221; enable_3d=&#8221;true&#8221; padding_top=&#8221;0&#8243; padding_bottom=&#8221;0&#8243; sidebar=&#8221;sidebar-1&#8243;][vc_column]<div class=\"ult-spacer spacer-69dea4b487de1\" data-id=\"69dea4b487de1\" data-height=\"200\" data-height-mobile=\"50\" data-height-tab=\"200\" data-height-tab-portrait=\"200\" data-height-mobile-landscape=\"50\" style=\"clear:both;display:block;\"><\/div>[vc_row_inner][vc_column_inner width=&#8221;5\/12&#8243;][vc_column_text el_class=&#8221;white rennertitle&#8221; css=&#8221;.vc_custom_1554712905130{margin-bottom: 0px !important;}&#8221;]Reacci\u00f3n<br \/>\nal Fuego<br \/>\nen Italia[\/vc_column_text][vc_column_text el_class=&#8221;white rennerp&#8221; css=&#8221;.vc_custom_1554712912346{margin-bottom: 0px !important;}&#8221;]Las normas ign\u00edfugas, que en Italia regulan los dispositivos de protecci\u00f3n pasivos de Reacci\u00f3n al Fuego, se refieren al DM 26\/06\/84 y al siguiente DM 03\/09\/01 \u201cClasificaci\u00f3n de reacci\u00f3n al fuego y certificaci\u00f3n de materiales para prevenir incendios\u201d y espec\u00edficamente para maderas DM 06\/03\/92 \u201cNormas t\u00e9cnicas y procedimientos para la Clasificaci\u00f3n de Reacci\u00f3n al Fuego y certificaci\u00f3n de productos de barnizado ign\u00edfugos aplicados a objetos de madera \u201d. La definici\u00f3n de Reacci\u00f3n al Fuego es el nivel de participaci\u00f3n al fuego de un material combustible.[\/vc_column_text][\/vc_column_inner][vc_column_inner width=&#8221;7\/12&#8243;][\/vc_column_inner][\/vc_row_inner][vc_row_inner][vc_column_inner][vc_column_text el_class=&#8221;white rennerp&#8221; css=&#8221;.vc_custom_1554713128755{margin-bottom: 0px !important;}&#8221;]\n<table class=\"responsive-table\" width=\"100%\">\n<thead>\n<tr>\n<th colspan=\"6\">CLASIFICACI\u00d3N ITALIANA REACCI\u00d3N AL FUEGO<\/th>\n<\/tr>\n<\/thead>\n<tbody>\n<tr>\n<td>0<\/td>\n<td>1<\/td>\n<td>2<\/td>\n<td>3<\/td>\n<td>4<\/td>\n<td>5<\/td>\n<\/tr>\n<tr>\n<td>Incombustible<\/td>\n<td>Apenas<br \/>\ninflamable<\/td>\n<td>Inflamable<\/td>\n<td>F\u00e1cilmente<br \/>\ninflamable<\/td>\n<td>Muy<br \/>\ninflamable<\/td>\n<td>Inclasificable<\/td>\n<\/tr>\n<\/tbody>\n<\/table>\n[\/vc_column_text][\/vc_column_inner][\/vc_row_inner]<div class=\"ult-spacer spacer-69dea4b487e4f\" data-id=\"69dea4b487e4f\" data-height=\"200\" data-height-mobile=\"50\" data-height-tab=\"200\" data-height-tab-portrait=\"200\" data-height-mobile-landscape=\"50\" style=\"clear:both;display:block;\"><\/div>[\/vc_column][\/mk_page_section][mk_page_section bg_image=&#8221;http:\/\/www.vernicifirewall.it\/wp-content\/uploads\/2019\/03\/normative-europa-1.jpg&#8221; bg_image_portrait=&#8221;http:\/\/www.vernicifirewall.it\/wp-content\/uploads\/2019\/03\/normative-europa_mobile.jpg&#8221; bg_position=&#8221;right center&#8221; bg_repeat=&#8221;no-repeat&#8221; bg_stretch=&#8221;true&#8221; enable_3d=&#8221;true&#8221; padding_top=&#8221;0&#8243; padding_bottom=&#8221;0&#8243; sidebar=&#8221;sidebar-1&#8243;][vc_column]<div class=\"ult-spacer spacer-69dea4b487e9f\" data-id=\"69dea4b487e9f\" data-height=\"200\" data-height-mobile=\"50\" data-height-tab=\"200\" data-height-tab-portrait=\"200\" data-height-mobile-landscape=\"50\" style=\"clear:both;display:block;\"><\/div>[vc_row_inner][vc_column_inner width=&#8221;7\/12&#8243;][\/vc_column_inner][vc_column_inner width=&#8221;5\/12&#8243;][vc_column_text el_class=&#8221;black rennertitle&#8221; css=&#8221;.vc_custom_1554712969442{margin-bottom: 0px !important;}&#8221;]Reacci\u00f3n<br \/>\nal Fuego<br \/>\nen Europa[\/vc_column_text][vc_column_text el_class=&#8221;black rennerp&#8221; css=&#8221;.vc_custom_1555410736519{margin-bottom: 0px !important;}&#8221;]Las normas est\u00e1n sostenidas por la nueva Normativa Europea n. 305\/2011 &#8211; &#8220;Regulaci\u00f3n de productos de construcci\u00f3n&#8221; altamente vinculada a DM 10\/03\/2005 y DM 25\/10\/2007 sobre \u201cClases de Reacci\u00f3n al Fuego para productos de construcci\u00f3n, que deben usarse en obras, donde se requiere la seguridad contra incendios\u201d, que establece el procedimiento para clasificar en Reacci\u00f3n al Fuego los objetos (marcado CE) dentro de los edificios, obligados a extender el CPI (Certificado de Prevenci\u00f3n de Incendios).[\/vc_column_text][\/vc_column_inner][\/vc_row_inner][vc_row_inner][vc_column_inner][vc_column_text el_class=&#8221;white rennerp&#8221; css=&#8221;.vc_custom_1554713146388{margin-bottom: 0px !important;}&#8221;]\n<table class=\"responsive-table\" width=\"100%\">\n<thead>\n<tr>\n<th colspan=\"7\">CLASIFICACI\u00d3N EUROPEA REACCI\u00d3N AL FUEGO<\/th>\n<\/tr>\n<\/thead>\n<tbody>\n<tr>\n<td>A1<\/td>\n<td>A2<\/td>\n<td>B<\/td>\n<td>C<\/td>\n<td>D<\/td>\n<td>E<\/td>\n<td>F<\/td>\n<\/tr>\n<tr>\n<td>Incombustible<\/td>\n<td>Combustile<br \/>\nno inflamable<\/td>\n<td>Apenas<br \/>\ninflamablee<\/td>\n<td>Inflamable<\/td>\n<td>F\u00e1cilmente<br \/>\ninflamable<\/td>\n<td>Muy<br \/>\ninflamable<\/td>\n<td>Inclasificable<\/td>\n<\/tr>\n<\/tbody>\n<\/table>\n[\/vc_column_text][\/vc_column_inner][\/vc_row_inner]<div class=\"ult-spacer spacer-69dea4b487ee8\" data-id=\"69dea4b487ee8\" data-height=\"200\" data-height-mobile=\"150\" data-height-tab=\"200\" data-height-tab-portrait=\"200\" data-height-mobile-landscape=\"150\" style=\"clear:both;display:block;\"><\/div>[\/vc_column][\/mk_page_section][mk_page_section bg_image=&#8221;http:\/\/www.vernicifirewall.it\/wp-content\/uploads\/2019\/03\/smoke-1.jpg&#8221; bg_position=&#8221;center top&#8221; bg_repeat=&#8221;no-repeat&#8221; bg_stretch=&#8221;true&#8221; padding_top=&#8221;100&#8243; padding_bottom=&#8221;200&#8243; sidebar=&#8221;sidebar-1&#8243;][vc_column width=&#8221;1\/6&#8243;][\/vc_column][vc_column width=&#8221;2\/3&#8243;][vc_video host=&#8221;self_hosted&#8221; mp4=&#8221;http:\/\/www.vernicifirewall.it\/wp-content\/uploads\/2019\/03\/firewall-test-machine.mp4&#8243; poster_image=&#8221;http:\/\/www.vernicifirewall.it\/wp-content\/uploads\/2018\/04\/vernici-ignifughe-firewall-2.jpg&#8221; custom_thumbnail=&#8221;true&#8221; thumbnail_image=&#8221;4277&#8243;][mk_padding_divider][\/vc_column][vc_column width=&#8221;1\/6&#8243;][\/vc_column][\/mk_page_section]\n<\/div>","protected":false},"excerpt":{"rendered":"<p>[mk_page_section bg_image=&#8221;http:\/\/www.vernicifirewall.it\/wp-content\/uploads\/2019\/03\/normative-italia-1.jpg&#8221; bg_image_portrait=&#8221;http:\/\/www.vernicifirewall.it\/wp-content\/uploads\/2019\/03\/normative-italia_mobile.jpg&#8221; bg_position=&#8221;left center&#8221; bg_repeat=&#8221;no-repeat&#8221; bg_stretch=&#8221;true&#8221; enable_3d=&#8221;true&#8221; padding_top=&#8221;0&#8243; padding_bottom=&#8221;0&#8243; sidebar=&#8221;sidebar-1&#8243;][vc_column][vc_row_inner][vc_column_inner width=&#8221;5\/12&#8243;][vc_column_text el_class=&#8221;white rennertitle&#8221; css=&#8221;.vc_custom_1554712905130{margin-bottom: 0px !important;}&#8221;]Reacci\u00f3n al Fuego en Italia[\/vc_column_text][vc_column_text el_class=&#8221;white rennerp&#8221; css=&#8221;.vc_custom_1554712912346{margin-bottom: 0px !important;}&#8221;]Las normas ign\u00edfugas, que en Italia regulan los dispositivos de protecci\u00f3n pasivos de Reacci\u00f3n al Fuego, se refieren al DM 26\/06\/84 y al siguiente DM 03\/09\/01 \u201cClasificaci\u00f3n de reacci\u00f3n al [&hellip;]<\/p>\n","protected":false},"author":1,"featured_media":0,"parent":0,"menu_order":0,"comment_status":"closed","ping_status":"closed","template":"","meta":{"footnotes":""},"class_list":["post-5148","page","type-page","status-publish","hentry"],"yoast_head":"<!-- This site is optimized with the Yoast SEO plugin v27.0 - https:\/\/yoast.com\/product\/yoast-seo-wordpress\/ -->\n<title>Reacci\u00f3n al Fuego - Le vernici ignifughe per il legno Firewall<\/title>\n<meta name=\"robots\" content=\"index, follow, max-snippet:-1, max-image-preview:large, max-video-preview:-1\" \/>\n<link rel=\"canonical\" href=\"https:\/\/www.vernicifirewall.it\/es\/reazione-al-fuoco\/\" \/>\n<meta property=\"og:locale\" content=\"es_ES\" \/>\n<meta property=\"og:type\" content=\"article\" \/>\n<meta property=\"og:title\" content=\"Reacci\u00f3n al Fuego - Le vernici ignifughe per il legno Firewall\" \/>\n<meta property=\"og:description\" content=\"[mk_page_section bg_image=&#8221;http:\/\/www.vernicifirewall.it\/wp-content\/uploads\/2019\/03\/normative-italia-1.jpg&#8221; bg_image_portrait=&#8221;http:\/\/www.vernicifirewall.it\/wp-content\/uploads\/2019\/03\/normative-italia_mobile.jpg&#8221; bg_position=&#8221;left center&#8221; bg_repeat=&#8221;no-repeat&#8221; bg_stretch=&#8221;true&#8221; enable_3d=&#8221;true&#8221; padding_top=&#8221;0&#8243; padding_bottom=&#8221;0&#8243; sidebar=&#8221;sidebar-1&#8243;][vc_column][vc_row_inner][vc_column_inner width=&#8221;5\/12&#8243;][vc_column_text el_class=&#8221;white rennertitle&#8221; css=&#8221;.vc_custom_1554712905130{margin-bottom: 0px !important;}&#8221;]Reacci\u00f3n al Fuego en Italia[\/vc_column_text][vc_column_text el_class=&#8221;white rennerp&#8221; css=&#8221;.vc_custom_1554712912346{margin-bottom: 0px !important;}&#8221;]Las normas ign\u00edfugas, que en Italia regulan los dispositivos de protecci\u00f3n pasivos de Reacci\u00f3n al Fuego, se refieren al DM 26\/06\/84 y al siguiente DM 03\/09\/01 \u201cClasificaci\u00f3n de reacci\u00f3n al [&hellip;]\" \/>\n<meta property=\"og:url\" content=\"https:\/\/www.vernicifirewall.it\/es\/reazione-al-fuoco\/\" \/>\n<meta property=\"og:site_name\" content=\"Le vernici ignifughe per il legno Firewall\" \/>\n<meta property=\"article:modified_time\" content=\"2019-04-16T10:32:19+00:00\" \/>\n<meta name=\"twitter:label1\" content=\"Est. reading time\" \/>\n\t<meta name=\"twitter:data1\" content=\"3 minutes\" \/>\n<script type=\"application\/ld+json\" class=\"yoast-schema-graph\">{\"@context\":\"https:\/\/schema.org\",\"@graph\":[{\"@type\":\"WebPage\",\"@id\":\"https:\/\/www.vernicifirewall.it\/es\/reazione-al-fuoco\/\",\"url\":\"https:\/\/www.vernicifirewall.it\/es\/reazione-al-fuoco\/\",\"name\":\"Reacci\u00f3n al Fuego - Le vernici ignifughe per il legno Firewall\",\"isPartOf\":{\"@id\":\"https:\/\/www.vernicifirewall.it\/#website\"},\"datePublished\":\"2019-03-13T09:43:11+00:00\",\"dateModified\":\"2019-04-16T10:32:19+00:00\",\"breadcrumb\":{\"@id\":\"https:\/\/www.vernicifirewall.it\/es\/reazione-al-fuoco\/#breadcrumb\"},\"inLanguage\":\"es-ES\",\"potentialAction\":[{\"@type\":\"ReadAction\",\"target\":[\"https:\/\/www.vernicifirewall.it\/es\/reazione-al-fuoco\/\"]}]},{\"@type\":\"BreadcrumbList\",\"@id\":\"https:\/\/www.vernicifirewall.it\/es\/reazione-al-fuoco\/#breadcrumb\",\"itemListElement\":[{\"@type\":\"ListItem\",\"position\":1,\"name\":\"Home\",\"item\":\"https:\/\/www.vernicifirewall.it\/es\/\"},{\"@type\":\"ListItem\",\"position\":2,\"name\":\"Reacci\u00f3n al Fuego\"}]},{\"@type\":\"WebSite\",\"@id\":\"https:\/\/www.vernicifirewall.it\/#website\",\"url\":\"https:\/\/www.vernicifirewall.it\/\",\"name\":\"Le vernici ignifughe per il legno Firewall\",\"description\":\"Le vernici ignifughe per il legno Firewall\",\"potentialAction\":[{\"@type\":\"SearchAction\",\"target\":{\"@type\":\"EntryPoint\",\"urlTemplate\":\"https:\/\/www.vernicifirewall.it\/?s={search_term_string}\"},\"query-input\":{\"@type\":\"PropertyValueSpecification\",\"valueRequired\":true,\"valueName\":\"search_term_string\"}}],\"inLanguage\":\"es-ES\"}]}<\/script>\n<!-- \/ Yoast SEO plugin. -->","yoast_head_json":{"title":"Reacci\u00f3n al Fuego - Le vernici ignifughe per il legno Firewall","robots":{"index":"index","follow":"follow","max-snippet":"max-snippet:-1","max-image-preview":"max-image-preview:large","max-video-preview":"max-video-preview:-1"},"canonical":"https:\/\/www.vernicifirewall.it\/es\/reazione-al-fuoco\/","og_locale":"es_ES","og_type":"article","og_title":"Reacci\u00f3n al Fuego - Le vernici ignifughe per il legno Firewall","og_description":"[mk_page_section bg_image=&#8221;http:\/\/www.vernicifirewall.it\/wp-content\/uploads\/2019\/03\/normative-italia-1.jpg&#8221; bg_image_portrait=&#8221;http:\/\/www.vernicifirewall.it\/wp-content\/uploads\/2019\/03\/normative-italia_mobile.jpg&#8221; bg_position=&#8221;left center&#8221; bg_repeat=&#8221;no-repeat&#8221; bg_stretch=&#8221;true&#8221; enable_3d=&#8221;true&#8221; padding_top=&#8221;0&#8243; padding_bottom=&#8221;0&#8243; sidebar=&#8221;sidebar-1&#8243;][vc_column][vc_row_inner][vc_column_inner width=&#8221;5\/12&#8243;][vc_column_text el_class=&#8221;white rennertitle&#8221; css=&#8221;.vc_custom_1554712905130{margin-bottom: 0px !important;}&#8221;]Reacci\u00f3n al Fuego en Italia[\/vc_column_text][vc_column_text el_class=&#8221;white rennerp&#8221; css=&#8221;.vc_custom_1554712912346{margin-bottom: 0px !important;}&#8221;]Las normas ign\u00edfugas, que en Italia regulan los dispositivos de protecci\u00f3n pasivos de Reacci\u00f3n al Fuego, se refieren al DM 26\/06\/84 y al siguiente DM 03\/09\/01 \u201cClasificaci\u00f3n de reacci\u00f3n al [&hellip;]","og_url":"https:\/\/www.vernicifirewall.it\/es\/reazione-al-fuoco\/","og_site_name":"Le vernici ignifughe per il legno Firewall","article_modified_time":"2019-04-16T10:32:19+00:00","twitter_misc":{"Est. reading time":"3 minutes"},"schema":{"@context":"https:\/\/schema.org","@graph":[{"@type":"WebPage","@id":"https:\/\/www.vernicifirewall.it\/es\/reazione-al-fuoco\/","url":"https:\/\/www.vernicifirewall.it\/es\/reazione-al-fuoco\/","name":"Reacci\u00f3n al Fuego - Le vernici ignifughe per il legno Firewall","isPartOf":{"@id":"https:\/\/www.vernicifirewall.it\/#website"},"datePublished":"2019-03-13T09:43:11+00:00","dateModified":"2019-04-16T10:32:19+00:00","breadcrumb":{"@id":"https:\/\/www.vernicifirewall.it\/es\/reazione-al-fuoco\/#breadcrumb"},"inLanguage":"es-ES","potentialAction":[{"@type":"ReadAction","target":["https:\/\/www.vernicifirewall.it\/es\/reazione-al-fuoco\/"]}]},{"@type":"BreadcrumbList","@id":"https:\/\/www.vernicifirewall.it\/es\/reazione-al-fuoco\/#breadcrumb","itemListElement":[{"@type":"ListItem","position":1,"name":"Home","item":"https:\/\/www.vernicifirewall.it\/es\/"},{"@type":"ListItem","position":2,"name":"Reacci\u00f3n al Fuego"}]},{"@type":"WebSite","@id":"https:\/\/www.vernicifirewall.it\/#website","url":"https:\/\/www.vernicifirewall.it\/","name":"Le vernici ignifughe per il legno Firewall","description":"Le vernici ignifughe per il legno Firewall","potentialAction":[{"@type":"SearchAction","target":{"@type":"EntryPoint","urlTemplate":"https:\/\/www.vernicifirewall.it\/?s={search_term_string}"},"query-input":{"@type":"PropertyValueSpecification","valueRequired":true,"valueName":"search_term_string"}}],"inLanguage":"es-ES"}]}},"_links":{"self":[{"href":"https:\/\/www.vernicifirewall.it\/es\/wp-json\/wp\/v2\/pages\/5148","targetHints":{"allow":["GET"]}}],"collection":[{"href":"https:\/\/www.vernicifirewall.it\/es\/wp-json\/wp\/v2\/pages"}],"about":[{"href":"https:\/\/www.vernicifirewall.it\/es\/wp-json\/wp\/v2\/types\/page"}],"author":[{"embeddable":true,"href":"https:\/\/www.vernicifirewall.it\/es\/wp-json\/wp\/v2\/users\/1"}],"replies":[{"embeddable":true,"href":"https:\/\/www.vernicifirewall.it\/es\/wp-json\/wp\/v2\/comments?post=5148"}],"version-history":[{"count":5,"href":"https:\/\/www.vernicifirewall.it\/es\/wp-json\/wp\/v2\/pages\/5148\/revisions"}],"predecessor-version":[{"id":5578,"href":"https:\/\/www.vernicifirewall.it\/es\/wp-json\/wp\/v2\/pages\/5148\/revisions\/5578"}],"wp:attachment":[{"href":"https:\/\/www.vernicifirewall.it\/es\/wp-json\/wp\/v2\/media?parent=5148"}],"curies":[{"name":"wp","href":"https:\/\/api.w.org\/{rel}","templated":true}]}}