{"id":5163,"date":"2019-03-14T11:21:24","date_gmt":"2019-03-14T10:21:24","guid":{"rendered":"http:\/\/www.vernicifirewall.it\/resistenza-al-fuoco\/"},"modified":"2019-04-16T12:34:29","modified_gmt":"2019-04-16T10:34:29","slug":"resistenza-al-fuoco","status":"publish","type":"page","link":"https:\/\/www.vernicifirewall.it\/es\/resistenza-al-fuoco\/","title":{"rendered":"Resistencia al Fuego"},"content":{"rendered":"[mk_page_section bg_image=&#8221;http:\/\/www.vernicifirewall.it\/wp-content\/uploads\/2019\/03\/strutture-portanti-legno-ignifughe.jpg&#8221; bg_image_portrait=&#8221;http:\/\/www.vernicifirewall.it\/wp-content\/uploads\/2019\/03\/strutture-portanti-legno-ignifughe_mobile.jpg&#8221; bg_position=&#8221;left center&#8221; bg_repeat=&#8221;no-repeat&#8221; bg_stretch=&#8221;true&#8221; enable_3d=&#8221;true&#8221; padding_top=&#8221;0&#8243; padding_bottom=&#8221;0&#8243; sidebar=&#8221;sidebar-1&#8243;][vc_column width=&#8221;1\/2&#8243;]<div class=\"ult-spacer spacer-69e003c02167c\" data-id=\"69e003c02167c\" data-height=\"100\" data-height-mobile=\"50\" data-height-tab=\"100\" data-height-tab-portrait=\"100\" data-height-mobile-landscape=\"50\" style=\"clear:both;display:block;\"><\/div>[vc_column_text el_class=&#8221;white rennertitle&#8221; css=&#8221;.vc_custom_1555410776774{margin-bottom: 0px !important;}&#8221;]Resistencia<br \/>\nal Fuego[\/vc_column_text][vc_column_text el_class=&#8221;white rennerp&#8221; css=&#8221;.vc_custom_1555410840585{margin-bottom: 0px !important;}&#8221;]La antigua circular italiana MI.SA. n. 91 de 14\/09\/61 ya ha sido reemplazada por DM 16\/02\/2007 &#8220;Clasificaci\u00f3n de Resistencia al Fuego de productos de construcci\u00f3n y elementos para obras de construcci\u00f3n\u201d y por DM 09\/03\/2007\u00a0 &#8220;Prestaciones de Resistencia al Fuego de construcciones en actividades, que est\u00e1n bajo el control del Cuerpo Nacional de Bomberos\u201d. La norma de referencia es EN 13501-2 &#8220;Clasificaci\u00f3n al fuego de productos y elementos de construcci\u00f3n. Parte 2: Clasificaci\u00f3n utilizando datos de resistencia al fuego, excluyendo servicios de ventilaci\u00f3n\u201d. Esta norma analiza todos los elementos estructurales, portantes y no portantes, como paredes, vigas, losas, pilares, falsos techos, revestimientos, yesos, pisos elevados, puertas cortafuegos, fachadas exteriores, etc. La norma de Euroc\u00f3digos es EN 199x-1-7 &#8220;C\u00f3mo planificar estructuras de acero, concreto, madera, ladrillo y aluminio de acuerdo con los procedimientos de prueba, especificado en las normas EN 13381-1-7 &#8220;. DM 16\/02\/2007 proporciona las siguientes clases de resistencia al fuego: 15, 20, 30, 45, 60, 90, 120, 180, 240, 360 (expresado en minutos). Representan el tiempo, durante el cual el elemento estructural puede mantener y garantizar su funci\u00f3n bajo la acci\u00f3n de calentamiento, en una \u00e1rea espec\u00edfica de uso.[\/vc_column_text]<div class=\"ult-spacer spacer-69e003c0216ec\" data-id=\"69e003c0216ec\" data-height=\"300\" data-height-mobile=\"100\" data-height-tab=\"300\" data-height-tab-portrait=\"300\" data-height-mobile-landscape=\"100\" style=\"clear:both;display:block;\"><\/div>[\/vc_column][vc_column width=&#8221;1\/2&#8243;][\/vc_column][\/mk_page_section][mk_page_section bg_image=&#8221;http:\/\/www.vernicifirewall.it\/wp-content\/uploads\/2019\/03\/travi-tetto-vernici-ignifughe-1.jpg&#8221; bg_image_portrait=&#8221;http:\/\/www.vernicifirewall.it\/wp-content\/uploads\/2019\/03\/travi-tetto-2.jpg&#8221; bg_color=&#8221;#ffffff&#8221; bg_position=&#8221;right bottom&#8221; bg_repeat=&#8221;no-repeat&#8221; enable_3d=&#8221;true&#8221; padding_top=&#8221;0&#8243; padding_bottom=&#8221;0&#8243; el_class=&#8221;sectionbackgroundcontainer&#8221; sidebar=&#8221;sidebar-1&#8243;][vc_column width=&#8221;1\/2&#8243;][\/vc_column][vc_column width=&#8221;1\/2&#8243;]<div class=\"ult-spacer spacer-69e003c02173f\" data-id=\"69e003c02173f\" data-height=\"200\" data-height-mobile=\"50\" data-height-tab=\"200\" data-height-tab-portrait=\"200\" data-height-mobile-landscape=\"50\" style=\"clear:both;display:block;\"><\/div>[vc_column_text el_class=&#8221;black rennertitle&#8221; css=&#8221;.vc_custom_1554731907781{margin-bottom: 0px !important;}&#8221;]El sentido<br \/>\ndel acr\u00f3nimo REI[\/vc_column_text][vc_column_text el_class=&#8221;black rennersubtitle&#8221; css=&#8221;.vc_custom_1554731914300{margin-bottom: 0px !important;}&#8221;]R = Estabilidad[\/vc_column_text][vc_column_text el_class=&#8221;black rennerp&#8221; css=&#8221;.vc_custom_1554731922586{margin-bottom: 0px !important;}&#8221;]Aptitud de un elemento de construcci\u00f3n para preservar su resistencia mec\u00e1nica bajo la acci\u00f3n del fuego[\/vc_column_text][vc_column_text el_class=&#8221;black rennersubtitle&#8221; css=&#8221;.vc_custom_1554731931701{margin-bottom: 0px !important;}&#8221;]E = Resistencia[\/vc_column_text][vc_column_text el_class=&#8221;black rennerp&#8221; css=&#8221;.vc_custom_1554731942526{margin-bottom: 0px !important;}&#8221;]Aptitud de un elemento de construcci\u00f3n para no dejar pasar ni producir llamas, vapores calientes o gases en el lado no expuesto[\/vc_column_text][vc_column_text el_class=&#8221;black rennersubtitle&#8221; css=&#8221;.vc_custom_1554731950730{margin-bottom: 0px !important;}&#8221;]I = Aislamiento[\/vc_column_text][vc_column_text title=&#8221;Attitudine di un elemento da costruzione a contenere, entro un dato limite, la trasmissione del calore dal lato opposto a quello esposto&#8221; el_class=&#8221;black rennerp&#8221; css=&#8221;.vc_custom_1554731959372{margin-bottom: 0px !important;}&#8221;]Attitudine di un elemento da costruzione a contenere, entro un dato limite, la trasmissione del calore dal lato opposto a quello esposto[\/vc_column_text][vc_column_text el_class=&#8221;black rennerp&#8221; css=&#8221;.vc_custom_1555410864604{margin-bottom: 0px !important;}&#8221;]<strong>Soportes de ladrillos y vigas <\/strong>(estructuras planeadas para soportar una carga aplicada): requisito REI.<br \/>\n<strong>F\u00e1bricas de ladrillos o puertas cortafuegos no compatibles<\/strong> (elementos y estructuras, no sujetos a ninguna carga, excepto por su propio peso): requisito EI.<br \/>\nLos soportes pueden ser numerosos, desde el acero hasta la madera, obviamente, la madera es el mejor material en el campo estructural. Adem\u00e1s de un incomparable resultado est\u00e9tico, es extremadamente flexible, ligero y es un mal conductor del calor.<br \/>\nAunque sea inflamable, la composici\u00f3n org\u00e1nica de la madera sigue siendo la mejor garant\u00eda durante un incendio. De hecho, la carbonizaci\u00f3n superficial es una barrera contra llamas y altas temperaturas.[\/vc_column_text]<div class=\"ult-spacer spacer-69e003c02178c\" data-id=\"69e003c02178c\" data-height=\"200\" data-height-mobile=\"250\" data-height-tab=\"200\" data-height-tab-portrait=\"200\" data-height-mobile-landscape=\"250\" style=\"clear:both;display:block;\"><\/div>[\/vc_column][\/mk_page_section]\n","protected":false},"excerpt":{"rendered":"<p>[mk_page_section bg_image=&#8221;http:\/\/www.vernicifirewall.it\/wp-content\/uploads\/2019\/03\/strutture-portanti-legno-ignifughe.jpg&#8221; bg_image_portrait=&#8221;http:\/\/www.vernicifirewall.it\/wp-content\/uploads\/2019\/03\/strutture-portanti-legno-ignifughe_mobile.jpg&#8221; bg_position=&#8221;left center&#8221; bg_repeat=&#8221;no-repeat&#8221; bg_stretch=&#8221;true&#8221; enable_3d=&#8221;true&#8221; padding_top=&#8221;0&#8243; padding_bottom=&#8221;0&#8243; sidebar=&#8221;sidebar-1&#8243;][vc_column width=&#8221;1\/2&#8243;][vc_column_text el_class=&#8221;white rennertitle&#8221; css=&#8221;.vc_custom_1555410776774{margin-bottom: 0px !important;}&#8221;]Resistencia al Fuego[\/vc_column_text][vc_column_text el_class=&#8221;white rennerp&#8221; css=&#8221;.vc_custom_1555410840585{margin-bottom: 0px !important;}&#8221;]La antigua circular italiana MI.SA. n. 91 de 14\/09\/61 ya ha sido reemplazada por DM 16\/02\/2007 &#8220;Clasificaci\u00f3n de Resistencia al Fuego de productos de construcci\u00f3n y elementos para obras de construcci\u00f3n\u201d y [&hellip;]<\/p>\n","protected":false},"author":1,"featured_media":0,"parent":0,"menu_order":0,"comment_status":"closed","ping_status":"closed","template":"","meta":{"footnotes":""},"class_list":["post-5163","page","type-page","status-publish","hentry"],"yoast_head":"<!-- This site is optimized with the Yoast SEO plugin v27.0 - https:\/\/yoast.com\/product\/yoast-seo-wordpress\/ -->\n<title>Resistencia al Fuego - Le vernici ignifughe per il legno Firewall<\/title>\n<meta name=\"robots\" content=\"index, follow, max-snippet:-1, max-image-preview:large, max-video-preview:-1\" \/>\n<link rel=\"canonical\" href=\"https:\/\/www.vernicifirewall.it\/es\/resistenza-al-fuoco\/\" \/>\n<meta property=\"og:locale\" content=\"es_ES\" \/>\n<meta property=\"og:type\" content=\"article\" \/>\n<meta property=\"og:title\" content=\"Resistencia al Fuego - Le vernici ignifughe per il legno Firewall\" \/>\n<meta property=\"og:description\" content=\"[mk_page_section bg_image=&#8221;http:\/\/www.vernicifirewall.it\/wp-content\/uploads\/2019\/03\/strutture-portanti-legno-ignifughe.jpg&#8221; bg_image_portrait=&#8221;http:\/\/www.vernicifirewall.it\/wp-content\/uploads\/2019\/03\/strutture-portanti-legno-ignifughe_mobile.jpg&#8221; bg_position=&#8221;left center&#8221; bg_repeat=&#8221;no-repeat&#8221; bg_stretch=&#8221;true&#8221; enable_3d=&#8221;true&#8221; padding_top=&#8221;0&#8243; padding_bottom=&#8221;0&#8243; sidebar=&#8221;sidebar-1&#8243;][vc_column width=&#8221;1\/2&#8243;][vc_column_text el_class=&#8221;white rennertitle&#8221; css=&#8221;.vc_custom_1555410776774{margin-bottom: 0px !important;}&#8221;]Resistencia al Fuego[\/vc_column_text][vc_column_text el_class=&#8221;white rennerp&#8221; css=&#8221;.vc_custom_1555410840585{margin-bottom: 0px !important;}&#8221;]La antigua circular italiana MI.SA. n. 91 de 14\/09\/61 ya ha sido reemplazada por DM 16\/02\/2007 &#8220;Clasificaci\u00f3n de Resistencia al Fuego de productos de construcci\u00f3n y elementos para obras de construcci\u00f3n\u201d y [&hellip;]\" \/>\n<meta property=\"og:url\" content=\"https:\/\/www.vernicifirewall.it\/es\/resistenza-al-fuoco\/\" \/>\n<meta property=\"og:site_name\" content=\"Le vernici ignifughe per il legno Firewall\" \/>\n<meta property=\"article:modified_time\" content=\"2019-04-16T10:34:29+00:00\" \/>\n<meta name=\"twitter:label1\" content=\"Est. reading time\" \/>\n\t<meta name=\"twitter:data1\" content=\"4 minutes\" \/>\n<script type=\"application\/ld+json\" class=\"yoast-schema-graph\">{\"@context\":\"https:\/\/schema.org\",\"@graph\":[{\"@type\":\"WebPage\",\"@id\":\"https:\/\/www.vernicifirewall.it\/es\/resistenza-al-fuoco\/\",\"url\":\"https:\/\/www.vernicifirewall.it\/es\/resistenza-al-fuoco\/\",\"name\":\"Resistencia al Fuego - Le vernici ignifughe per il legno Firewall\",\"isPartOf\":{\"@id\":\"https:\/\/www.vernicifirewall.it\/#website\"},\"datePublished\":\"2019-03-14T10:21:24+00:00\",\"dateModified\":\"2019-04-16T10:34:29+00:00\",\"breadcrumb\":{\"@id\":\"https:\/\/www.vernicifirewall.it\/es\/resistenza-al-fuoco\/#breadcrumb\"},\"inLanguage\":\"es-ES\",\"potentialAction\":[{\"@type\":\"ReadAction\",\"target\":[\"https:\/\/www.vernicifirewall.it\/es\/resistenza-al-fuoco\/\"]}]},{\"@type\":\"BreadcrumbList\",\"@id\":\"https:\/\/www.vernicifirewall.it\/es\/resistenza-al-fuoco\/#breadcrumb\",\"itemListElement\":[{\"@type\":\"ListItem\",\"position\":1,\"name\":\"Home\",\"item\":\"https:\/\/www.vernicifirewall.it\/es\/\"},{\"@type\":\"ListItem\",\"position\":2,\"name\":\"Resistencia al Fuego\"}]},{\"@type\":\"WebSite\",\"@id\":\"https:\/\/www.vernicifirewall.it\/#website\",\"url\":\"https:\/\/www.vernicifirewall.it\/\",\"name\":\"Le vernici ignifughe per il legno Firewall\",\"description\":\"Le vernici ignifughe per il legno Firewall\",\"potentialAction\":[{\"@type\":\"SearchAction\",\"target\":{\"@type\":\"EntryPoint\",\"urlTemplate\":\"https:\/\/www.vernicifirewall.it\/?s={search_term_string}\"},\"query-input\":{\"@type\":\"PropertyValueSpecification\",\"valueRequired\":true,\"valueName\":\"search_term_string\"}}],\"inLanguage\":\"es-ES\"}]}<\/script>\n<!-- \/ Yoast SEO plugin. -->","yoast_head_json":{"title":"Resistencia al Fuego - Le vernici ignifughe per il legno Firewall","robots":{"index":"index","follow":"follow","max-snippet":"max-snippet:-1","max-image-preview":"max-image-preview:large","max-video-preview":"max-video-preview:-1"},"canonical":"https:\/\/www.vernicifirewall.it\/es\/resistenza-al-fuoco\/","og_locale":"es_ES","og_type":"article","og_title":"Resistencia al Fuego - Le vernici ignifughe per il legno Firewall","og_description":"[mk_page_section bg_image=&#8221;http:\/\/www.vernicifirewall.it\/wp-content\/uploads\/2019\/03\/strutture-portanti-legno-ignifughe.jpg&#8221; bg_image_portrait=&#8221;http:\/\/www.vernicifirewall.it\/wp-content\/uploads\/2019\/03\/strutture-portanti-legno-ignifughe_mobile.jpg&#8221; bg_position=&#8221;left center&#8221; bg_repeat=&#8221;no-repeat&#8221; bg_stretch=&#8221;true&#8221; enable_3d=&#8221;true&#8221; padding_top=&#8221;0&#8243; padding_bottom=&#8221;0&#8243; sidebar=&#8221;sidebar-1&#8243;][vc_column width=&#8221;1\/2&#8243;][vc_column_text el_class=&#8221;white rennertitle&#8221; css=&#8221;.vc_custom_1555410776774{margin-bottom: 0px !important;}&#8221;]Resistencia al Fuego[\/vc_column_text][vc_column_text el_class=&#8221;white rennerp&#8221; css=&#8221;.vc_custom_1555410840585{margin-bottom: 0px !important;}&#8221;]La antigua circular italiana MI.SA. n. 91 de 14\/09\/61 ya ha sido reemplazada por DM 16\/02\/2007 &#8220;Clasificaci\u00f3n de Resistencia al Fuego de productos de construcci\u00f3n y elementos para obras de construcci\u00f3n\u201d y [&hellip;]","og_url":"https:\/\/www.vernicifirewall.it\/es\/resistenza-al-fuoco\/","og_site_name":"Le vernici ignifughe per il legno Firewall","article_modified_time":"2019-04-16T10:34:29+00:00","twitter_misc":{"Est. reading time":"4 minutes"},"schema":{"@context":"https:\/\/schema.org","@graph":[{"@type":"WebPage","@id":"https:\/\/www.vernicifirewall.it\/es\/resistenza-al-fuoco\/","url":"https:\/\/www.vernicifirewall.it\/es\/resistenza-al-fuoco\/","name":"Resistencia al Fuego - Le vernici ignifughe per il legno Firewall","isPartOf":{"@id":"https:\/\/www.vernicifirewall.it\/#website"},"datePublished":"2019-03-14T10:21:24+00:00","dateModified":"2019-04-16T10:34:29+00:00","breadcrumb":{"@id":"https:\/\/www.vernicifirewall.it\/es\/resistenza-al-fuoco\/#breadcrumb"},"inLanguage":"es-ES","potentialAction":[{"@type":"ReadAction","target":["https:\/\/www.vernicifirewall.it\/es\/resistenza-al-fuoco\/"]}]},{"@type":"BreadcrumbList","@id":"https:\/\/www.vernicifirewall.it\/es\/resistenza-al-fuoco\/#breadcrumb","itemListElement":[{"@type":"ListItem","position":1,"name":"Home","item":"https:\/\/www.vernicifirewall.it\/es\/"},{"@type":"ListItem","position":2,"name":"Resistencia al Fuego"}]},{"@type":"WebSite","@id":"https:\/\/www.vernicifirewall.it\/#website","url":"https:\/\/www.vernicifirewall.it\/","name":"Le vernici ignifughe per il legno Firewall","description":"Le vernici ignifughe per il legno Firewall","potentialAction":[{"@type":"SearchAction","target":{"@type":"EntryPoint","urlTemplate":"https:\/\/www.vernicifirewall.it\/?s={search_term_string}"},"query-input":{"@type":"PropertyValueSpecification","valueRequired":true,"valueName":"search_term_string"}}],"inLanguage":"es-ES"}]}},"_links":{"self":[{"href":"https:\/\/www.vernicifirewall.it\/es\/wp-json\/wp\/v2\/pages\/5163","targetHints":{"allow":["GET"]}}],"collection":[{"href":"https:\/\/www.vernicifirewall.it\/es\/wp-json\/wp\/v2\/pages"}],"about":[{"href":"https:\/\/www.vernicifirewall.it\/es\/wp-json\/wp\/v2\/types\/page"}],"author":[{"embeddable":true,"href":"https:\/\/www.vernicifirewall.it\/es\/wp-json\/wp\/v2\/users\/1"}],"replies":[{"embeddable":true,"href":"https:\/\/www.vernicifirewall.it\/es\/wp-json\/wp\/v2\/comments?post=5163"}],"version-history":[{"count":3,"href":"https:\/\/www.vernicifirewall.it\/es\/wp-json\/wp\/v2\/pages\/5163\/revisions"}],"predecessor-version":[{"id":5579,"href":"https:\/\/www.vernicifirewall.it\/es\/wp-json\/wp\/v2\/pages\/5163\/revisions\/5579"}],"wp:attachment":[{"href":"https:\/\/www.vernicifirewall.it\/es\/wp-json\/wp\/v2\/media?parent=5163"}],"curies":[{"name":"wp","href":"https:\/\/api.w.org\/{rel}","templated":true}]}}