{"id":5191,"date":"2014-08-29T10:21:08","date_gmt":"2014-08-29T08:21:08","guid":{"rendered":"http:\/\/www.vernicifirewall.it\/le-leggi\/"},"modified":"2019-04-16T12:07:36","modified_gmt":"2019-04-16T10:07:36","slug":"le-leggi","status":"publish","type":"page","link":"https:\/\/www.vernicifirewall.it\/es\/le-leggi\/","title":{"rendered":"Leyes"},"content":{"rendered":"[mk_page_section bg_image=&#8221;http:\/\/www.vernicifirewall.it\/wp-content\/uploads\/2019\/03\/leggi.jpg&#8221; bg_image_portrait=&#8221;http:\/\/www.vernicifirewall.it\/wp-content\/uploads\/2019\/03\/leggi_mobile.jpg&#8221; bg_repeat=&#8221;no-repeat&#8221; bg_stretch=&#8221;true&#8221; padding_top=&#8221;100&#8243; padding_bottom=&#8221;100&#8243; sidebar=&#8221;sidebar-1&#8243;][vc_column width=&#8221;1\/2&#8243;][vc_column_text el_class=&#8221;white rennertitle&#8221; css=&#8221;.vc_custom_1554733267834{margin-bottom: 0px !important;}&#8221;]Las normas<br \/>\neuropeas [\/vc_column_text][vc_column_text el_class=&#8221;white rennerp&#8221; css=&#8221;.vc_custom_1555409247095{margin-bottom: 0px !important;}&#8221;]La Uni\u00f3n Europea ha equilibrado las complejas normas de los distintos pa\u00edses y ha unificado los procedimientos de certificaci\u00f3n para objetos existentes (marcado CE). Sin embargo, cada pa\u00eds mantiene sus propias leyes porque el reglamento de la UE se refiere a los soportes insertados permanentemente en el edificio, excluyendo los muebles y los objetos no fijos del material para certificar.<\/p>\n<p>Los ciclos de barnizado ign\u00edfugos Firewall cumplen con las siguientes normas:[\/vc_column_text][mk_button dimension=&#8221;flat&#8221; size=&#8221;large&#8221; url=&#8221;http:\/\/www.bsigroup.com&#8221; target=&#8221;_blank&#8221; button_custom_width=&#8221;150&#8243;]BS (UK)[\/mk_button][mk_button dimension=&#8221;flat&#8221; size=&#8221;large&#8221; url=&#8221;http:\/\/www.uni.com&#8221; target=&#8221;_blank&#8221; button_custom_width=&#8221;150&#8243;]UNI (IT)[\/mk_button][mk_button dimension=&#8221;flat&#8221; size=&#8221;large&#8221; url=&#8221;http:\/\/www.astm.org&#8221; target=&#8221;_blank&#8221; button_custom_width=&#8221;150&#8243;]ASTM (US)[\/mk_button][mk_button dimension=&#8221;flat&#8221; size=&#8221;large&#8221; url=&#8221;http:\/\/www.marque-nf.com&#8221; target=&#8221;_blank&#8221; button_custom_width=&#8221;150&#8243;]NF (FR)[\/mk_button][mk_button dimension=&#8221;flat&#8221; size=&#8221;large&#8221; url=&#8221;http:\/\/www.iso.org\/iso\/home.html&#8221; target=&#8221;_blank&#8221; button_custom_width=&#8221;150&#8243;]ISO (INT.)[\/mk_button][mk_button dimension=&#8221;flat&#8221; size=&#8221;large&#8221; url=&#8221;http:\/\/europa.eu\/index_it.htm&#8221; target=&#8221;_blank&#8221; button_custom_width=&#8221;150&#8243;]EN (UE)[\/mk_button][\/vc_column][vc_column width=&#8221;1\/2&#8243;][\/vc_column][\/mk_page_section]\n","protected":false},"excerpt":{"rendered":"<p>[mk_page_section bg_image=&#8221;http:\/\/www.vernicifirewall.it\/wp-content\/uploads\/2019\/03\/leggi.jpg&#8221; bg_image_portrait=&#8221;http:\/\/www.vernicifirewall.it\/wp-content\/uploads\/2019\/03\/leggi_mobile.jpg&#8221; bg_repeat=&#8221;no-repeat&#8221; bg_stretch=&#8221;true&#8221; padding_top=&#8221;100&#8243; padding_bottom=&#8221;100&#8243; sidebar=&#8221;sidebar-1&#8243;][vc_column width=&#8221;1\/2&#8243;][vc_column_text el_class=&#8221;white rennertitle&#8221; css=&#8221;.vc_custom_1554733267834{margin-bottom: 0px !important;}&#8221;]Las normas europeas [\/vc_column_text][vc_column_text el_class=&#8221;white rennerp&#8221; css=&#8221;.vc_custom_1555409247095{margin-bottom: 0px !important;}&#8221;]La Uni\u00f3n Europea ha equilibrado las complejas normas de los distintos pa\u00edses y ha unificado los procedimientos de certificaci\u00f3n para objetos existentes (marcado CE). Sin embargo, cada pa\u00eds mantiene sus propias leyes porque el [&hellip;]<\/p>\n","protected":false},"author":1,"featured_media":0,"parent":0,"menu_order":0,"comment_status":"closed","ping_status":"open","template":"","meta":{"footnotes":""},"class_list":["post-5191","page","type-page","status-publish","hentry"],"yoast_head":"<!-- This site is optimized with the Yoast SEO plugin v27.0 - https:\/\/yoast.com\/product\/yoast-seo-wordpress\/ -->\n<title>Le procedure di certificazione dei manufatti in legno<\/title>\n<meta name=\"description\" content=\"Tutte le normative a cui devono rispondere le verniciature ignifughe del legno in ambito europeo. Procedure di certificazione dei manufatti esistenti marcati CE.\" \/>\n<meta name=\"robots\" content=\"index, follow, max-snippet:-1, max-image-preview:large, max-video-preview:-1\" \/>\n<link rel=\"canonical\" href=\"https:\/\/www.vernicifirewall.it\/es\/le-leggi\/\" \/>\n<meta property=\"og:locale\" content=\"es_ES\" \/>\n<meta property=\"og:type\" content=\"article\" \/>\n<meta property=\"og:title\" content=\"Le procedure di certificazione dei manufatti in legno\" \/>\n<meta property=\"og:description\" content=\"Tutte le normative a cui devono rispondere le verniciature ignifughe del legno in ambito europeo. Procedure di certificazione dei manufatti esistenti marcati CE.\" \/>\n<meta property=\"og:url\" content=\"https:\/\/www.vernicifirewall.it\/es\/le-leggi\/\" \/>\n<meta property=\"og:site_name\" content=\"Le vernici ignifughe per il legno Firewall\" \/>\n<meta property=\"article:modified_time\" content=\"2019-04-16T10:07:36+00:00\" \/>\n<meta name=\"twitter:label1\" content=\"Est. reading time\" \/>\n\t<meta name=\"twitter:data1\" content=\"1 minute\" \/>\n<script type=\"application\/ld+json\" class=\"yoast-schema-graph\">{\"@context\":\"https:\/\/schema.org\",\"@graph\":[{\"@type\":\"WebPage\",\"@id\":\"https:\/\/www.vernicifirewall.it\/es\/le-leggi\/\",\"url\":\"https:\/\/www.vernicifirewall.it\/es\/le-leggi\/\",\"name\":\"Le procedure di certificazione dei manufatti in legno\",\"isPartOf\":{\"@id\":\"https:\/\/www.vernicifirewall.it\/#website\"},\"datePublished\":\"2014-08-29T08:21:08+00:00\",\"dateModified\":\"2019-04-16T10:07:36+00:00\",\"description\":\"Tutte le normative a cui devono rispondere le verniciature ignifughe del legno in ambito europeo. Procedure di certificazione dei manufatti esistenti marcati CE.\",\"breadcrumb\":{\"@id\":\"https:\/\/www.vernicifirewall.it\/es\/le-leggi\/#breadcrumb\"},\"inLanguage\":\"es-ES\",\"potentialAction\":[{\"@type\":\"ReadAction\",\"target\":[\"https:\/\/www.vernicifirewall.it\/es\/le-leggi\/\"]}]},{\"@type\":\"BreadcrumbList\",\"@id\":\"https:\/\/www.vernicifirewall.it\/es\/le-leggi\/#breadcrumb\",\"itemListElement\":[{\"@type\":\"ListItem\",\"position\":1,\"name\":\"Home\",\"item\":\"https:\/\/www.vernicifirewall.it\/es\/\"},{\"@type\":\"ListItem\",\"position\":2,\"name\":\"Leyes\"}]},{\"@type\":\"WebSite\",\"@id\":\"https:\/\/www.vernicifirewall.it\/#website\",\"url\":\"https:\/\/www.vernicifirewall.it\/\",\"name\":\"Le vernici ignifughe per il legno Firewall\",\"description\":\"Le vernici ignifughe per il legno Firewall\",\"potentialAction\":[{\"@type\":\"SearchAction\",\"target\":{\"@type\":\"EntryPoint\",\"urlTemplate\":\"https:\/\/www.vernicifirewall.it\/?s={search_term_string}\"},\"query-input\":{\"@type\":\"PropertyValueSpecification\",\"valueRequired\":true,\"valueName\":\"search_term_string\"}}],\"inLanguage\":\"es-ES\"}]}<\/script>\n<!-- \/ Yoast SEO plugin. -->","yoast_head_json":{"title":"Le procedure di certificazione dei manufatti in legno","description":"Tutte le normative a cui devono rispondere le verniciature ignifughe del legno in ambito europeo. Procedure di certificazione dei manufatti esistenti marcati CE.","robots":{"index":"index","follow":"follow","max-snippet":"max-snippet:-1","max-image-preview":"max-image-preview:large","max-video-preview":"max-video-preview:-1"},"canonical":"https:\/\/www.vernicifirewall.it\/es\/le-leggi\/","og_locale":"es_ES","og_type":"article","og_title":"Le procedure di certificazione dei manufatti in legno","og_description":"Tutte le normative a cui devono rispondere le verniciature ignifughe del legno in ambito europeo. Procedure di certificazione dei manufatti esistenti marcati CE.","og_url":"https:\/\/www.vernicifirewall.it\/es\/le-leggi\/","og_site_name":"Le vernici ignifughe per il legno Firewall","article_modified_time":"2019-04-16T10:07:36+00:00","twitter_misc":{"Est. reading time":"1 minute"},"schema":{"@context":"https:\/\/schema.org","@graph":[{"@type":"WebPage","@id":"https:\/\/www.vernicifirewall.it\/es\/le-leggi\/","url":"https:\/\/www.vernicifirewall.it\/es\/le-leggi\/","name":"Le procedure di certificazione dei manufatti in legno","isPartOf":{"@id":"https:\/\/www.vernicifirewall.it\/#website"},"datePublished":"2014-08-29T08:21:08+00:00","dateModified":"2019-04-16T10:07:36+00:00","description":"Tutte le normative a cui devono rispondere le verniciature ignifughe del legno in ambito europeo. Procedure di certificazione dei manufatti esistenti marcati CE.","breadcrumb":{"@id":"https:\/\/www.vernicifirewall.it\/es\/le-leggi\/#breadcrumb"},"inLanguage":"es-ES","potentialAction":[{"@type":"ReadAction","target":["https:\/\/www.vernicifirewall.it\/es\/le-leggi\/"]}]},{"@type":"BreadcrumbList","@id":"https:\/\/www.vernicifirewall.it\/es\/le-leggi\/#breadcrumb","itemListElement":[{"@type":"ListItem","position":1,"name":"Home","item":"https:\/\/www.vernicifirewall.it\/es\/"},{"@type":"ListItem","position":2,"name":"Leyes"}]},{"@type":"WebSite","@id":"https:\/\/www.vernicifirewall.it\/#website","url":"https:\/\/www.vernicifirewall.it\/","name":"Le vernici ignifughe per il legno Firewall","description":"Le vernici ignifughe per il legno Firewall","potentialAction":[{"@type":"SearchAction","target":{"@type":"EntryPoint","urlTemplate":"https:\/\/www.vernicifirewall.it\/?s={search_term_string}"},"query-input":{"@type":"PropertyValueSpecification","valueRequired":true,"valueName":"search_term_string"}}],"inLanguage":"es-ES"}]}},"_links":{"self":[{"href":"https:\/\/www.vernicifirewall.it\/es\/wp-json\/wp\/v2\/pages\/5191","targetHints":{"allow":["GET"]}}],"collection":[{"href":"https:\/\/www.vernicifirewall.it\/es\/wp-json\/wp\/v2\/pages"}],"about":[{"href":"https:\/\/www.vernicifirewall.it\/es\/wp-json\/wp\/v2\/types\/page"}],"author":[{"embeddable":true,"href":"https:\/\/www.vernicifirewall.it\/es\/wp-json\/wp\/v2\/users\/1"}],"replies":[{"embeddable":true,"href":"https:\/\/www.vernicifirewall.it\/es\/wp-json\/wp\/v2\/comments?post=5191"}],"version-history":[{"count":4,"href":"https:\/\/www.vernicifirewall.it\/es\/wp-json\/wp\/v2\/pages\/5191\/revisions"}],"predecessor-version":[{"id":5576,"href":"https:\/\/www.vernicifirewall.it\/es\/wp-json\/wp\/v2\/pages\/5191\/revisions\/5576"}],"wp:attachment":[{"href":"https:\/\/www.vernicifirewall.it\/es\/wp-json\/wp\/v2\/media?parent=5191"}],"curies":[{"name":"wp","href":"https:\/\/api.w.org\/{rel}","templated":true}]}}