{"id":5228,"date":"2019-03-15T10:13:49","date_gmt":"2019-03-15T09:13:49","guid":{"rendered":"http:\/\/www.vernicifirewall.it\/la-sicurezza-durante-le-fiere-e-le-mostre\/"},"modified":"2019-04-16T11:56:03","modified_gmt":"2019-04-16T09:56:03","slug":"la-sicurezza-durante-le-fiere-e-le-mostre","status":"publish","type":"page","link":"https:\/\/www.vernicifirewall.it\/es\/la-sicurezza-durante-le-fiere-e-le-mostre\/","title":{"rendered":"La seguridad durante las exposiciones y las ferias"},"content":{"rendered":"[mk_page_section bg_image=&#8221;http:\/\/www.vernicifirewall.it\/wp-content\/uploads\/2019\/03\/fiera-2.jpg&#8221; bg_image_portrait=&#8221;http:\/\/www.vernicifirewall.it\/wp-content\/uploads\/2019\/03\/fiera-2_mobile.jpg&#8221; bg_position=&#8221;left center&#8221; bg_repeat=&#8221;no-repeat&#8221; bg_stretch=&#8221;true&#8221; enable_3d=&#8221;true&#8221; padding_top=&#8221;0&#8243; padding_bottom=&#8221;0&#8243; sidebar=&#8221;sidebar-1&#8243;][vc_column width=&#8221;1\/2&#8243;]<div class=\"ult-spacer spacer-6a080b0c90b32\" data-id=\"6a080b0c90b32\" data-height=\"200\" data-height-mobile=\"50\" data-height-tab=\"200\" data-height-tab-portrait=\"200\" data-height-mobile-landscape=\"50\" style=\"clear:both;display:block;\"><\/div>[vc_column_text el_class=&#8221;black rennertitle&#8221; css=&#8221;.vc_custom_1554739459619{margin-bottom: 0px !important;}&#8221;]La seguridad<br \/>\ndurante las exposiciones<br \/>\ny las ferias[\/vc_column_text][vc_column_text el_class=&#8221;black rennerp&#8221; css=&#8221;.vc_custom_1554739467205{margin-bottom: 0px !important;}&#8221;]Los espacios para exposiciones y exposiciones temporales est\u00e1n sujetos a planes de seguridad contra incendios y de prevenci\u00f3n de incendios dise\u00f1ados espec\u00edficamente para el tipo de evento, la morfolog\u00eda de la estructura, la capacidad de recepci\u00f3n en n\u00famero de participantes o visitantes. En el caso de eventos temporales, los soportes utilizados se construyen para la ocasi\u00f3n, a menudo por razones de dise\u00f1o o por la durabilidad de los materiales de construcci\u00f3n. Con respecto a las estructuras para eventos temporales, las reglas de seguridad que gobiernan el uso de paneles de madera, prev\u00e9n, por ejemplo, la aplicaci\u00f3n de barnices ign\u00edfugos.[\/vc_column_text]<div class=\"ult-spacer spacer-6a080b0c90ba0\" data-id=\"6a080b0c90ba0\" data-height=\"200\" data-height-mobile=\"50\" data-height-tab=\"200\" data-height-tab-portrait=\"200\" data-height-mobile-landscape=\"50\" style=\"clear:both;display:block;\"><\/div>[\/vc_column][vc_column width=&#8221;1\/2&#8243;][\/vc_column][\/mk_page_section][mk_page_section bg_image=&#8221;http:\/\/www.vernicifirewall.it\/wp-content\/uploads\/2019\/03\/mostra.jpg&#8221; bg_image_portrait=&#8221;http:\/\/www.vernicifirewall.it\/wp-content\/uploads\/2019\/03\/mostra_mobile.jpg&#8221; bg_position=&#8221;right center&#8221; bg_repeat=&#8221;no-repeat&#8221; bg_stretch=&#8221;true&#8221; enable_3d=&#8221;true&#8221; padding_top=&#8221;0&#8243; padding_bottom=&#8221;0&#8243; sidebar=&#8221;sidebar-1&#8243;][vc_column width=&#8221;1\/2&#8243;][\/vc_column][vc_column width=&#8221;1\/2&#8243;]<div class=\"ult-spacer spacer-6a080b0c90bf4\" data-id=\"6a080b0c90bf4\" data-height=\"200\" data-height-mobile=\"50\" data-height-tab=\"200\" data-height-tab-portrait=\"200\" data-height-mobile-landscape=\"50\" style=\"clear:both;display:block;\"><\/div>[vc_column_text el_class=&#8221;white rennertitle&#8221; css=&#8221;.vc_custom_1554739474443{margin-bottom: 0px !important;}&#8221;]\u00bfCu\u00e1les son los productos de la gama Firewall para utilizar?[\/vc_column_text][vc_column_text el_class=&#8221;white rennerp&#8221; css=&#8221;.vc_custom_1555408556526{margin-bottom: 0px !important;}&#8221;]El ciclo RAF-AP pigmentado monocomponente (IT-EU-UK) es particularmente adecuado para aplicaciones de madera en ferias y eventos temporales. Los stands y objetos destinados a ser instalados en ferias, exposiciones y exposiciones temporales son la tarjeta de presentaci\u00f3n del evento: por lo tanto, es esencial para garantizar un alto nivel de protecci\u00f3n en t\u00e9rminos de seguridad y un rendimiento impecable en t\u00e9rminos de est\u00e9tica. Adem\u00e1s, gracias a las \u00faltimas certificaciones obtenidas, los barnices ign\u00edfugos Firewall tambi\u00e9n se pueden aplicar al cart\u00f3n nido de abeja que, gracias a sus cualidades excepcionales en t\u00e9rminos de ductilidad, se utiliza a menudo en la organizaci\u00f3n de exposiciones.[\/vc_column_text]<div class=\"ult-spacer spacer-6a080b0c90c44\" data-id=\"6a080b0c90c44\" data-height=\"200\" data-height-mobile=\"50\" data-height-tab=\"200\" data-height-tab-portrait=\"200\" data-height-mobile-landscape=\"50\" style=\"clear:both;display:block;\"><\/div>[\/vc_column][\/mk_page_section]\n","protected":false},"excerpt":{"rendered":"<p>[mk_page_section bg_image=&#8221;http:\/\/www.vernicifirewall.it\/wp-content\/uploads\/2019\/03\/fiera-2.jpg&#8221; bg_image_portrait=&#8221;http:\/\/www.vernicifirewall.it\/wp-content\/uploads\/2019\/03\/fiera-2_mobile.jpg&#8221; bg_position=&#8221;left center&#8221; bg_repeat=&#8221;no-repeat&#8221; bg_stretch=&#8221;true&#8221; enable_3d=&#8221;true&#8221; padding_top=&#8221;0&#8243; padding_bottom=&#8221;0&#8243; sidebar=&#8221;sidebar-1&#8243;][vc_column width=&#8221;1\/2&#8243;][vc_column_text el_class=&#8221;black rennertitle&#8221; css=&#8221;.vc_custom_1554739459619{margin-bottom: 0px !important;}&#8221;]La seguridad durante las exposiciones y las ferias[\/vc_column_text][vc_column_text el_class=&#8221;black rennerp&#8221; css=&#8221;.vc_custom_1554739467205{margin-bottom: 0px !important;}&#8221;]Los espacios para exposiciones y exposiciones temporales est\u00e1n sujetos a planes de seguridad contra incendios y de prevenci\u00f3n de incendios dise\u00f1ados espec\u00edficamente para el tipo de evento, [&hellip;]<\/p>\n","protected":false},"author":1,"featured_media":0,"parent":0,"menu_order":0,"comment_status":"closed","ping_status":"closed","template":"","meta":{"footnotes":""},"class_list":["post-5228","page","type-page","status-publish","hentry"],"yoast_head":"<!-- This site is optimized with the Yoast SEO plugin v27.0 - https:\/\/yoast.com\/product\/yoast-seo-wordpress\/ -->\n<title>La seguridad durante las exposiciones y las ferias - Le vernici ignifughe per il legno Firewall<\/title>\n<meta name=\"robots\" content=\"index, follow, max-snippet:-1, max-image-preview:large, max-video-preview:-1\" \/>\n<link rel=\"canonical\" href=\"https:\/\/www.vernicifirewall.it\/es\/la-sicurezza-durante-le-fiere-e-le-mostre\/\" \/>\n<meta property=\"og:locale\" content=\"es_ES\" \/>\n<meta property=\"og:type\" content=\"article\" \/>\n<meta property=\"og:title\" content=\"La seguridad durante las exposiciones y las ferias - Le vernici ignifughe per il legno Firewall\" \/>\n<meta property=\"og:description\" content=\"[mk_page_section bg_image=&#8221;http:\/\/www.vernicifirewall.it\/wp-content\/uploads\/2019\/03\/fiera-2.jpg&#8221; bg_image_portrait=&#8221;http:\/\/www.vernicifirewall.it\/wp-content\/uploads\/2019\/03\/fiera-2_mobile.jpg&#8221; bg_position=&#8221;left center&#8221; bg_repeat=&#8221;no-repeat&#8221; bg_stretch=&#8221;true&#8221; enable_3d=&#8221;true&#8221; padding_top=&#8221;0&#8243; padding_bottom=&#8221;0&#8243; sidebar=&#8221;sidebar-1&#8243;][vc_column width=&#8221;1\/2&#8243;][vc_column_text el_class=&#8221;black rennertitle&#8221; css=&#8221;.vc_custom_1554739459619{margin-bottom: 0px !important;}&#8221;]La seguridad durante las exposiciones y las ferias[\/vc_column_text][vc_column_text el_class=&#8221;black rennerp&#8221; css=&#8221;.vc_custom_1554739467205{margin-bottom: 0px !important;}&#8221;]Los espacios para exposiciones y exposiciones temporales est\u00e1n sujetos a planes de seguridad contra incendios y de prevenci\u00f3n de incendios dise\u00f1ados espec\u00edficamente para el tipo de evento, [&hellip;]\" \/>\n<meta property=\"og:url\" content=\"https:\/\/www.vernicifirewall.it\/es\/la-sicurezza-durante-le-fiere-e-le-mostre\/\" \/>\n<meta property=\"og:site_name\" content=\"Le vernici ignifughe per il legno Firewall\" \/>\n<meta property=\"article:modified_time\" content=\"2019-04-16T09:56:03+00:00\" \/>\n<meta name=\"twitter:label1\" content=\"Est. reading time\" \/>\n\t<meta name=\"twitter:data1\" content=\"2 minutes\" \/>\n<script type=\"application\/ld+json\" class=\"yoast-schema-graph\">{\"@context\":\"https:\/\/schema.org\",\"@graph\":[{\"@type\":\"WebPage\",\"@id\":\"https:\/\/www.vernicifirewall.it\/es\/la-sicurezza-durante-le-fiere-e-le-mostre\/\",\"url\":\"https:\/\/www.vernicifirewall.it\/es\/la-sicurezza-durante-le-fiere-e-le-mostre\/\",\"name\":\"La seguridad durante las exposiciones y las ferias - Le vernici ignifughe per il legno Firewall\",\"isPartOf\":{\"@id\":\"https:\/\/www.vernicifirewall.it\/#website\"},\"datePublished\":\"2019-03-15T09:13:49+00:00\",\"dateModified\":\"2019-04-16T09:56:03+00:00\",\"breadcrumb\":{\"@id\":\"https:\/\/www.vernicifirewall.it\/es\/la-sicurezza-durante-le-fiere-e-le-mostre\/#breadcrumb\"},\"inLanguage\":\"es-ES\",\"potentialAction\":[{\"@type\":\"ReadAction\",\"target\":[\"https:\/\/www.vernicifirewall.it\/es\/la-sicurezza-durante-le-fiere-e-le-mostre\/\"]}]},{\"@type\":\"BreadcrumbList\",\"@id\":\"https:\/\/www.vernicifirewall.it\/es\/la-sicurezza-durante-le-fiere-e-le-mostre\/#breadcrumb\",\"itemListElement\":[{\"@type\":\"ListItem\",\"position\":1,\"name\":\"Home\",\"item\":\"https:\/\/www.vernicifirewall.it\/es\/\"},{\"@type\":\"ListItem\",\"position\":2,\"name\":\"La seguridad durante las exposiciones y las ferias\"}]},{\"@type\":\"WebSite\",\"@id\":\"https:\/\/www.vernicifirewall.it\/#website\",\"url\":\"https:\/\/www.vernicifirewall.it\/\",\"name\":\"Le vernici ignifughe per il legno Firewall\",\"description\":\"Le vernici ignifughe per il legno Firewall\",\"potentialAction\":[{\"@type\":\"SearchAction\",\"target\":{\"@type\":\"EntryPoint\",\"urlTemplate\":\"https:\/\/www.vernicifirewall.it\/?s={search_term_string}\"},\"query-input\":{\"@type\":\"PropertyValueSpecification\",\"valueRequired\":true,\"valueName\":\"search_term_string\"}}],\"inLanguage\":\"es-ES\"}]}<\/script>\n<!-- \/ Yoast SEO plugin. -->","yoast_head_json":{"title":"La seguridad durante las exposiciones y las ferias - Le vernici ignifughe per il legno Firewall","robots":{"index":"index","follow":"follow","max-snippet":"max-snippet:-1","max-image-preview":"max-image-preview:large","max-video-preview":"max-video-preview:-1"},"canonical":"https:\/\/www.vernicifirewall.it\/es\/la-sicurezza-durante-le-fiere-e-le-mostre\/","og_locale":"es_ES","og_type":"article","og_title":"La seguridad durante las exposiciones y las ferias - Le vernici ignifughe per il legno Firewall","og_description":"[mk_page_section bg_image=&#8221;http:\/\/www.vernicifirewall.it\/wp-content\/uploads\/2019\/03\/fiera-2.jpg&#8221; bg_image_portrait=&#8221;http:\/\/www.vernicifirewall.it\/wp-content\/uploads\/2019\/03\/fiera-2_mobile.jpg&#8221; bg_position=&#8221;left center&#8221; bg_repeat=&#8221;no-repeat&#8221; bg_stretch=&#8221;true&#8221; enable_3d=&#8221;true&#8221; padding_top=&#8221;0&#8243; padding_bottom=&#8221;0&#8243; sidebar=&#8221;sidebar-1&#8243;][vc_column width=&#8221;1\/2&#8243;][vc_column_text el_class=&#8221;black rennertitle&#8221; css=&#8221;.vc_custom_1554739459619{margin-bottom: 0px !important;}&#8221;]La seguridad durante las exposiciones y las ferias[\/vc_column_text][vc_column_text el_class=&#8221;black rennerp&#8221; css=&#8221;.vc_custom_1554739467205{margin-bottom: 0px !important;}&#8221;]Los espacios para exposiciones y exposiciones temporales est\u00e1n sujetos a planes de seguridad contra incendios y de prevenci\u00f3n de incendios dise\u00f1ados espec\u00edficamente para el tipo de evento, [&hellip;]","og_url":"https:\/\/www.vernicifirewall.it\/es\/la-sicurezza-durante-le-fiere-e-le-mostre\/","og_site_name":"Le vernici ignifughe per il legno Firewall","article_modified_time":"2019-04-16T09:56:03+00:00","twitter_misc":{"Est. reading time":"2 minutes"},"schema":{"@context":"https:\/\/schema.org","@graph":[{"@type":"WebPage","@id":"https:\/\/www.vernicifirewall.it\/es\/la-sicurezza-durante-le-fiere-e-le-mostre\/","url":"https:\/\/www.vernicifirewall.it\/es\/la-sicurezza-durante-le-fiere-e-le-mostre\/","name":"La seguridad durante las exposiciones y las ferias - Le vernici ignifughe per il legno Firewall","isPartOf":{"@id":"https:\/\/www.vernicifirewall.it\/#website"},"datePublished":"2019-03-15T09:13:49+00:00","dateModified":"2019-04-16T09:56:03+00:00","breadcrumb":{"@id":"https:\/\/www.vernicifirewall.it\/es\/la-sicurezza-durante-le-fiere-e-le-mostre\/#breadcrumb"},"inLanguage":"es-ES","potentialAction":[{"@type":"ReadAction","target":["https:\/\/www.vernicifirewall.it\/es\/la-sicurezza-durante-le-fiere-e-le-mostre\/"]}]},{"@type":"BreadcrumbList","@id":"https:\/\/www.vernicifirewall.it\/es\/la-sicurezza-durante-le-fiere-e-le-mostre\/#breadcrumb","itemListElement":[{"@type":"ListItem","position":1,"name":"Home","item":"https:\/\/www.vernicifirewall.it\/es\/"},{"@type":"ListItem","position":2,"name":"La seguridad durante las exposiciones y las ferias"}]},{"@type":"WebSite","@id":"https:\/\/www.vernicifirewall.it\/#website","url":"https:\/\/www.vernicifirewall.it\/","name":"Le vernici ignifughe per il legno Firewall","description":"Le vernici ignifughe per il legno Firewall","potentialAction":[{"@type":"SearchAction","target":{"@type":"EntryPoint","urlTemplate":"https:\/\/www.vernicifirewall.it\/?s={search_term_string}"},"query-input":{"@type":"PropertyValueSpecification","valueRequired":true,"valueName":"search_term_string"}}],"inLanguage":"es-ES"}]}},"_links":{"self":[{"href":"https:\/\/www.vernicifirewall.it\/es\/wp-json\/wp\/v2\/pages\/5228","targetHints":{"allow":["GET"]}}],"collection":[{"href":"https:\/\/www.vernicifirewall.it\/es\/wp-json\/wp\/v2\/pages"}],"about":[{"href":"https:\/\/www.vernicifirewall.it\/es\/wp-json\/wp\/v2\/types\/page"}],"author":[{"embeddable":true,"href":"https:\/\/www.vernicifirewall.it\/es\/wp-json\/wp\/v2\/users\/1"}],"replies":[{"embeddable":true,"href":"https:\/\/www.vernicifirewall.it\/es\/wp-json\/wp\/v2\/comments?post=5228"}],"version-history":[{"count":3,"href":"https:\/\/www.vernicifirewall.it\/es\/wp-json\/wp\/v2\/pages\/5228\/revisions"}],"predecessor-version":[{"id":5574,"href":"https:\/\/www.vernicifirewall.it\/es\/wp-json\/wp\/v2\/pages\/5228\/revisions\/5574"}],"wp:attachment":[{"href":"https:\/\/www.vernicifirewall.it\/es\/wp-json\/wp\/v2\/media?parent=5228"}],"curies":[{"name":"wp","href":"https:\/\/api.w.org\/{rel}","templated":true}]}}