{"id":5240,"date":"2019-03-15T11:00:58","date_gmt":"2019-03-15T10:00:58","guid":{"rendered":"http:\/\/www.vernicifirewall.it\/il-design-del-cartoncino-alveolare-innovazione-da-proteggere\/"},"modified":"2019-04-16T11:27:33","modified_gmt":"2019-04-16T09:27:33","slug":"il-design-del-cartoncino-alveolare-innovazione-da-proteggere","status":"publish","type":"page","link":"https:\/\/www.vernicifirewall.it\/es\/il-design-del-cartoncino-alveolare-innovazione-da-proteggere\/","title":{"rendered":"El dise\u00f1o del cart\u00f3n nido de abeja una innovaci\u00f3n para protegir"},"content":{"rendered":"[mk_page_section bg_image=&#8221;http:\/\/www.vernicifirewall.it\/wp-content\/uploads\/2019\/03\/cartoncino.jpg&#8221; bg_image_portrait=&#8221;http:\/\/www.vernicifirewall.it\/wp-content\/uploads\/2019\/03\/cartoncino_mobile.jpg&#8221; bg_position=&#8221;left center&#8221; bg_repeat=&#8221;no-repeat&#8221; bg_stretch=&#8221;true&#8221; enable_3d=&#8221;true&#8221; padding_top=&#8221;0&#8243; padding_bottom=&#8221;0&#8243; sidebar=&#8221;sidebar-1&#8243;][vc_column width=&#8221;1\/2&#8243;]<div class=\"ult-spacer spacer-69f2f0d0ab16c\" data-id=\"69f2f0d0ab16c\" data-height=\"200\" data-height-mobile=\"50\" data-height-tab=\"200\" data-height-tab-portrait=\"200\" data-height-mobile-landscape=\"50\" style=\"clear:both;display:block;\"><\/div>[vc_column_text el_class=&#8221;white rennertitle&#8221; css=&#8221;.vc_custom_1555406668749{margin-bottom: 0px !important;}&#8221;]El dise\u00f1o<br \/>\ndel cart\u00f3n nido de abeja:<br \/>\nuna innovaci\u00f3n para proteger[\/vc_column_text][vc_column_text el_class=&#8221;white rennerp&#8221; css=&#8221;.vc_custom_1555406790702{margin-bottom: 0px !important;}&#8221;]Las pinturas ign\u00edfugas Firewall no protegen s\u00f3lo la madera. Los ciclos de barnizado ign\u00edfugos de Renner Italia han sido certificados para ser aplicados sobre un material cada vez m\u00e1s utilizado en el comercio: el cart\u00f3n nido de abeja. El uso del cart\u00f3n nido de abeja es cada vez m\u00e1s com\u00fan en el campo de los muebles. Es un material d\u00factil, ligero y multifunci\u00f3n. Hizo su aparici\u00f3n como un material de embalaje para atraer la atenci\u00f3n de los arquitectos de interiores que comenzaron a utilizarlo para hacer estantes.[\/vc_column_text]<div class=\"ult-spacer spacer-69f2f0d0ab21f\" data-id=\"69f2f0d0ab21f\" data-height=\"200\" data-height-mobile=\"150\" data-height-tab=\"200\" data-height-tab-portrait=\"200\" data-height-mobile-landscape=\"150\" style=\"clear:both;display:block;\"><\/div>[\/vc_column][vc_column width=&#8221;1\/2&#8243;][\/vc_column][\/mk_page_section][mk_page_section bg_image=&#8221;http:\/\/www.vernicifirewall.it\/wp-content\/uploads\/2019\/03\/cartone-logo-3.jpg&#8221; bg_image_portrait=&#8221;http:\/\/www.vernicifirewall.it\/wp-content\/uploads\/2019\/03\/cartone-logo-3_mobile.jpg&#8221; bg_position=&#8221;right center&#8221; bg_repeat=&#8221;no-repeat&#8221; bg_stretch=&#8221;true&#8221; enable_3d=&#8221;true&#8221; padding_top=&#8221;0&#8243; padding_bottom=&#8221;0&#8243; sidebar=&#8221;sidebar-1&#8243;][vc_column width=&#8221;1\/2&#8243;][\/vc_column][vc_column width=&#8221;1\/2&#8243;]<div class=\"ult-spacer spacer-69f2f0d0ab2c3\" data-id=\"69f2f0d0ab2c3\" data-height=\"200\" data-height-mobile=\"230\" data-height-tab=\"200\" data-height-tab-portrait=\"200\" data-height-mobile-landscape=\"230\" style=\"clear:both;display:block;\"><\/div>[vc_column_text el_class=&#8221;black rennertitle&#8221; css=&#8221;.vc_custom_1554741696717{margin-bottom: 0px !important;}&#8221;]Una alternativa<br \/>\nen los muebles[\/vc_column_text][vc_column_text el_class=&#8221;black rennerp&#8221; css=&#8221;.vc_custom_1555406846278{margin-bottom: 0px !important;}&#8221;]Es un material que puede ser personalizado a trav\u00e9s de las pinturas y destinado a satisfacer la creatividad de los arquitectos. Ahora es com\u00fan encontrar en el mercado muebles hechos totalmente de cart\u00f3n nido de abeja: bibliotecas, estanter\u00edas, mesas de noche.<br \/>\nAl igual que la madera, con la que se combina para hacer los muebles, es un material altamente inflamable. Aplicar un barniz ign\u00edfugo a los muebles de cart\u00f3n nido de abeja significa mejorarlo est\u00e9ticamente y convertirlo en un material que pueda soportar los peligros de un incendio hipot\u00e9tico.[\/vc_column_text]<div class=\"ult-spacer spacer-69f2f0d0ab34e\" data-id=\"69f2f0d0ab34e\" data-height=\"200\" data-height-mobile=\"50\" data-height-tab=\"200\" data-height-tab-portrait=\"200\" data-height-mobile-landscape=\"50\" style=\"clear:both;display:block;\"><\/div>[\/vc_column][\/mk_page_section]\n","protected":false},"excerpt":{"rendered":"<p>[mk_page_section bg_image=&#8221;http:\/\/www.vernicifirewall.it\/wp-content\/uploads\/2019\/03\/cartoncino.jpg&#8221; bg_image_portrait=&#8221;http:\/\/www.vernicifirewall.it\/wp-content\/uploads\/2019\/03\/cartoncino_mobile.jpg&#8221; bg_position=&#8221;left center&#8221; bg_repeat=&#8221;no-repeat&#8221; bg_stretch=&#8221;true&#8221; enable_3d=&#8221;true&#8221; padding_top=&#8221;0&#8243; padding_bottom=&#8221;0&#8243; sidebar=&#8221;sidebar-1&#8243;][vc_column width=&#8221;1\/2&#8243;][vc_column_text el_class=&#8221;white rennertitle&#8221; css=&#8221;.vc_custom_1555406668749{margin-bottom: 0px !important;}&#8221;]El dise\u00f1o del cart\u00f3n nido de abeja: una innovaci\u00f3n para proteger[\/vc_column_text][vc_column_text el_class=&#8221;white rennerp&#8221; css=&#8221;.vc_custom_1555406790702{margin-bottom: 0px !important;}&#8221;]Las pinturas ign\u00edfugas Firewall no protegen s\u00f3lo la madera. Los ciclos de barnizado ign\u00edfugos de Renner Italia han sido certificados para ser aplicados sobre [&hellip;]<\/p>\n","protected":false},"author":1,"featured_media":0,"parent":0,"menu_order":0,"comment_status":"closed","ping_status":"closed","template":"","meta":{"footnotes":""},"class_list":["post-5240","page","type-page","status-publish","hentry"],"yoast_head":"<!-- This site is optimized with the Yoast SEO plugin v27.0 - https:\/\/yoast.com\/product\/yoast-seo-wordpress\/ -->\n<title>El dise\u00f1o del cart\u00f3n nido de abeja una innovaci\u00f3n para protegir - Le vernici ignifughe per il legno Firewall<\/title>\n<meta name=\"robots\" content=\"index, follow, max-snippet:-1, max-image-preview:large, max-video-preview:-1\" \/>\n<link rel=\"canonical\" href=\"https:\/\/www.vernicifirewall.it\/es\/il-design-del-cartoncino-alveolare-innovazione-da-proteggere\/\" \/>\n<meta property=\"og:locale\" content=\"es_ES\" \/>\n<meta property=\"og:type\" content=\"article\" \/>\n<meta property=\"og:title\" content=\"El dise\u00f1o del cart\u00f3n nido de abeja una innovaci\u00f3n para protegir - Le vernici ignifughe per il legno Firewall\" \/>\n<meta property=\"og:description\" content=\"[mk_page_section bg_image=&#8221;http:\/\/www.vernicifirewall.it\/wp-content\/uploads\/2019\/03\/cartoncino.jpg&#8221; bg_image_portrait=&#8221;http:\/\/www.vernicifirewall.it\/wp-content\/uploads\/2019\/03\/cartoncino_mobile.jpg&#8221; bg_position=&#8221;left center&#8221; bg_repeat=&#8221;no-repeat&#8221; bg_stretch=&#8221;true&#8221; enable_3d=&#8221;true&#8221; padding_top=&#8221;0&#8243; padding_bottom=&#8221;0&#8243; sidebar=&#8221;sidebar-1&#8243;][vc_column width=&#8221;1\/2&#8243;][vc_column_text el_class=&#8221;white rennertitle&#8221; css=&#8221;.vc_custom_1555406668749{margin-bottom: 0px !important;}&#8221;]El dise\u00f1o del cart\u00f3n nido de abeja: una innovaci\u00f3n para proteger[\/vc_column_text][vc_column_text el_class=&#8221;white rennerp&#8221; css=&#8221;.vc_custom_1555406790702{margin-bottom: 0px !important;}&#8221;]Las pinturas ign\u00edfugas Firewall no protegen s\u00f3lo la madera. Los ciclos de barnizado ign\u00edfugos de Renner Italia han sido certificados para ser aplicados sobre [&hellip;]\" \/>\n<meta property=\"og:url\" content=\"https:\/\/www.vernicifirewall.it\/es\/il-design-del-cartoncino-alveolare-innovazione-da-proteggere\/\" \/>\n<meta property=\"og:site_name\" content=\"Le vernici ignifughe per il legno Firewall\" \/>\n<meta property=\"article:modified_time\" content=\"2019-04-16T09:27:33+00:00\" \/>\n<meta name=\"twitter:label1\" content=\"Est. reading time\" \/>\n\t<meta name=\"twitter:data1\" content=\"2 minutes\" \/>\n<script type=\"application\/ld+json\" class=\"yoast-schema-graph\">{\"@context\":\"https:\/\/schema.org\",\"@graph\":[{\"@type\":\"WebPage\",\"@id\":\"https:\/\/www.vernicifirewall.it\/es\/il-design-del-cartoncino-alveolare-innovazione-da-proteggere\/\",\"url\":\"https:\/\/www.vernicifirewall.it\/es\/il-design-del-cartoncino-alveolare-innovazione-da-proteggere\/\",\"name\":\"El dise\u00f1o del cart\u00f3n nido de abeja una innovaci\u00f3n para protegir - Le vernici ignifughe per il legno Firewall\",\"isPartOf\":{\"@id\":\"https:\/\/www.vernicifirewall.it\/#website\"},\"datePublished\":\"2019-03-15T10:00:58+00:00\",\"dateModified\":\"2019-04-16T09:27:33+00:00\",\"breadcrumb\":{\"@id\":\"https:\/\/www.vernicifirewall.it\/es\/il-design-del-cartoncino-alveolare-innovazione-da-proteggere\/#breadcrumb\"},\"inLanguage\":\"es-ES\",\"potentialAction\":[{\"@type\":\"ReadAction\",\"target\":[\"https:\/\/www.vernicifirewall.it\/es\/il-design-del-cartoncino-alveolare-innovazione-da-proteggere\/\"]}]},{\"@type\":\"BreadcrumbList\",\"@id\":\"https:\/\/www.vernicifirewall.it\/es\/il-design-del-cartoncino-alveolare-innovazione-da-proteggere\/#breadcrumb\",\"itemListElement\":[{\"@type\":\"ListItem\",\"position\":1,\"name\":\"Home\",\"item\":\"https:\/\/www.vernicifirewall.it\/es\/\"},{\"@type\":\"ListItem\",\"position\":2,\"name\":\"El dise\u00f1o del cart\u00f3n nido de abeja una innovaci\u00f3n para protegir\"}]},{\"@type\":\"WebSite\",\"@id\":\"https:\/\/www.vernicifirewall.it\/#website\",\"url\":\"https:\/\/www.vernicifirewall.it\/\",\"name\":\"Le vernici ignifughe per il legno Firewall\",\"description\":\"Le vernici ignifughe per il legno Firewall\",\"potentialAction\":[{\"@type\":\"SearchAction\",\"target\":{\"@type\":\"EntryPoint\",\"urlTemplate\":\"https:\/\/www.vernicifirewall.it\/?s={search_term_string}\"},\"query-input\":{\"@type\":\"PropertyValueSpecification\",\"valueRequired\":true,\"valueName\":\"search_term_string\"}}],\"inLanguage\":\"es-ES\"}]}<\/script>\n<!-- \/ Yoast SEO plugin. -->","yoast_head_json":{"title":"El dise\u00f1o del cart\u00f3n nido de abeja una innovaci\u00f3n para protegir - Le vernici ignifughe per il legno Firewall","robots":{"index":"index","follow":"follow","max-snippet":"max-snippet:-1","max-image-preview":"max-image-preview:large","max-video-preview":"max-video-preview:-1"},"canonical":"https:\/\/www.vernicifirewall.it\/es\/il-design-del-cartoncino-alveolare-innovazione-da-proteggere\/","og_locale":"es_ES","og_type":"article","og_title":"El dise\u00f1o del cart\u00f3n nido de abeja una innovaci\u00f3n para protegir - Le vernici ignifughe per il legno Firewall","og_description":"[mk_page_section bg_image=&#8221;http:\/\/www.vernicifirewall.it\/wp-content\/uploads\/2019\/03\/cartoncino.jpg&#8221; bg_image_portrait=&#8221;http:\/\/www.vernicifirewall.it\/wp-content\/uploads\/2019\/03\/cartoncino_mobile.jpg&#8221; bg_position=&#8221;left center&#8221; bg_repeat=&#8221;no-repeat&#8221; bg_stretch=&#8221;true&#8221; enable_3d=&#8221;true&#8221; padding_top=&#8221;0&#8243; padding_bottom=&#8221;0&#8243; sidebar=&#8221;sidebar-1&#8243;][vc_column width=&#8221;1\/2&#8243;][vc_column_text el_class=&#8221;white rennertitle&#8221; css=&#8221;.vc_custom_1555406668749{margin-bottom: 0px !important;}&#8221;]El dise\u00f1o del cart\u00f3n nido de abeja: una innovaci\u00f3n para proteger[\/vc_column_text][vc_column_text el_class=&#8221;white rennerp&#8221; css=&#8221;.vc_custom_1555406790702{margin-bottom: 0px !important;}&#8221;]Las pinturas ign\u00edfugas Firewall no protegen s\u00f3lo la madera. Los ciclos de barnizado ign\u00edfugos de Renner Italia han sido certificados para ser aplicados sobre [&hellip;]","og_url":"https:\/\/www.vernicifirewall.it\/es\/il-design-del-cartoncino-alveolare-innovazione-da-proteggere\/","og_site_name":"Le vernici ignifughe per il legno Firewall","article_modified_time":"2019-04-16T09:27:33+00:00","twitter_misc":{"Est. reading time":"2 minutes"},"schema":{"@context":"https:\/\/schema.org","@graph":[{"@type":"WebPage","@id":"https:\/\/www.vernicifirewall.it\/es\/il-design-del-cartoncino-alveolare-innovazione-da-proteggere\/","url":"https:\/\/www.vernicifirewall.it\/es\/il-design-del-cartoncino-alveolare-innovazione-da-proteggere\/","name":"El dise\u00f1o del cart\u00f3n nido de abeja una innovaci\u00f3n para protegir - Le vernici ignifughe per il legno Firewall","isPartOf":{"@id":"https:\/\/www.vernicifirewall.it\/#website"},"datePublished":"2019-03-15T10:00:58+00:00","dateModified":"2019-04-16T09:27:33+00:00","breadcrumb":{"@id":"https:\/\/www.vernicifirewall.it\/es\/il-design-del-cartoncino-alveolare-innovazione-da-proteggere\/#breadcrumb"},"inLanguage":"es-ES","potentialAction":[{"@type":"ReadAction","target":["https:\/\/www.vernicifirewall.it\/es\/il-design-del-cartoncino-alveolare-innovazione-da-proteggere\/"]}]},{"@type":"BreadcrumbList","@id":"https:\/\/www.vernicifirewall.it\/es\/il-design-del-cartoncino-alveolare-innovazione-da-proteggere\/#breadcrumb","itemListElement":[{"@type":"ListItem","position":1,"name":"Home","item":"https:\/\/www.vernicifirewall.it\/es\/"},{"@type":"ListItem","position":2,"name":"El dise\u00f1o del cart\u00f3n nido de abeja una innovaci\u00f3n para protegir"}]},{"@type":"WebSite","@id":"https:\/\/www.vernicifirewall.it\/#website","url":"https:\/\/www.vernicifirewall.it\/","name":"Le vernici ignifughe per il legno Firewall","description":"Le vernici ignifughe per il legno Firewall","potentialAction":[{"@type":"SearchAction","target":{"@type":"EntryPoint","urlTemplate":"https:\/\/www.vernicifirewall.it\/?s={search_term_string}"},"query-input":{"@type":"PropertyValueSpecification","valueRequired":true,"valueName":"search_term_string"}}],"inLanguage":"es-ES"}]}},"_links":{"self":[{"href":"https:\/\/www.vernicifirewall.it\/es\/wp-json\/wp\/v2\/pages\/5240","targetHints":{"allow":["GET"]}}],"collection":[{"href":"https:\/\/www.vernicifirewall.it\/es\/wp-json\/wp\/v2\/pages"}],"about":[{"href":"https:\/\/www.vernicifirewall.it\/es\/wp-json\/wp\/v2\/types\/page"}],"author":[{"embeddable":true,"href":"https:\/\/www.vernicifirewall.it\/es\/wp-json\/wp\/v2\/users\/1"}],"replies":[{"embeddable":true,"href":"https:\/\/www.vernicifirewall.it\/es\/wp-json\/wp\/v2\/comments?post=5240"}],"version-history":[{"count":4,"href":"https:\/\/www.vernicifirewall.it\/es\/wp-json\/wp\/v2\/pages\/5240\/revisions"}],"predecessor-version":[{"id":5569,"href":"https:\/\/www.vernicifirewall.it\/es\/wp-json\/wp\/v2\/pages\/5240\/revisions\/5569"}],"wp:attachment":[{"href":"https:\/\/www.vernicifirewall.it\/es\/wp-json\/wp\/v2\/media?parent=5240"}],"curies":[{"name":"wp","href":"https:\/\/api.w.org\/{rel}","templated":true}]}}