{"id":5252,"date":"2019-03-15T08:06:22","date_gmt":"2019-03-15T07:06:22","guid":{"rendered":"http:\/\/www.vernicifirewall.it\/la-porta-tagliafuoco\/"},"modified":"2019-04-16T11:45:23","modified_gmt":"2019-04-16T09:45:23","slug":"la-porta-tagliafuoco","status":"publish","type":"page","link":"https:\/\/www.vernicifirewall.it\/es\/la-porta-tagliafuoco\/","title":{"rendered":"La puerta cortafuegos"},"content":{"rendered":"[mk_page_section bg_image=&#8221;http:\/\/www.vernicifirewall.it\/wp-content\/uploads\/2019\/03\/porte-tagliafuoco-1.jpg&#8221; bg_image_portrait=&#8221;http:\/\/www.vernicifirewall.it\/wp-content\/uploads\/2019\/03\/porte-tagliafuoco-1_mobile.jpg&#8221; bg_position=&#8221;left center&#8221; bg_repeat=&#8221;no-repeat&#8221; bg_stretch=&#8221;true&#8221; enable_3d=&#8221;true&#8221; padding_top=&#8221;0&#8243; padding_bottom=&#8221;0&#8243; sidebar=&#8221;sidebar-1&#8243;][vc_column width=&#8221;1\/2&#8243;]<div class=\"ult-spacer spacer-69df4e170d604\" data-id=\"69df4e170d604\" data-height=\"200\" data-height-mobile=\"70\" data-height-tab=\"200\" data-height-tab-portrait=\"200\" data-height-mobile-landscape=\"70\" style=\"clear:both;display:block;\"><\/div>[vc_column_text el_class=&#8221;white rennertitle&#8221; css=&#8221;.vc_custom_1554741902437{margin-bottom: 0px !important;}&#8221;]La puerta cortafuegos[\/vc_column_text][vc_column_text el_class=&#8221;white rennerp&#8221; css=&#8221;.vc_custom_1555407905815{margin-bottom: 0px !important;}&#8221;]Cada sitio que tiene una gran afluencia de personas y, por lo tanto, debe mostrar el Certificado de prevenci\u00f3n de incendios (CPI), siempre tiene salidas de emergencia y puertas cortafuegos.<br \/>\nLa mayor\u00eda de los dispositivos instalados en un hotel, hospital, escuela, casa de retiro, etc. cumplen con la Resistencia al fuego, es decir, son certificados como puertas cortafuegos. Su funci\u00f3n es la de &#8220;compartimentar&#8221; una habitaci\u00f3n, creando as\u00ed una barrera contra las llamas, el calor y el humo que se liberan durante un incendio y previenen su propagaci\u00f3n en habitaciones adyacentes.<br \/>\nSeg\u00fan su ubicaci\u00f3n, deben conservar las caracter\u00edsticas de la EI, es decir, aislamiento contra el calor y el humo durante varios minutos, hasta 15 minutos si se usan, por ejemplo, como puertas de hoteles o 120 minutos si se colocan a lo largo de una ruta de emergencia.[\/vc_column_text]<div class=\"ult-spacer spacer-69df4e170d67e\" data-id=\"69df4e170d67e\" data-height=\"200\" data-height-mobile=\"50\" data-height-tab=\"200\" data-height-tab-portrait=\"200\" data-height-mobile-landscape=\"50\" style=\"clear:both;display:block;\"><\/div>[\/vc_column][vc_column width=&#8221;1\/2&#8243;][\/vc_column][\/mk_page_section][mk_page_section bg_image=&#8221;http:\/\/www.vernicifirewall.it\/wp-content\/uploads\/2019\/03\/porta_tagliafuoco-1.jpg&#8221; bg_image_portrait=&#8221;http:\/\/www.vernicifirewall.it\/wp-content\/uploads\/2019\/03\/porta_tagliafuoco-1_mobile-1.jpg&#8221; bg_position=&#8221;right center&#8221; bg_repeat=&#8221;no-repeat&#8221; bg_stretch=&#8221;true&#8221; enable_3d=&#8221;true&#8221; padding_top=&#8221;0&#8243; padding_bottom=&#8221;0&#8243; sidebar=&#8221;sidebar-1&#8243;][vc_column width=&#8221;1\/2&#8243;][\/vc_column][vc_column width=&#8221;1\/2&#8243;]<div class=\"ult-spacer spacer-69df4e170d6cf\" data-id=\"69df4e170d6cf\" data-height=\"200\" data-height-mobile=\"50\" data-height-tab=\"200\" data-height-tab-portrait=\"200\" data-height-mobile-landscape=\"50\" style=\"clear:both;display:block;\"><\/div>[vc_column_text el_class=&#8221;black rennertitle&#8221; css=&#8221;.vc_custom_1554741920247{margin-bottom: 0px !important;}&#8221;]La seguridad<br \/>\nen los hoteles[\/vc_column_text][vc_column_text el_class=&#8221;black rennerp&#8221; css=&#8221;.vc_custom_1555407920416{margin-bottom: 0px !important;}&#8221;]En caso de incendio, los pasillos de los hoteles pueden convertirse en trampas mortales, ya que son invadidos inmediatamente por el humo producido por el fuego, por ejemplo, dentro de una habitaci\u00f3n de hotel que contiene muebles y los barnices certificados en Clase 1 de Reacci\u00f3n al Fuego, pero estos a\u00fan son materiales combustibles. Aqu\u00ed, la creaci\u00f3n de un espacio de huida, libre de emanaciones t\u00f3xicas liberadas por los materiales presentes en las habitaciones.<br \/>\nEl problema surge cuando es necesario cambiar las puertas est\u00e1ndar de un hotel y hacerlas ign\u00edfugas.<br \/>\nUna pintura ign\u00edfuga o intumescente no es suficiente para certificar una puerta est\u00e1ndar en una puerta cortafuegos, la estructura interna, el sello, la bisagra, la manija, el marco, etc. deben ser probados y certificados en Resistencia al Fuego, y debe tambi\u00e9n instalarse un dispositivo de cierre autom\u00e1tico.<br \/>\nObviamente, si la puerta est\u00e1 pintada, es obligatorio utilizar una pintura ign\u00edfuga. De esta manera, la clase alcanzada por el objeto no empeora aplicando un ciclo de pintura inflamable est\u00e1ndar.[\/vc_column_text]<div class=\"ult-spacer spacer-69df4e170d71a\" data-id=\"69df4e170d71a\" data-height=\"200\" data-height-mobile=\"300\" data-height-tab=\"200\" data-height-tab-portrait=\"200\" data-height-mobile-landscape=\"300\" style=\"clear:both;display:block;\"><\/div>[\/vc_column][\/mk_page_section]\n","protected":false},"excerpt":{"rendered":"<p>[mk_page_section bg_image=&#8221;http:\/\/www.vernicifirewall.it\/wp-content\/uploads\/2019\/03\/porte-tagliafuoco-1.jpg&#8221; bg_image_portrait=&#8221;http:\/\/www.vernicifirewall.it\/wp-content\/uploads\/2019\/03\/porte-tagliafuoco-1_mobile.jpg&#8221; bg_position=&#8221;left center&#8221; bg_repeat=&#8221;no-repeat&#8221; bg_stretch=&#8221;true&#8221; enable_3d=&#8221;true&#8221; padding_top=&#8221;0&#8243; padding_bottom=&#8221;0&#8243; sidebar=&#8221;sidebar-1&#8243;][vc_column width=&#8221;1\/2&#8243;][vc_column_text el_class=&#8221;white rennertitle&#8221; css=&#8221;.vc_custom_1554741902437{margin-bottom: 0px !important;}&#8221;]La puerta cortafuegos[\/vc_column_text][vc_column_text el_class=&#8221;white rennerp&#8221; css=&#8221;.vc_custom_1555407905815{margin-bottom: 0px !important;}&#8221;]Cada sitio que tiene una gran afluencia de personas y, por lo tanto, debe mostrar el Certificado de prevenci\u00f3n de incendios (CPI), siempre tiene salidas de emergencia y puertas cortafuegos. La mayor\u00eda [&hellip;]<\/p>\n","protected":false},"author":1,"featured_media":0,"parent":0,"menu_order":0,"comment_status":"closed","ping_status":"closed","template":"","meta":{"footnotes":""},"class_list":["post-5252","page","type-page","status-publish","hentry"],"yoast_head":"<!-- This site is optimized with the Yoast SEO plugin v27.0 - https:\/\/yoast.com\/product\/yoast-seo-wordpress\/ -->\n<title>La puerta cortafuegos - Le vernici ignifughe per il legno Firewall<\/title>\n<meta name=\"robots\" content=\"index, follow, max-snippet:-1, max-image-preview:large, max-video-preview:-1\" \/>\n<link rel=\"canonical\" href=\"https:\/\/www.vernicifirewall.it\/es\/la-porta-tagliafuoco\/\" \/>\n<meta property=\"og:locale\" content=\"es_ES\" \/>\n<meta property=\"og:type\" content=\"article\" \/>\n<meta property=\"og:title\" content=\"La puerta cortafuegos - Le vernici ignifughe per il legno Firewall\" \/>\n<meta property=\"og:description\" content=\"[mk_page_section bg_image=&#8221;http:\/\/www.vernicifirewall.it\/wp-content\/uploads\/2019\/03\/porte-tagliafuoco-1.jpg&#8221; bg_image_portrait=&#8221;http:\/\/www.vernicifirewall.it\/wp-content\/uploads\/2019\/03\/porte-tagliafuoco-1_mobile.jpg&#8221; bg_position=&#8221;left center&#8221; bg_repeat=&#8221;no-repeat&#8221; bg_stretch=&#8221;true&#8221; enable_3d=&#8221;true&#8221; padding_top=&#8221;0&#8243; padding_bottom=&#8221;0&#8243; sidebar=&#8221;sidebar-1&#8243;][vc_column width=&#8221;1\/2&#8243;][vc_column_text el_class=&#8221;white rennertitle&#8221; css=&#8221;.vc_custom_1554741902437{margin-bottom: 0px !important;}&#8221;]La puerta cortafuegos[\/vc_column_text][vc_column_text el_class=&#8221;white rennerp&#8221; css=&#8221;.vc_custom_1555407905815{margin-bottom: 0px !important;}&#8221;]Cada sitio que tiene una gran afluencia de personas y, por lo tanto, debe mostrar el Certificado de prevenci\u00f3n de incendios (CPI), siempre tiene salidas de emergencia y puertas cortafuegos. La mayor\u00eda [&hellip;]\" \/>\n<meta property=\"og:url\" content=\"https:\/\/www.vernicifirewall.it\/es\/la-porta-tagliafuoco\/\" \/>\n<meta property=\"og:site_name\" content=\"Le vernici ignifughe per il legno Firewall\" \/>\n<meta property=\"article:modified_time\" content=\"2019-04-16T09:45:23+00:00\" \/>\n<meta name=\"twitter:label1\" content=\"Est. reading time\" \/>\n\t<meta name=\"twitter:data1\" content=\"3 minutes\" \/>\n<script type=\"application\/ld+json\" class=\"yoast-schema-graph\">{\"@context\":\"https:\/\/schema.org\",\"@graph\":[{\"@type\":\"WebPage\",\"@id\":\"https:\/\/www.vernicifirewall.it\/es\/la-porta-tagliafuoco\/\",\"url\":\"https:\/\/www.vernicifirewall.it\/es\/la-porta-tagliafuoco\/\",\"name\":\"La puerta cortafuegos - Le vernici ignifughe per il legno Firewall\",\"isPartOf\":{\"@id\":\"https:\/\/www.vernicifirewall.it\/#website\"},\"datePublished\":\"2019-03-15T07:06:22+00:00\",\"dateModified\":\"2019-04-16T09:45:23+00:00\",\"breadcrumb\":{\"@id\":\"https:\/\/www.vernicifirewall.it\/es\/la-porta-tagliafuoco\/#breadcrumb\"},\"inLanguage\":\"es-ES\",\"potentialAction\":[{\"@type\":\"ReadAction\",\"target\":[\"https:\/\/www.vernicifirewall.it\/es\/la-porta-tagliafuoco\/\"]}]},{\"@type\":\"BreadcrumbList\",\"@id\":\"https:\/\/www.vernicifirewall.it\/es\/la-porta-tagliafuoco\/#breadcrumb\",\"itemListElement\":[{\"@type\":\"ListItem\",\"position\":1,\"name\":\"Home\",\"item\":\"https:\/\/www.vernicifirewall.it\/es\/\"},{\"@type\":\"ListItem\",\"position\":2,\"name\":\"La puerta cortafuegos\"}]},{\"@type\":\"WebSite\",\"@id\":\"https:\/\/www.vernicifirewall.it\/#website\",\"url\":\"https:\/\/www.vernicifirewall.it\/\",\"name\":\"Le vernici ignifughe per il legno Firewall\",\"description\":\"Le vernici ignifughe per il legno Firewall\",\"potentialAction\":[{\"@type\":\"SearchAction\",\"target\":{\"@type\":\"EntryPoint\",\"urlTemplate\":\"https:\/\/www.vernicifirewall.it\/?s={search_term_string}\"},\"query-input\":{\"@type\":\"PropertyValueSpecification\",\"valueRequired\":true,\"valueName\":\"search_term_string\"}}],\"inLanguage\":\"es-ES\"}]}<\/script>\n<!-- \/ Yoast SEO plugin. -->","yoast_head_json":{"title":"La puerta cortafuegos - Le vernici ignifughe per il legno Firewall","robots":{"index":"index","follow":"follow","max-snippet":"max-snippet:-1","max-image-preview":"max-image-preview:large","max-video-preview":"max-video-preview:-1"},"canonical":"https:\/\/www.vernicifirewall.it\/es\/la-porta-tagliafuoco\/","og_locale":"es_ES","og_type":"article","og_title":"La puerta cortafuegos - Le vernici ignifughe per il legno Firewall","og_description":"[mk_page_section bg_image=&#8221;http:\/\/www.vernicifirewall.it\/wp-content\/uploads\/2019\/03\/porte-tagliafuoco-1.jpg&#8221; bg_image_portrait=&#8221;http:\/\/www.vernicifirewall.it\/wp-content\/uploads\/2019\/03\/porte-tagliafuoco-1_mobile.jpg&#8221; bg_position=&#8221;left center&#8221; bg_repeat=&#8221;no-repeat&#8221; bg_stretch=&#8221;true&#8221; enable_3d=&#8221;true&#8221; padding_top=&#8221;0&#8243; padding_bottom=&#8221;0&#8243; sidebar=&#8221;sidebar-1&#8243;][vc_column width=&#8221;1\/2&#8243;][vc_column_text el_class=&#8221;white rennertitle&#8221; css=&#8221;.vc_custom_1554741902437{margin-bottom: 0px !important;}&#8221;]La puerta cortafuegos[\/vc_column_text][vc_column_text el_class=&#8221;white rennerp&#8221; css=&#8221;.vc_custom_1555407905815{margin-bottom: 0px !important;}&#8221;]Cada sitio que tiene una gran afluencia de personas y, por lo tanto, debe mostrar el Certificado de prevenci\u00f3n de incendios (CPI), siempre tiene salidas de emergencia y puertas cortafuegos. La mayor\u00eda [&hellip;]","og_url":"https:\/\/www.vernicifirewall.it\/es\/la-porta-tagliafuoco\/","og_site_name":"Le vernici ignifughe per il legno Firewall","article_modified_time":"2019-04-16T09:45:23+00:00","twitter_misc":{"Est. reading time":"3 minutes"},"schema":{"@context":"https:\/\/schema.org","@graph":[{"@type":"WebPage","@id":"https:\/\/www.vernicifirewall.it\/es\/la-porta-tagliafuoco\/","url":"https:\/\/www.vernicifirewall.it\/es\/la-porta-tagliafuoco\/","name":"La puerta cortafuegos - Le vernici ignifughe per il legno Firewall","isPartOf":{"@id":"https:\/\/www.vernicifirewall.it\/#website"},"datePublished":"2019-03-15T07:06:22+00:00","dateModified":"2019-04-16T09:45:23+00:00","breadcrumb":{"@id":"https:\/\/www.vernicifirewall.it\/es\/la-porta-tagliafuoco\/#breadcrumb"},"inLanguage":"es-ES","potentialAction":[{"@type":"ReadAction","target":["https:\/\/www.vernicifirewall.it\/es\/la-porta-tagliafuoco\/"]}]},{"@type":"BreadcrumbList","@id":"https:\/\/www.vernicifirewall.it\/es\/la-porta-tagliafuoco\/#breadcrumb","itemListElement":[{"@type":"ListItem","position":1,"name":"Home","item":"https:\/\/www.vernicifirewall.it\/es\/"},{"@type":"ListItem","position":2,"name":"La puerta cortafuegos"}]},{"@type":"WebSite","@id":"https:\/\/www.vernicifirewall.it\/#website","url":"https:\/\/www.vernicifirewall.it\/","name":"Le vernici ignifughe per il legno Firewall","description":"Le vernici ignifughe per il legno Firewall","potentialAction":[{"@type":"SearchAction","target":{"@type":"EntryPoint","urlTemplate":"https:\/\/www.vernicifirewall.it\/?s={search_term_string}"},"query-input":{"@type":"PropertyValueSpecification","valueRequired":true,"valueName":"search_term_string"}}],"inLanguage":"es-ES"}]}},"_links":{"self":[{"href":"https:\/\/www.vernicifirewall.it\/es\/wp-json\/wp\/v2\/pages\/5252","targetHints":{"allow":["GET"]}}],"collection":[{"href":"https:\/\/www.vernicifirewall.it\/es\/wp-json\/wp\/v2\/pages"}],"about":[{"href":"https:\/\/www.vernicifirewall.it\/es\/wp-json\/wp\/v2\/types\/page"}],"author":[{"embeddable":true,"href":"https:\/\/www.vernicifirewall.it\/es\/wp-json\/wp\/v2\/users\/1"}],"replies":[{"embeddable":true,"href":"https:\/\/www.vernicifirewall.it\/es\/wp-json\/wp\/v2\/comments?post=5252"}],"version-history":[{"count":3,"href":"https:\/\/www.vernicifirewall.it\/es\/wp-json\/wp\/v2\/pages\/5252\/revisions"}],"predecessor-version":[{"id":5573,"href":"https:\/\/www.vernicifirewall.it\/es\/wp-json\/wp\/v2\/pages\/5252\/revisions\/5573"}],"wp:attachment":[{"href":"https:\/\/www.vernicifirewall.it\/es\/wp-json\/wp\/v2\/media?parent=5252"}],"curies":[{"name":"wp","href":"https:\/\/api.w.org\/{rel}","templated":true}]}}