{"id":5283,"date":"2014-09-10T16:45:14","date_gmt":"2014-09-10T14:45:14","guid":{"rendered":"http:\/\/www.vernicifirewall.it\/faq\/"},"modified":"2019-04-24T09:10:35","modified_gmt":"2019-04-24T07:10:35","slug":"faq","status":"publish","type":"page","link":"https:\/\/www.vernicifirewall.it\/es\/faq\/","title":{"rendered":"Preguntas frecuentes"},"content":{"rendered":"[mk_page_section bg_image=&#8221;http:\/\/www.vernicifirewall.it\/wp-content\/uploads\/2019\/03\/resistenza-fuoco-2.jpg&#8221; bg_position=&#8221;left center&#8221; bg_stretch=&#8221;true&#8221; enable_3d=&#8221;true&#8221; padding_top=&#8221;50&#8243; padding_bottom=&#8221;50&#8243; sidebar=&#8221;sidebar-1&#8243;][vc_column][vc_accordions][vc_accordion_tab title=&#8221;\u00bfCual es la diferencia entre \u201cReacci\u00f3n al Fuego\u201d y \u201cResistencia al Fuego\u201d?&#8221;][vc_column_text el_class=&#8221;black rennerp&#8221; css=&#8221;.vc_custom_1556088102384{margin-bottom: 0px !important;}&#8221;]Ambas las clasificaciones se refieren a la protecci\u00f3n pasiva de un edificio. Pero, mientras que la clasificaci\u00f3n de &#8220;Resistencia al Fuego&#8221; se refiere a estructuras portantes, compartimientos y puertas cortafuegos, la &#8220;Reacci\u00f3n al Fuego&#8221; certifica recubrimientos para paredes, techos, suelos, muebles y todos los materiales combustibles no estructurales.[\/vc_column_text][\/vc_accordion_tab][vc_accordion_tab title=&#8221;\u00bfCu\u00e1les son las diferencias entre un ciclo ignifugo y un ciclo est\u00e1ndar?&#8221;][vc_column_text el_class=&#8221;black rennerp&#8221; css=&#8221;.vc_custom_1556088477975{margin-bottom: 0px !important;}&#8221;]Un ciclo ign\u00edfugo tiene un gramaje mayor, porque debe crear una \u201cbarrera\u201d contra el calor. Por lo tanto, debe proteger el objeto del fuego. En el pasado, esta era una caracter\u00edstica peyorativa para la est\u00e9tica. Con los aditivos retardantes la llama o intumescentes de \u00faltima generaci\u00f3n de la gama Firewall, el problema se ha superado.[\/vc_column_text][\/vc_accordion_tab][vc_accordion_tab title=&#8221;\u00bfCu\u00e1les son los objetos barnizados que pueden certificarse como \u201cprotegidos por barnices ign\u00edfugos\u201d?&#8221;][vc_column_text el_class=&#8221;black rennerp&#8221; css=&#8221;.vc_custom_1556088582018{margin-bottom: 0px !important;}&#8221;]Las normas anti-incendios prev\u00e9n numerosas certificaciones seg\u00fan el tipo y la posici\u00f3n del soporte para barnizar. Algunos soportes no se pueden clasificar por causa de su grado de inflamabilidad, sino para los materiales de construcci\u00f3n que generalmente se usan en una estructura. En la mayor\u00eda de los casos, se pueden certificar tanto en la Reacci\u00f3n como en la Resistencia al Fuego.[\/vc_column_text][\/vc_accordion_tab][vc_accordion_tab title=&#8221;\u00bfEs posible certificar un objeto en el exterior?&#8221;][vc_column_text el_class=&#8221;black rennerp&#8221; css=&#8221;.vc_custom_1556088605205{margin-bottom: 0px !important;}&#8221;]Los ciclos ign\u00edfugos tienen una debilidad intr\u00ednseca. Contienen aditivos que, si expuestos a una fuente de calor, reaccionan cambiando la pel\u00edcula del barniz, extendiendo o cristalizando. La reacci\u00f3n comienza a bajas temperaturas (aproximadamente 150\/200\u00b0C). Por eso, si se exponen directamente a los rayos UV durante el verano, las pinturas podr\u00edan obscurecerse y, en el peor de los casos, destacarse del soporte.[\/vc_column_text][\/vc_accordion_tab][vc_accordion_tab title=&#8221;\u00bfSe necesitan herramientas espec\u00edficas para aplicar un ciclo ign\u00edfugo?&#8221;][vc_column_text el_class=&#8221;black rennerp&#8221; css=&#8221;.vc_custom_1556088751145{margin-bottom: 0px !important;}&#8221;]Las herramientas para utilizar son las mismas que se utilizan para la aplicaci\u00f3n de barnices al agua y al disolvente, pero un barniz ign\u00edfugo requiere una energ\u00eda mezclada que homogeneice los aditivos dentro de la composici\u00f3n. Adem\u00e1s, algunos retardantes de llama pueden retrasar el secado del barniz.[\/vc_column_text][\/vc_accordion_tab][vc_accordion_tab title=&#8221;\u00bfC\u00f3mo aplicar el gramaje correcto?&#8221;][vc_column_text el_class=&#8221;black rennerp&#8221; css=&#8221;.vc_custom_1556088821526{margin-bottom: 0px !important;}&#8221;]Para estar seguros de la cantidad para aplicar, es necesario &#8220;pesar&#8221; el producto o usar una galga (herramienta para medir la pel\u00edcula de barniz mojada). Las cantidades se calculan en base de:<\/p>\n<ul>\n<li>1. la superficie para certificar;<\/li>\n<li>2. la modalidad de aplicaci\u00f3n, incluyendo el overspray.<\/li>\n<\/ul>\n<p>La ficha t\u00e9cnica siempre indica el gramaje impuesto por las certificaciones.[\/vc_column_text][\/vc_accordion_tab][vc_accordion_tab title=&#8221;\u00bfEs mejor un ciclo al agua o al disolvente?&#8221;][vc_column_text el_class=&#8221;black rennerp&#8221; css=&#8221;.vc_custom_1556088851481{margin-bottom: 0px !important;}&#8221;]Agua y disolventes son veh\u00edculos esenciales en la fase de aplicaci\u00f3n. El residuo seco es el conjunto de resinas y polvos que crea la pel\u00edcula de barniz \u00fatil. Una resina a base de agua tendr\u00e1 un efecto est\u00e9tico m\u00e1s natural, comparada con un ciclo a base de disolvente. En las escuelas o los hospitales, los ciclos a base de agua son preferidos porque tienen muy bajas emisiones. Cuando la pel\u00edcula se seca, las sustancias vol\u00e1tiles no est\u00e1n presentes.[\/vc_column_text][\/vc_accordion_tab][vc_accordion_tab title=&#8221;\u00bfQu\u00e9 pasa si el objeto est\u00e1 pintado y debe convertirse en incombustible?&#8221;][vc_column_text el_class=&#8221;black rennerp&#8221; css=&#8221;.vc_custom_1556088893612{margin-bottom: 0px !important;}&#8221;]Es un problema t\u00e9cnico, m\u00e1s que normativo. La ley prev\u00e9 la aplicaci\u00f3n de un ciclo certificado en el gramaje correcto. No se refiere al tratamiento anterior. Por ello, hay que verificar t\u00e9cnicamente la adhesi\u00f3n del ciclo aprobado sobre la capa de barniz anterior, para evitar desprendimientos sucesivos. Los expertos Firewall aconsejan lijar el soporte hasta la madera en bruto, para evitar cualquier riesgo.[\/vc_column_text][\/vc_accordion_tab][vc_accordion_tab title=&#8221;\u00bfSe puede usar un ciclo ign\u00edfugo certificado para techos para proteger una pared? \u00bfY un ciclo ign\u00edfugo certificado para paredes se puede usar para proteger un parqu\u00e9?&#8221;][vc_column_text el_class=&#8221;black rennerp&#8221; css=&#8221;.vc_custom_1556088949888{margin-bottom: 0px !important;}&#8221;]Las pruebas de Reacci\u00f3n y Resistencia al Fuego son muy diferentes. La muestra colocada en el suelo tiene una irradiaci\u00f3n m\u00e1s baja en comparaci\u00f3n con las muestras en las paredes. En igualdad de clase, la protecci\u00f3n es muy discordante. Por ello, no es posible utilizar un ciclo certificado para parqu\u00e9 para pintar una pared, pero desde el punto de vista de la ley podemos hacer lo contrario.[\/vc_column_text][\/vc_accordion_tab][vc_accordion_tab title=&#8221;Soy un pintor: \u00bftengo la obligaci\u00f3n de emitir el certificado de aplicaci\u00f3n?&#8221;][vc_column_text el_class=&#8221;black rennerp&#8221; css=&#8221;.vc_custom_1556088975151{margin-bottom: 0px !important;}&#8221;]Si, siempre. Esto significa tener la garant\u00eda de estar en regla. Renner Italia emite la &#8220;Declaraci\u00f3n de Conformidad&#8221; s\u00f3lo despu\u00e9s de completar el formulario &#8220;Certificado de aplicaci\u00f3n&#8221;. Y el responsable de seguridad garantiza la correcta instalaci\u00f3n del objeto s\u00f3lo despu\u00e9s de la redacci\u00f3n de la &#8220;Declaraci\u00f3n de Conformidad&#8221;.[\/vc_column_text][\/vc_accordion_tab][vc_accordion_tab title=&#8221;Soy un dise\u00f1ador o un oficial de seguridad en un sitio de construcci\u00f3n. \u00bfPara estar en regla necesito un pintor profesional?&#8221;][vc_column_text el_class=&#8221;black rennerp&#8221; css=&#8221;.vc_custom_1556089004491{margin-bottom: 0px !important;}&#8221;]Existe un &#8220;registro ministerial&#8221; que ayuda a los funcionarios de seguridad, que pueden acogerse a los pintores profesionales. Siempre es mejor hablar con pintores profesionales. Sin embargo, para obtener la &#8220;Declaraci\u00f3n de Conformidad&#8221; y estar en regla es suficiente suscribir correctamente el &#8220;Certificado de aplicaci\u00f3n&#8221;, que se debe pedir al revendedor del ciclo ign\u00edfugo.[\/vc_column_text][\/vc_accordion_tab][vc_accordion_tab title=&#8221;\u00bfLa &#8220;Declaraci\u00f3n de Conformidad&#8220; tiene fecha de caducidad?&#8221;][vc_column_text el_class=&#8221;black rennerp&#8221; css=&#8221;.vc_custom_1556089250002{margin-bottom: 0px !important;}&#8221;]La &#8220;Declaraci\u00f3n de conformidad&#8221; tiene una validez limitada seg\u00fan el CPI (Certificado de Prevenci\u00f3n de Incendios). Al termino, se realizar\u00e1 una verificaci\u00f3n de todos los elementos presentes en la estructura, desde los extintores hasta las salidas de emergencia. En esta ocasi\u00f3n, tambi\u00e9n se analiza el estado del barniz. Si todo est\u00e1 en regla, la &#8220;Declaraci\u00f3n de Conformidad&#8221; de un barniz ign\u00edfugo se renueva autom\u00e1ticamente. La &#8220;Declaraci\u00f3n de Conformidad&#8221; de un barniz ign\u00edfugo para paredes tiene una probabilidad mayor de ser renovada de la de un barniz aplicado a un suelo.[\/vc_column_text][\/vc_accordion_tab][vc_accordion_tab title=&#8221;\u00bfPuedo certificar una puerta cortafuegos con un ciclo certificado para &#8220;Resistencia al Fuego&#8220;?&#8221;][vc_column_text el_class=&#8221;black rennerp&#8221; css=&#8221;.vc_custom_1556089280387{margin-bottom: 0px !important;}&#8221;]La &#8220;Resistencia al Fuego&#8221; de una puerta cortafuegos est\u00e1 certificada por la estructura que debe cumplir con la estricta norma europea REI, &#8220;Resistencia mec\u00e1nica, aislamiento t\u00e9rmico y humos&#8221;. La puerta estar\u00e1 equipada con guarniciones ign\u00edfugas y bisagras resistentes a las llamas. Adem\u00e1s, debe tener un alma incombustible que pueda limitar el paso de calor y humo en el lado fr\u00edo. fin de no disminuir la clase ya obtenida.[\/vc_column_text][\/vc_accordion_tab][vc_accordion_tab title=&#8221;\u00bfSe puede usar el certificado de un sistema ign\u00edfugo mate para su misma versi\u00f3n brilla?&#8221;][vc_column_text el_class=&#8221;black rennerp&#8221; css=&#8221;.vc_custom_1556089310679{margin-bottom: 0px !important;}&#8221;]S\u00f3lo si as\u00ed dispone la norma. Normalmente, para certificar un sistema con cambios de brillo, alguien tiene que probar el m\u00e1s mate y el m\u00e1s brillo. En este caso, todos los niveles de brillo intermedio se encuentran certificados en la misma clase.[\/vc_column_text][\/vc_accordion_tab][vc_accordion_tab title=&#8221;Si aplico un gramaje mayor al que ha sido certificado, \u00bfestoy en regla?&#8221;][vc_column_text el_class=&#8221;black rennerp&#8221; css=&#8221;.vc_custom_1556089336604{margin-bottom: 0px !important;}&#8221;]El gramaje para aplicar debe corresponder siempre al certificado. A una cantidad mayor de barniz ign\u00edfugo utilizado no siempre corresponde un aumento de la protecci\u00f3n.[\/vc_column_text][\/vc_accordion_tab][vc_accordion_tab title=&#8221;\u00bfEl barniz ign\u00edfugo aplicado tiene una caducidad?&#8221;][vc_column_text el_class=&#8221;black rennerp&#8221; css=&#8221;.vc_custom_1556089554416{margin-bottom: 0px !important;}&#8221;]La legislaci\u00f3n italiana establece la verificaci\u00f3n del estado de la pintura despu\u00e9s de 5 a\u00f1os de su aplicaci\u00f3n (duraci\u00f3n promedio del Certificado de Prevenci\u00f3n de Incendios). Si el deterioro es evidente, ser\u00e1 necesaria la restauraci\u00f3n de los productos con la misma cantidad certificada. Contrariamente, si la pel\u00edcula de pintura est\u00e1 intacta, el responsable de seguridad anti-incendios debe evaluar la posible reparaci\u00f3n o esperar los pr\u00f3ximos 5 a\u00f1os. Despu\u00e9s de la realizaci\u00f3n de algunas pruebas de envejecimiento, Renner Italia ha estimado que los aditivos ign\u00edfugos utilizados en los ciclos Firewall no pierden su efectividad, incluso despu\u00e9s de muchos a\u00f1os.[\/vc_column_text][\/vc_accordion_tab][vc_accordion_tab title=&#8221;Si diluyo el producto antes de aplicarlo, \u00bftengo que aumentar el gramaje?&#8221;][vc_column_text el_class=&#8221;black rennerp&#8221; css=&#8221;.vc_custom_1556089610555{margin-bottom: 0px !important;}&#8221;]S\u00ed, la cantidad de agua o de disolvente a\u00f1adida a los productos certificados debe compensarse proporcionalmente al gramaje testeado (por ejemplo, si tengo que aplicar 150 g\/m<sup>2<\/sup> del producto A, pero a\u00f1ado el producto con un 20% de agua, tengo que aplicar 180 g\/m<sup>2<\/sup>)[\/vc_column_text][\/vc_accordion_tab][vc_accordion_tab title=&#8221;\u00bfCu\u00e1l es la diferencia entre el DM 26\/06\/84 y el DM 06\/03\/92 de &#8220;Reacci\u00f3n al Fuego&#8220;?&#8221;][vc_column_text el_class=&#8221;black rennerp&#8221; css=&#8221;.vc_custom_1556089631918{margin-bottom: 0px !important;}&#8221;]La prueba es la misma, pero el DM 26\/06\/84 certifica el producto y el objeto, mientras que el DM 06\/03\/92 certifica el producto sobre la madera.[\/vc_column_text][\/vc_accordion_tab][vc_accordion_tab title=&#8221;\u00bfQu\u00e9 es SCIA?&#8221;][vc_column_text el_class=&#8221;black rennerp&#8221; css=&#8221;.vc_custom_1556089659706{margin-bottom: 0px !important;}&#8221;]SCIA es el nuevo procedimiento para obtener el CPI (Certificado de Prevenci\u00f3n de Incendios) y est\u00e1 firmado por la persona a cargo de la actividad; la declaraci\u00f3n que se adjuntar\u00e1 al procedimiento que certifica que la actividad cumple con los requisitos de prevenci\u00f3n de incendios y de seguridad contra incendios est\u00e1 firmada por un t\u00e9cnico certificado. Las declaraciones y certificaciones producidas juntas a SCIA est\u00e1n firmadas por el t\u00e9cnico a cargo de la cooperaci\u00f3n, la direcci\u00f3n, la supervisi\u00f3n de los trabajos, o sea por un experto anti-incendios registrado en los ordenes del Ministerio del Interior, seg\u00fan el DM del 7 de agosto de 2012.[\/vc_column_text][\/vc_accordion_tab][vc_accordion_tab title=&#8221;\u00bfLa certificaci\u00f3n europea ha reemplazado las normas de otros pa\u00edses de la UE?&#8221;][vc_column_text el_class=&#8221;black rennerp&#8221; css=&#8221;.vc_custom_1556089690239{margin-bottom: 0px !important;}&#8221;]No. Las normas UNI, NF, UNE, BS, DIN, ONORM, etc. viven juntas con las normas EN, ya que la Certificaci\u00f3n Europea, reglamento n\u00b0. 305\/2011, que tambi\u00e9n se refiere exclusivamente a los productos y elementos de construcci\u00f3n, regula el comercio de sus propios pa\u00edses donde est\u00e1 reconocida (Marcaje CE). Para los otros objetos dentro de una habitaci\u00f3n (muebles, soportes, cualquier cosa que no est\u00e9 adherida a la estructura), los procedimientos anteriores anti-incendios son v\u00e1lidos.[\/vc_column_text][\/vc_accordion_tab][\/vc_accordions][\/vc_column][\/mk_page_section]\n","protected":false},"excerpt":{"rendered":"<p>[mk_page_section bg_image=&#8221;http:\/\/www.vernicifirewall.it\/wp-content\/uploads\/2019\/03\/resistenza-fuoco-2.jpg&#8221; bg_position=&#8221;left center&#8221; bg_stretch=&#8221;true&#8221; enable_3d=&#8221;true&#8221; padding_top=&#8221;50&#8243; padding_bottom=&#8221;50&#8243; sidebar=&#8221;sidebar-1&#8243;][vc_column][vc_accordions][vc_accordion_tab title=&#8221;\u00bfCual es la diferencia entre \u201cReacci\u00f3n al Fuego\u201d y \u201cResistencia al Fuego\u201d?&#8221;][vc_column_text el_class=&#8221;black rennerp&#8221; css=&#8221;.vc_custom_1556088102384{margin-bottom: 0px !important;}&#8221;]Ambas las clasificaciones se refieren a la protecci\u00f3n pasiva de un edificio. Pero, mientras que la clasificaci\u00f3n de &#8220;Resistencia al Fuego&#8221; se refiere a estructuras portantes, compartimientos y puertas cortafuegos, [&hellip;]<\/p>\n","protected":false},"author":1,"featured_media":0,"parent":0,"menu_order":0,"comment_status":"closed","ping_status":"open","template":"","meta":{"footnotes":""},"class_list":["post-5283","page","type-page","status-publish","hentry"],"yoast_head":"<!-- This site is optimized with the Yoast SEO plugin v27.0 - https:\/\/yoast.com\/product\/yoast-seo-wordpress\/ -->\n<title>Faq e consigli sulle vernici ignifughe<\/title>\n<meta name=\"description\" content=\"Informazioni, materiali, attestazioni. Le risposte alle domande sulle vernici ignifughe. Pitture ignifughe ed intumescenti con dichiarazione di conformit\u00e0.\" \/>\n<meta name=\"robots\" content=\"index, follow, max-snippet:-1, max-image-preview:large, max-video-preview:-1\" \/>\n<link rel=\"canonical\" href=\"https:\/\/www.vernicifirewall.it\/es\/faq\/\" \/>\n<meta property=\"og:locale\" content=\"es_ES\" \/>\n<meta property=\"og:type\" content=\"article\" \/>\n<meta property=\"og:title\" content=\"Faq e consigli sulle vernici ignifughe\" \/>\n<meta property=\"og:description\" content=\"Informazioni, materiali, attestazioni. Le risposte alle domande sulle vernici ignifughe. Pitture ignifughe ed intumescenti con dichiarazione di conformit\u00e0.\" \/>\n<meta property=\"og:url\" content=\"https:\/\/www.vernicifirewall.it\/es\/faq\/\" \/>\n<meta property=\"og:site_name\" content=\"Le vernici ignifughe per il legno Firewall\" \/>\n<meta property=\"article:modified_time\" content=\"2019-04-24T07:10:35+00:00\" \/>\n<meta name=\"twitter:label1\" content=\"Est. reading time\" \/>\n\t<meta name=\"twitter:data1\" content=\"10 minutes\" \/>\n<script type=\"application\/ld+json\" class=\"yoast-schema-graph\">{\"@context\":\"https:\/\/schema.org\",\"@graph\":[{\"@type\":\"WebPage\",\"@id\":\"https:\/\/www.vernicifirewall.it\/es\/faq\/\",\"url\":\"https:\/\/www.vernicifirewall.it\/es\/faq\/\",\"name\":\"Faq e consigli sulle vernici ignifughe\",\"isPartOf\":{\"@id\":\"https:\/\/www.vernicifirewall.it\/#website\"},\"datePublished\":\"2014-09-10T14:45:14+00:00\",\"dateModified\":\"2019-04-24T07:10:35+00:00\",\"description\":\"Informazioni, materiali, attestazioni. Le risposte alle domande sulle vernici ignifughe. Pitture ignifughe ed intumescenti con dichiarazione di conformit\u00e0.\",\"breadcrumb\":{\"@id\":\"https:\/\/www.vernicifirewall.it\/es\/faq\/#breadcrumb\"},\"inLanguage\":\"es-ES\",\"potentialAction\":[{\"@type\":\"ReadAction\",\"target\":[\"https:\/\/www.vernicifirewall.it\/es\/faq\/\"]}]},{\"@type\":\"BreadcrumbList\",\"@id\":\"https:\/\/www.vernicifirewall.it\/es\/faq\/#breadcrumb\",\"itemListElement\":[{\"@type\":\"ListItem\",\"position\":1,\"name\":\"Home\",\"item\":\"https:\/\/www.vernicifirewall.it\/es\/\"},{\"@type\":\"ListItem\",\"position\":2,\"name\":\"Preguntas frecuentes\"}]},{\"@type\":\"WebSite\",\"@id\":\"https:\/\/www.vernicifirewall.it\/#website\",\"url\":\"https:\/\/www.vernicifirewall.it\/\",\"name\":\"Le vernici ignifughe per il legno Firewall\",\"description\":\"Le vernici ignifughe per il legno Firewall\",\"potentialAction\":[{\"@type\":\"SearchAction\",\"target\":{\"@type\":\"EntryPoint\",\"urlTemplate\":\"https:\/\/www.vernicifirewall.it\/?s={search_term_string}\"},\"query-input\":{\"@type\":\"PropertyValueSpecification\",\"valueRequired\":true,\"valueName\":\"search_term_string\"}}],\"inLanguage\":\"es-ES\"}]}<\/script>\n<!-- \/ Yoast SEO plugin. -->","yoast_head_json":{"title":"Faq e consigli sulle vernici ignifughe","description":"Informazioni, materiali, attestazioni. Le risposte alle domande sulle vernici ignifughe. Pitture ignifughe ed intumescenti con dichiarazione di conformit\u00e0.","robots":{"index":"index","follow":"follow","max-snippet":"max-snippet:-1","max-image-preview":"max-image-preview:large","max-video-preview":"max-video-preview:-1"},"canonical":"https:\/\/www.vernicifirewall.it\/es\/faq\/","og_locale":"es_ES","og_type":"article","og_title":"Faq e consigli sulle vernici ignifughe","og_description":"Informazioni, materiali, attestazioni. Le risposte alle domande sulle vernici ignifughe. Pitture ignifughe ed intumescenti con dichiarazione di conformit\u00e0.","og_url":"https:\/\/www.vernicifirewall.it\/es\/faq\/","og_site_name":"Le vernici ignifughe per il legno Firewall","article_modified_time":"2019-04-24T07:10:35+00:00","twitter_misc":{"Est. reading time":"10 minutes"},"schema":{"@context":"https:\/\/schema.org","@graph":[{"@type":"WebPage","@id":"https:\/\/www.vernicifirewall.it\/es\/faq\/","url":"https:\/\/www.vernicifirewall.it\/es\/faq\/","name":"Faq e consigli sulle vernici ignifughe","isPartOf":{"@id":"https:\/\/www.vernicifirewall.it\/#website"},"datePublished":"2014-09-10T14:45:14+00:00","dateModified":"2019-04-24T07:10:35+00:00","description":"Informazioni, materiali, attestazioni. Le risposte alle domande sulle vernici ignifughe. Pitture ignifughe ed intumescenti con dichiarazione di conformit\u00e0.","breadcrumb":{"@id":"https:\/\/www.vernicifirewall.it\/es\/faq\/#breadcrumb"},"inLanguage":"es-ES","potentialAction":[{"@type":"ReadAction","target":["https:\/\/www.vernicifirewall.it\/es\/faq\/"]}]},{"@type":"BreadcrumbList","@id":"https:\/\/www.vernicifirewall.it\/es\/faq\/#breadcrumb","itemListElement":[{"@type":"ListItem","position":1,"name":"Home","item":"https:\/\/www.vernicifirewall.it\/es\/"},{"@type":"ListItem","position":2,"name":"Preguntas frecuentes"}]},{"@type":"WebSite","@id":"https:\/\/www.vernicifirewall.it\/#website","url":"https:\/\/www.vernicifirewall.it\/","name":"Le vernici ignifughe per il legno Firewall","description":"Le vernici ignifughe per il legno Firewall","potentialAction":[{"@type":"SearchAction","target":{"@type":"EntryPoint","urlTemplate":"https:\/\/www.vernicifirewall.it\/?s={search_term_string}"},"query-input":{"@type":"PropertyValueSpecification","valueRequired":true,"valueName":"search_term_string"}}],"inLanguage":"es-ES"}]}},"_links":{"self":[{"href":"https:\/\/www.vernicifirewall.it\/es\/wp-json\/wp\/v2\/pages\/5283","targetHints":{"allow":["GET"]}}],"collection":[{"href":"https:\/\/www.vernicifirewall.it\/es\/wp-json\/wp\/v2\/pages"}],"about":[{"href":"https:\/\/www.vernicifirewall.it\/es\/wp-json\/wp\/v2\/types\/page"}],"author":[{"embeddable":true,"href":"https:\/\/www.vernicifirewall.it\/es\/wp-json\/wp\/v2\/users\/1"}],"replies":[{"embeddable":true,"href":"https:\/\/www.vernicifirewall.it\/es\/wp-json\/wp\/v2\/comments?post=5283"}],"version-history":[{"count":7,"href":"https:\/\/www.vernicifirewall.it\/es\/wp-json\/wp\/v2\/pages\/5283\/revisions"}],"predecessor-version":[{"id":5638,"href":"https:\/\/www.vernicifirewall.it\/es\/wp-json\/wp\/v2\/pages\/5283\/revisions\/5638"}],"wp:attachment":[{"href":"https:\/\/www.vernicifirewall.it\/es\/wp-json\/wp\/v2\/media?parent=5283"}],"curies":[{"name":"wp","href":"https:\/\/api.w.org\/{rel}","templated":true}]}}