{"id":5073,"date":"2019-03-12T16:53:18","date_gmt":"2019-03-12T15:53:18","guid":{"rendered":"http:\/\/www.vernicifirewall.it\/sicurezza-e-bellezza\/"},"modified":"2019-04-05T15:14:25","modified_gmt":"2019-04-05T13:14:25","slug":"sicurezza-e-bellezza","status":"publish","type":"page","link":"https:\/\/www.vernicifirewall.it\/fr\/sicurezza-e-bellezza\/","title":{"rendered":"Securit\u00e9 et beaut\u00e9"},"content":{"rendered":"[mk_page_section bg_image=&#8221;http:\/\/www.vernicifirewall.it\/wp-content\/uploads\/2019\/03\/sicurezza-bellezza-edifici.jpg&#8221; bg_image_portrait=&#8221;http:\/\/www.vernicifirewall.it\/wp-content\/uploads\/2019\/03\/sicurezza-bellezza-edifici_mobile-2.jpg&#8221; bg_position=&#8221;center center&#8221; bg_repeat=&#8221;no-repeat&#8221; bg_stretch=&#8221;true&#8221; enable_3d=&#8221;true&#8221; padding_top=&#8221;0&#8243; padding_bottom=&#8221;0&#8243; sidebar=&#8221;sidebar-1&#8243;][vc_column width=&#8221;1\/6&#8243;][\/vc_column][vc_column width=&#8221;2\/3&#8243;]<div class=\"ult-spacer spacer-69f1f93373f77\" data-id=\"69f1f93373f77\" data-height=\"100\" data-height-mobile=\"50\" data-height-tab=\"100\" data-height-tab-portrait=\"100\" data-height-mobile-landscape=\"50\" style=\"clear:both;display:block;\"><\/div>[vc_column_text align=&#8221;center&#8221; el_class=&#8221;white rennertitle&#8221; css=&#8221;.vc_custom_1554469881531{margin-bottom: 0px !important;}&#8221;]Il y a solutions infinies<br \/>\npour projeter le monde,<br \/>\nmais un seul grand imp\u00e9ratif:<br \/>\nla s\u00e9curit\u00e9[\/vc_column_text][vc_column_text align=&#8221;center&#8221; el_class=&#8221;white rennerp&#8221; css=&#8221;.vc_custom_1554469889968{margin-bottom: 0px !important;}&#8221;]Les vernis ignifuges Firewall de Renner Italia naissent pour sauvegarder la securit\u00e9 des objets et des personnes. Un syst\u00e8me de vernissage efficace peut retarder un incendie et sauver une vie. Aucun compromis est accept\u00e9. C&#8217;est pour cela qu&#8217;il faut s&#8217;addresser aux experts et choisir les vernis ignifuges de la ligne Firewall de Renner Italia. [\/vc_column_text]<div class=\"ult-spacer spacer-69f1f9337400d\" data-id=\"69f1f9337400d\" data-height=\"400\" data-height-mobile=\"250\" data-height-tab=\"400\" data-height-tab-portrait=\"400\" data-height-mobile-landscape=\"250\" style=\"clear:both;display:block;\"><\/div>[\/vc_column][vc_column width=&#8221;1\/6&#8243;][\/vc_column][\/mk_page_section][mk_page_section bg_image=&#8221;http:\/\/www.vernicifirewall.it\/wp-content\/uploads\/2019\/03\/sicurezza-bellezza_3.jpg&#8221; bg_image_portrait=&#8221;http:\/\/www.vernicifirewall.it\/wp-content\/uploads\/2019\/03\/sicurezza-bellezza_3_mobile.jpg&#8221; bg_position=&#8221;left center&#8221; bg_repeat=&#8221;no-repeat&#8221; bg_stretch=&#8221;true&#8221; enable_3d=&#8221;true&#8221; padding_top=&#8221;0&#8243; padding_bottom=&#8221;0&#8243; sidebar=&#8221;sidebar-1&#8243;][vc_column width=&#8221;1\/2&#8243;]<div class=\"ult-spacer spacer-69f1f93374062\" data-id=\"69f1f93374062\" data-height=\"200\" data-height-mobile=\"50\" data-height-tab=\"200\" data-height-tab-portrait=\"200\" data-height-mobile-landscape=\"50\" style=\"clear:both;display:block;\"><\/div>[vc_column_text el_class=&#8221;black rennertitle&#8221; css=&#8221;.vc_custom_1554469902463{margin-bottom: 0px !important;}&#8221;]Les vernis ignifuges<br \/>\nqui m\u00e9langent s\u00e9curit\u00e9<br \/>\net beaut\u00e9[\/vc_column_text][vc_column_text el_class=&#8221;black rennerp&#8221; css=&#8221;.vc_custom_1554469909574{margin-bottom: 0px !important;}&#8221;]Le bois a toujours fascin\u00e9 les plus grands architectes du monde entier. C&#8217;est un mat\u00e9riau tr\u00e8s l\u00e9ger et r\u00e9sistant. Il r\u00e9siste aux tremblements de terre et il est le c\u0153ur de la nouvelle bio-architecture. Le bois embellit les espaces dans lesquels nous vivons, mais c&#8217;est aussi un mat\u00e9riau inflammable. Les espaces accueillant de nombreuses personnes sont ceux qui ont le plus besoin de protection. Cin\u00e9mas, centres commerciaux, \u00e9coles, bureaux, restaurants, h\u00f4pitaux, maisons, etc. Les syst\u00e8mes de vernissage Firewall arr\u00eatent le d\u00e9but de l&#8217;incendie, en limitant l&#8217;\u00e9mission de gaz toxiques, tout en respectant les normes complexes. Mais ce n&#8217;est pas tout. Les vernis ignifuges Renner Italia ne changent pas les caract\u00e9ristiques du bois, en garantissant ainsi les besoins esth\u00e9tiques des designers contemporains. Utiliser les vernis Firewall, c&#8217;est choisir un nombre incalculable de moyens pour am\u00e9liorer et embellir le bois, en respactant la s\u00e9curit\u00e9. Sans aucun compromis.[\/vc_column_text]<div class=\"ult-spacer spacer-69f1f933740af\" data-id=\"69f1f933740af\" data-height=\"200\" data-height-mobile=\"200\" data-height-tab=\"200\" data-height-tab-portrait=\"200\" data-height-mobile-landscape=\"200\" style=\"clear:both;display:block;\"><\/div>[\/vc_column][vc_column width=&#8221;1\/2&#8243;][\/vc_column][\/mk_page_section][mk_page_section bg_image=&#8221;http:\/\/www.vernicifirewall.it\/wp-content\/uploads\/2019\/03\/teatro-vernici-ignifughe.jpg&#8221; bg_image_portrait=&#8221;http:\/\/www.vernicifirewall.it\/wp-content\/uploads\/2019\/03\/teatro-vernici-ignifughe_mobile.jpg&#8221; bg_position=&#8221;right center&#8221; bg_repeat=&#8221;no-repeat&#8221; bg_stretch=&#8221;true&#8221; enable_3d=&#8221;true&#8221; padding_top=&#8221;0&#8243; padding_bottom=&#8221;0&#8243; sidebar=&#8221;sidebar-1&#8243;][vc_column width=&#8221;1\/2&#8243;][\/vc_column][vc_column width=&#8221;1\/2&#8243;]<div class=\"ult-spacer spacer-69f1f933740fa\" data-id=\"69f1f933740fa\" data-height=\"200\" data-height-mobile=\"50\" data-height-tab=\"200\" data-height-tab-portrait=\"200\" data-height-mobile-landscape=\"50\" style=\"clear:both;display:block;\"><\/div>[vc_column_text el_class=&#8221;white rennertitle&#8221; css=&#8221;.vc_custom_1554469919614{margin-bottom: 0px !important;}&#8221;]Une conqu\u00eate<br \/>\nr\u00e9cente[\/vc_column_text][vc_column_text el_class=&#8221;white rennerp&#8221; css=&#8221;.vc_custom_1554469926979{margin-bottom: 0px !important;}&#8221;]En ce qui concerne les vernis ignifuges, le couple beaut\u00e9-s\u00e9curit\u00e9 est une conqu\u00eate r\u00e9cente. Firewall joue un r\u00f4le de premier plan dans ce domaine. Dans le pass\u00e9, l&#8217;application d&#8217;un vernis r\u00e9sistant au feu signifiait gagner en s\u00e9curit\u00e9, mais perdre en beaut\u00e9. Ceci, parce que l&#8217;ignifugation n\u00e9cessitait un grammage \u00e9lev\u00e9 du produit. Avec Firewall, les laboratoires Renner Italia ont mis au point de nouvelles formules capables de reproduire une vaste gamme d\u2019effets sp\u00e9ciaux, de couleurs et de finitions haute qualit\u00e9, m\u00eame dans le domaine des vernis r\u00e9sistants au feu. Les syst\u00e8mes de vernissage de Firewall sont \u00e9l\u00e9gants et ductiles et combinent ces caract\u00e9ristiques \u00e0 la plus haute r\u00e9sistance au feu, atteignant la Classe 1.[\/vc_column_text]<div class=\"ult-spacer spacer-69f1f93374142\" data-id=\"69f1f93374142\" data-height=\"200\" data-height-mobile=\"50\" data-height-tab=\"200\" data-height-tab-portrait=\"200\" data-height-mobile-landscape=\"50\" style=\"clear:both;display:block;\"><\/div>[\/vc_column][\/mk_page_section][mk_page_section bg_image=&#8221;http:\/\/www.vernicifirewall.it\/wp-content\/uploads\/2019\/03\/smoke-1.jpg&#8221; bg_position=&#8221;center top&#8221; bg_repeat=&#8221;no-repeat&#8221; bg_stretch=&#8221;true&#8221; enable_3d=&#8221;true&#8221; padding_top=&#8221;100&#8243; padding_bottom=&#8221;200&#8243; sidebar=&#8221;sidebar-1&#8243;][vc_column width=&#8221;1\/6&#8243;][\/vc_column][vc_column width=&#8221;2\/3&#8243;][vc_video host=&#8221;self_hosted&#8221; mp4=&#8221;http:\/\/vernicifirewall.it\/wp-content\/uploads\/video\/MOBILI_IT.mp4&#8243; poster_image=&#8221; http:\/\/vernicifirewall.it\/wp-content\/uploads\/video\/intervista-mobili.jpg&#8221; custom_thumbnail=&#8221;true&#8221; thumbnail_image=&#8221;4315&#8243;][mk_padding_divider][\/vc_column][vc_column width=&#8221;1\/6&#8243;][\/vc_column][\/mk_page_section]\n","protected":false},"excerpt":{"rendered":"<p>[mk_page_section bg_image=&#8221;http:\/\/www.vernicifirewall.it\/wp-content\/uploads\/2019\/03\/sicurezza-bellezza-edifici.jpg&#8221; bg_image_portrait=&#8221;http:\/\/www.vernicifirewall.it\/wp-content\/uploads\/2019\/03\/sicurezza-bellezza-edifici_mobile-2.jpg&#8221; bg_position=&#8221;center center&#8221; bg_repeat=&#8221;no-repeat&#8221; bg_stretch=&#8221;true&#8221; enable_3d=&#8221;true&#8221; padding_top=&#8221;0&#8243; padding_bottom=&#8221;0&#8243; sidebar=&#8221;sidebar-1&#8243;][vc_column width=&#8221;1\/6&#8243;][\/vc_column][vc_column width=&#8221;2\/3&#8243;][vc_column_text align=&#8221;center&#8221; el_class=&#8221;white rennertitle&#8221; css=&#8221;.vc_custom_1554469881531{margin-bottom: 0px !important;}&#8221;]Il y a solutions infinies pour projeter le monde, mais un seul grand imp\u00e9ratif: la s\u00e9curit\u00e9[\/vc_column_text][vc_column_text align=&#8221;center&#8221; el_class=&#8221;white rennerp&#8221; css=&#8221;.vc_custom_1554469889968{margin-bottom: 0px !important;}&#8221;]Les vernis ignifuges Firewall de Renner Italia naissent pour sauvegarder la securit\u00e9 des objets et des [&hellip;]<\/p>\n","protected":false},"author":1,"featured_media":0,"parent":0,"menu_order":0,"comment_status":"closed","ping_status":"closed","template":"","meta":{"footnotes":""},"class_list":["post-5073","page","type-page","status-publish","hentry"],"yoast_head":"<!-- This site is optimized with the Yoast SEO plugin v27.0 - https:\/\/yoast.com\/product\/yoast-seo-wordpress\/ -->\n<title>Securit\u00e9 et beaut\u00e9 - Le vernici ignifughe per il legno Firewall<\/title>\n<meta name=\"robots\" content=\"index, follow, max-snippet:-1, max-image-preview:large, max-video-preview:-1\" \/>\n<link rel=\"canonical\" href=\"https:\/\/www.vernicifirewall.it\/fr\/sicurezza-e-bellezza\/\" \/>\n<meta property=\"og:locale\" content=\"fr_FR\" \/>\n<meta property=\"og:type\" content=\"article\" \/>\n<meta property=\"og:title\" content=\"Securit\u00e9 et beaut\u00e9 - Le vernici ignifughe per il legno Firewall\" \/>\n<meta property=\"og:description\" content=\"[mk_page_section bg_image=&#8221;http:\/\/www.vernicifirewall.it\/wp-content\/uploads\/2019\/03\/sicurezza-bellezza-edifici.jpg&#8221; bg_image_portrait=&#8221;http:\/\/www.vernicifirewall.it\/wp-content\/uploads\/2019\/03\/sicurezza-bellezza-edifici_mobile-2.jpg&#8221; bg_position=&#8221;center center&#8221; bg_repeat=&#8221;no-repeat&#8221; bg_stretch=&#8221;true&#8221; enable_3d=&#8221;true&#8221; padding_top=&#8221;0&#8243; padding_bottom=&#8221;0&#8243; sidebar=&#8221;sidebar-1&#8243;][vc_column width=&#8221;1\/6&#8243;][\/vc_column][vc_column width=&#8221;2\/3&#8243;][vc_column_text align=&#8221;center&#8221; el_class=&#8221;white rennertitle&#8221; css=&#8221;.vc_custom_1554469881531{margin-bottom: 0px !important;}&#8221;]Il y a solutions infinies pour projeter le monde, mais un seul grand imp\u00e9ratif: la s\u00e9curit\u00e9[\/vc_column_text][vc_column_text align=&#8221;center&#8221; el_class=&#8221;white rennerp&#8221; css=&#8221;.vc_custom_1554469889968{margin-bottom: 0px !important;}&#8221;]Les vernis ignifuges Firewall de Renner Italia naissent pour sauvegarder la securit\u00e9 des objets et des [&hellip;]\" \/>\n<meta property=\"og:url\" content=\"https:\/\/www.vernicifirewall.it\/fr\/sicurezza-e-bellezza\/\" \/>\n<meta property=\"og:site_name\" content=\"Le vernici ignifughe per il legno Firewall\" \/>\n<meta property=\"article:modified_time\" content=\"2019-04-05T13:14:25+00:00\" \/>\n<meta name=\"twitter:label1\" content=\"Est. reading time\" \/>\n\t<meta name=\"twitter:data1\" content=\"4 minutes\" \/>\n<script type=\"application\/ld+json\" class=\"yoast-schema-graph\">{\"@context\":\"https:\/\/schema.org\",\"@graph\":[{\"@type\":\"WebPage\",\"@id\":\"https:\/\/www.vernicifirewall.it\/fr\/sicurezza-e-bellezza\/\",\"url\":\"https:\/\/www.vernicifirewall.it\/fr\/sicurezza-e-bellezza\/\",\"name\":\"Securit\u00e9 et beaut\u00e9 - Le vernici ignifughe per il legno Firewall\",\"isPartOf\":{\"@id\":\"https:\/\/www.vernicifirewall.it\/#website\"},\"datePublished\":\"2019-03-12T15:53:18+00:00\",\"dateModified\":\"2019-04-05T13:14:25+00:00\",\"breadcrumb\":{\"@id\":\"https:\/\/www.vernicifirewall.it\/fr\/sicurezza-e-bellezza\/#breadcrumb\"},\"inLanguage\":\"fr-FR\",\"potentialAction\":[{\"@type\":\"ReadAction\",\"target\":[\"https:\/\/www.vernicifirewall.it\/fr\/sicurezza-e-bellezza\/\"]}]},{\"@type\":\"BreadcrumbList\",\"@id\":\"https:\/\/www.vernicifirewall.it\/fr\/sicurezza-e-bellezza\/#breadcrumb\",\"itemListElement\":[{\"@type\":\"ListItem\",\"position\":1,\"name\":\"Home\",\"item\":\"https:\/\/www.vernicifirewall.it\/fr\/\"},{\"@type\":\"ListItem\",\"position\":2,\"name\":\"Securit\u00e9 et beaut\u00e9\"}]},{\"@type\":\"WebSite\",\"@id\":\"https:\/\/www.vernicifirewall.it\/#website\",\"url\":\"https:\/\/www.vernicifirewall.it\/\",\"name\":\"Le vernici ignifughe per il legno Firewall\",\"description\":\"Le vernici ignifughe per il legno Firewall\",\"potentialAction\":[{\"@type\":\"SearchAction\",\"target\":{\"@type\":\"EntryPoint\",\"urlTemplate\":\"https:\/\/www.vernicifirewall.it\/?s={search_term_string}\"},\"query-input\":{\"@type\":\"PropertyValueSpecification\",\"valueRequired\":true,\"valueName\":\"search_term_string\"}}],\"inLanguage\":\"fr-FR\"}]}<\/script>\n<!-- \/ Yoast SEO plugin. -->","yoast_head_json":{"title":"Securit\u00e9 et beaut\u00e9 - Le vernici ignifughe per il legno Firewall","robots":{"index":"index","follow":"follow","max-snippet":"max-snippet:-1","max-image-preview":"max-image-preview:large","max-video-preview":"max-video-preview:-1"},"canonical":"https:\/\/www.vernicifirewall.it\/fr\/sicurezza-e-bellezza\/","og_locale":"fr_FR","og_type":"article","og_title":"Securit\u00e9 et beaut\u00e9 - Le vernici ignifughe per il legno Firewall","og_description":"[mk_page_section bg_image=&#8221;http:\/\/www.vernicifirewall.it\/wp-content\/uploads\/2019\/03\/sicurezza-bellezza-edifici.jpg&#8221; bg_image_portrait=&#8221;http:\/\/www.vernicifirewall.it\/wp-content\/uploads\/2019\/03\/sicurezza-bellezza-edifici_mobile-2.jpg&#8221; bg_position=&#8221;center center&#8221; bg_repeat=&#8221;no-repeat&#8221; bg_stretch=&#8221;true&#8221; enable_3d=&#8221;true&#8221; padding_top=&#8221;0&#8243; padding_bottom=&#8221;0&#8243; sidebar=&#8221;sidebar-1&#8243;][vc_column width=&#8221;1\/6&#8243;][\/vc_column][vc_column width=&#8221;2\/3&#8243;][vc_column_text align=&#8221;center&#8221; el_class=&#8221;white rennertitle&#8221; css=&#8221;.vc_custom_1554469881531{margin-bottom: 0px !important;}&#8221;]Il y a solutions infinies pour projeter le monde, mais un seul grand imp\u00e9ratif: la s\u00e9curit\u00e9[\/vc_column_text][vc_column_text align=&#8221;center&#8221; el_class=&#8221;white rennerp&#8221; css=&#8221;.vc_custom_1554469889968{margin-bottom: 0px !important;}&#8221;]Les vernis ignifuges Firewall de Renner Italia naissent pour sauvegarder la securit\u00e9 des objets et des [&hellip;]","og_url":"https:\/\/www.vernicifirewall.it\/fr\/sicurezza-e-bellezza\/","og_site_name":"Le vernici ignifughe per il legno Firewall","article_modified_time":"2019-04-05T13:14:25+00:00","twitter_misc":{"Est. reading time":"4 minutes"},"schema":{"@context":"https:\/\/schema.org","@graph":[{"@type":"WebPage","@id":"https:\/\/www.vernicifirewall.it\/fr\/sicurezza-e-bellezza\/","url":"https:\/\/www.vernicifirewall.it\/fr\/sicurezza-e-bellezza\/","name":"Securit\u00e9 et beaut\u00e9 - Le vernici ignifughe per il legno Firewall","isPartOf":{"@id":"https:\/\/www.vernicifirewall.it\/#website"},"datePublished":"2019-03-12T15:53:18+00:00","dateModified":"2019-04-05T13:14:25+00:00","breadcrumb":{"@id":"https:\/\/www.vernicifirewall.it\/fr\/sicurezza-e-bellezza\/#breadcrumb"},"inLanguage":"fr-FR","potentialAction":[{"@type":"ReadAction","target":["https:\/\/www.vernicifirewall.it\/fr\/sicurezza-e-bellezza\/"]}]},{"@type":"BreadcrumbList","@id":"https:\/\/www.vernicifirewall.it\/fr\/sicurezza-e-bellezza\/#breadcrumb","itemListElement":[{"@type":"ListItem","position":1,"name":"Home","item":"https:\/\/www.vernicifirewall.it\/fr\/"},{"@type":"ListItem","position":2,"name":"Securit\u00e9 et beaut\u00e9"}]},{"@type":"WebSite","@id":"https:\/\/www.vernicifirewall.it\/#website","url":"https:\/\/www.vernicifirewall.it\/","name":"Le vernici ignifughe per il legno Firewall","description":"Le vernici ignifughe per il legno Firewall","potentialAction":[{"@type":"SearchAction","target":{"@type":"EntryPoint","urlTemplate":"https:\/\/www.vernicifirewall.it\/?s={search_term_string}"},"query-input":{"@type":"PropertyValueSpecification","valueRequired":true,"valueName":"search_term_string"}}],"inLanguage":"fr-FR"}]}},"_links":{"self":[{"href":"https:\/\/www.vernicifirewall.it\/fr\/wp-json\/wp\/v2\/pages\/5073","targetHints":{"allow":["GET"]}}],"collection":[{"href":"https:\/\/www.vernicifirewall.it\/fr\/wp-json\/wp\/v2\/pages"}],"about":[{"href":"https:\/\/www.vernicifirewall.it\/fr\/wp-json\/wp\/v2\/types\/page"}],"author":[{"embeddable":true,"href":"https:\/\/www.vernicifirewall.it\/fr\/wp-json\/wp\/v2\/users\/1"}],"replies":[{"embeddable":true,"href":"https:\/\/www.vernicifirewall.it\/fr\/wp-json\/wp\/v2\/comments?post=5073"}],"version-history":[{"count":3,"href":"https:\/\/www.vernicifirewall.it\/fr\/wp-json\/wp\/v2\/pages\/5073\/revisions"}],"predecessor-version":[{"id":5084,"href":"https:\/\/www.vernicifirewall.it\/fr\/wp-json\/wp\/v2\/pages\/5073\/revisions\/5084"}],"wp:attachment":[{"href":"https:\/\/www.vernicifirewall.it\/fr\/wp-json\/wp\/v2\/media?parent=5073"}],"curies":[{"name":"wp","href":"https:\/\/api.w.org\/{rel}","templated":true}]}}