{"id":5088,"date":"2019-03-14T12:57:00","date_gmt":"2019-03-14T11:57:00","guid":{"rendered":"http:\/\/www.vernicifirewall.it\/le-vernici-ignifughe-e-le-vernici-intumescenti\/"},"modified":"2019-04-16T10:37:16","modified_gmt":"2019-04-16T08:37:16","slug":"le-vernici-ignifughe-e-le-vernici-intumescenti","status":"publish","type":"page","link":"https:\/\/www.vernicifirewall.it\/fr\/le-vernici-ignifughe-e-le-vernici-intumescenti\/","title":{"rendered":"Vernis ignifuges et intumescents"},"content":{"rendered":"[mk_page_section bg_image=&#8221;http:\/\/www.vernicifirewall.it\/wp-content\/uploads\/2019\/03\/vernici-ignifughe-intumescenti.jpg&#8221; bg_position=&#8221;left center&#8221; bg_repeat=&#8221;no-repeat&#8221; bg_stretch=&#8221;true&#8221; enable_3d=&#8221;true&#8221; padding_top=&#8221;200&#8243; padding_bottom=&#8221;200&#8243; sidebar=&#8221;sidebar-1&#8243;][vc_column width=&#8221;1\/2&#8243;][vc_column_text el_class=&#8221;white rennertitle&#8221; css=&#8221;.vc_custom_1554661676192{margin-bottom: 0px !important;}&#8221;]La limitation<br \/>\nde la propagation<br \/>\ndu feu[\/vc_column_text][vc_column_text el_class=&#8221;white rennerp&#8221; css=&#8221;.vc_custom_1554661684282{margin-bottom: 0px !important;}&#8221;]Les vernis ignifuges et intumescents limitent la propagation du feu, de la chaleur et des fum\u00e9es \u00e0 partir de mat\u00e9riaux combustibles ou de structure, pr\u00e9sents dans les endroits soumis \u00e0 la r\u00e9glementation anti-incendie. Ces vernis sont utilis\u00e9s dans des environnements tr\u00e8s fr\u00e9quent\u00e9s, tels que les centres commerciaux, les \u00e9tablissements d\u2019h\u00e9bergement, les \u00e9coles ou les cin\u00e9mas. Ces lieux sont tenus de d\u00e9livrer un Certificat de Pr\u00e9vention des Incendies (CPI en italien) pour les mat\u00e9riaux combustibles, tels que les meubles et les \u00e9l\u00e9ments de structure (par exemple les poutres en bois, en acier ou en b\u00e9ton).[\/vc_column_text][\/vc_column][vc_column width=&#8221;1\/2&#8243;][\/vc_column][\/mk_page_section][mk_page_section bg_image_portrait=&#8221;http:\/\/www.vernicifirewall.it\/wp-content\/uploads\/2019\/03\/vernici-intumescenti.jpg&#8221; bg_position=&#8221;right center&#8221; bg_repeat=&#8221;no-repeat&#8221; bg_stretch=&#8221;true&#8221; enable_3d=&#8221;true&#8221; bg_video=&#8221;yes&#8221; mp4=&#8221;http:\/\/www.renneritalia.com\/wp-content\/uploads\/video\/shutterstock_v2154200.mp4&#8243; webm=&#8221;http:\/\/www.renneritalia.com\/wp-content\/uploads\/video\/shutterstock_v2154200.webm&#8221; ogv=&#8221;http:\/\/www.renneritalia.com\/wp-content\/uploads\/video\/shutterstock_v2154200.ogv&#8221; poster_image=&#8221;http:\/\/www.vernicifirewall.it\/wp-content\/uploads\/2019\/03\/vernici-intumescenti.jpg&#8221; padding_top=&#8221;200&#8243; padding_bottom=&#8221;200&#8243; sidebar=&#8221;sidebar-1&#8243;][vc_column width=&#8221;1\/2&#8243;][\/vc_column][vc_column width=&#8221;1\/2&#8243;][vc_column_text el_class=&#8221;white rennertitle&#8221; css=&#8221;.vc_custom_1554661698216{margin-bottom: 0px !important;}&#8221;]La diff\u00e9rence<br \/>\nentre les vernis ignifuges<br \/>\net intumescents[\/vc_column_text][vc_column_text el_class=&#8221;white rennerp&#8221; css=&#8221;.vc_custom_1555403724267{margin-bottom: 0px !important;}&#8221;]La composition chimique est la diff\u00e9rence entre les vernis ignifuges et les vernis intumescents. Les premiers contiennent des additifs ignifuges ou anti-flamme (du latin ignis, feu et fugo, &#8220;qui laisse s&#8217;\u00e9chapper&#8221;); ces derniers sont compos\u00e9s d&#8217;additifs intumescents (du latin intumescens, participe pr\u00e9sent d&#8217;intum\u011bscere, ou &#8220;gonfler&#8221;).<\/p>\n<p>Dans le cas de temp\u00e9ratures entre 200\u00b0C et 300\u00b0C, les additifs ignifuges lib\u00e8rent des substances qui inhibent l&#8217;oxyg\u00e8ne: ils d\u00e9veloppent du dioxyde de carbone ou cr\u00e9ent de la vapeur d&#8217;eau, en abaissant efficacement la temp\u00e9rature de combustion. Entre 300\u00b0C et 400\u00b0C, les vernis ignifuges lancent le processus de cristallisation. Essentiellement, une couche vitrifi\u00e9e non inflammable cr\u00e9e une barri\u00e8re pour le bois.[\/vc_column_text][\/vc_column][\/mk_page_section][mk_page_section bg_image=&#8221;http:\/\/www.vernicifirewall.it\/wp-content\/uploads\/2019\/03\/vernici-ignifughe.jpg&#8221; bg_image_portrait=&#8221;http:\/\/www.vernicifirewall.it\/wp-content\/uploads\/2019\/03\/bk_cicli_mobile.jpg&#8221; bg_position=&#8221;left center&#8221; bg_repeat=&#8221;no-repeat&#8221; bg_stretch=&#8221;true&#8221; enable_3d=&#8221;true&#8221; padding_top=&#8221;200&#8243; padding_bottom=&#8221;200&#8243; sidebar=&#8221;sidebar-1&#8243;][vc_column width=&#8221;1\/2&#8243;][vc_column_text el_class=&#8221;white rennertitle&#8221; css=&#8221;.vc_custom_1554661725570{margin-bottom: 0px !important;}&#8221;]Barri\u00e8re de protection<br \/>\net isolation[\/vc_column_text][vc_column_text el_class=&#8221;white rennerp&#8221; css=&#8221;.vc_custom_1554661740868{margin-bottom: 0px !important;}&#8221;]Les additifs intumescents r\u00e9agissent \u00e0 une temp\u00e9rature de 200\u00b0C en gonflant le film du vernis. Ils cr\u00e9ent ainsi une barri\u00e8re protectrice et isolante, en retardant \u00e0 la fois la combustion et l\u2019\u00e9l\u00e9vation de la temp\u00e9rature. Normalement, les additifs ignifuges sont utilis\u00e9s dans des syst\u00e8mes appliqu\u00e9s sur les meubles. Alors que les additifs intumescents les plus r\u00e9actifs, qui ne sont pas tr\u00e8s transparents, sont utilis\u00e9s dans les peintures, qui sont utilis\u00e9es pour peindre des structures portantent.<br \/>\nPar cons\u00e9quent, un vernis ignifuge, certifi\u00e9 Classe 1 de R\u00e9action au Feu, contiendra des additifs ignifuges et sera plus performant en ce qui concerne la r\u00e9sistance chimique et la r\u00e9sistance \u00e0 l&#8217;abrasion, tandis qu&#8217;un vernis intumescent, certifi\u00e9 en Classe de R\u00e9sistance au Feu, sera plus sensible aux humidit\u00e9 et au stress.[\/vc_column_text][\/vc_column][vc_column width=&#8221;1\/2&#8243;][\/vc_column][\/mk_page_section][mk_page_section bg_image=&#8221;http:\/\/www.vernicifirewall.it\/wp-content\/uploads\/2019\/03\/smoke-1.jpg&#8221; bg_position=&#8221;center top&#8221; bg_repeat=&#8221;no-repeat&#8221; bg_stretch=&#8221;true&#8221; enable_3d=&#8221;true&#8221; padding_top=&#8221;100&#8243; padding_bottom=&#8221;200&#8243; sidebar=&#8221;sidebar-1&#8243;][vc_column width=&#8221;1\/6&#8243;][\/vc_column][vc_column width=&#8221;2\/3&#8243;][vc_video host=&#8221;self_hosted&#8221; mp4=&#8221;http:\/\/vernicifirewall.it\/wp-content\/uploads\/video\/BASSI_IT.mp4&#8243; poster_image=&#8221;http:\/\/vernicifirewall.it\/wp-content\/uploads\/video\/intervista-bassi.jpg&#8221; custom_thumbnail=&#8221;true&#8221; thumbnail_image=&#8221;4302&#8243;][mk_padding_divider][\/vc_column][vc_column width=&#8221;1\/6&#8243;][\/vc_column][\/mk_page_section]\n","protected":false},"excerpt":{"rendered":"<p>[mk_page_section bg_image=&#8221;http:\/\/www.vernicifirewall.it\/wp-content\/uploads\/2019\/03\/vernici-ignifughe-intumescenti.jpg&#8221; bg_position=&#8221;left center&#8221; bg_repeat=&#8221;no-repeat&#8221; bg_stretch=&#8221;true&#8221; enable_3d=&#8221;true&#8221; padding_top=&#8221;200&#8243; padding_bottom=&#8221;200&#8243; sidebar=&#8221;sidebar-1&#8243;][vc_column width=&#8221;1\/2&#8243;][vc_column_text el_class=&#8221;white rennertitle&#8221; css=&#8221;.vc_custom_1554661676192{margin-bottom: 0px !important;}&#8221;]La limitation de la propagation du feu[\/vc_column_text][vc_column_text el_class=&#8221;white rennerp&#8221; css=&#8221;.vc_custom_1554661684282{margin-bottom: 0px !important;}&#8221;]Les vernis ignifuges et intumescents limitent la propagation du feu, de la chaleur et des fum\u00e9es \u00e0 partir de mat\u00e9riaux combustibles ou de structure, pr\u00e9sents dans les endroits soumis [&hellip;]<\/p>\n","protected":false},"author":1,"featured_media":0,"parent":0,"menu_order":0,"comment_status":"closed","ping_status":"closed","template":"","meta":{"footnotes":""},"class_list":["post-5088","page","type-page","status-publish","hentry"],"yoast_head":"<!-- This site is optimized with the Yoast SEO plugin v27.0 - https:\/\/yoast.com\/product\/yoast-seo-wordpress\/ -->\n<title>Vernis ignifuges et intumescents - Le vernici ignifughe per il legno Firewall<\/title>\n<meta name=\"robots\" content=\"index, follow, max-snippet:-1, max-image-preview:large, max-video-preview:-1\" \/>\n<link rel=\"canonical\" href=\"https:\/\/www.vernicifirewall.it\/fr\/le-vernici-ignifughe-e-le-vernici-intumescenti\/\" \/>\n<meta property=\"og:locale\" content=\"fr_FR\" \/>\n<meta property=\"og:type\" content=\"article\" \/>\n<meta property=\"og:title\" content=\"Vernis ignifuges et intumescents - Le vernici ignifughe per il legno Firewall\" \/>\n<meta property=\"og:description\" content=\"[mk_page_section bg_image=&#8221;http:\/\/www.vernicifirewall.it\/wp-content\/uploads\/2019\/03\/vernici-ignifughe-intumescenti.jpg&#8221; bg_position=&#8221;left center&#8221; bg_repeat=&#8221;no-repeat&#8221; bg_stretch=&#8221;true&#8221; enable_3d=&#8221;true&#8221; padding_top=&#8221;200&#8243; padding_bottom=&#8221;200&#8243; sidebar=&#8221;sidebar-1&#8243;][vc_column width=&#8221;1\/2&#8243;][vc_column_text el_class=&#8221;white rennertitle&#8221; css=&#8221;.vc_custom_1554661676192{margin-bottom: 0px !important;}&#8221;]La limitation de la propagation du feu[\/vc_column_text][vc_column_text el_class=&#8221;white rennerp&#8221; css=&#8221;.vc_custom_1554661684282{margin-bottom: 0px !important;}&#8221;]Les vernis ignifuges et intumescents limitent la propagation du feu, de la chaleur et des fum\u00e9es \u00e0 partir de mat\u00e9riaux combustibles ou de structure, pr\u00e9sents dans les endroits soumis [&hellip;]\" \/>\n<meta property=\"og:url\" content=\"https:\/\/www.vernicifirewall.it\/fr\/le-vernici-ignifughe-e-le-vernici-intumescenti\/\" \/>\n<meta property=\"og:site_name\" content=\"Le vernici ignifughe per il legno Firewall\" \/>\n<meta property=\"article:modified_time\" content=\"2019-04-16T08:37:16+00:00\" \/>\n<meta name=\"twitter:label1\" content=\"Est. reading time\" \/>\n\t<meta name=\"twitter:data1\" content=\"4 minutes\" \/>\n<script type=\"application\/ld+json\" class=\"yoast-schema-graph\">{\"@context\":\"https:\/\/schema.org\",\"@graph\":[{\"@type\":\"WebPage\",\"@id\":\"https:\/\/www.vernicifirewall.it\/fr\/le-vernici-ignifughe-e-le-vernici-intumescenti\/\",\"url\":\"https:\/\/www.vernicifirewall.it\/fr\/le-vernici-ignifughe-e-le-vernici-intumescenti\/\",\"name\":\"Vernis ignifuges et intumescents - Le vernici ignifughe per il legno Firewall\",\"isPartOf\":{\"@id\":\"https:\/\/www.vernicifirewall.it\/#website\"},\"datePublished\":\"2019-03-14T11:57:00+00:00\",\"dateModified\":\"2019-04-16T08:37:16+00:00\",\"breadcrumb\":{\"@id\":\"https:\/\/www.vernicifirewall.it\/fr\/le-vernici-ignifughe-e-le-vernici-intumescenti\/#breadcrumb\"},\"inLanguage\":\"fr-FR\",\"potentialAction\":[{\"@type\":\"ReadAction\",\"target\":[\"https:\/\/www.vernicifirewall.it\/fr\/le-vernici-ignifughe-e-le-vernici-intumescenti\/\"]}]},{\"@type\":\"BreadcrumbList\",\"@id\":\"https:\/\/www.vernicifirewall.it\/fr\/le-vernici-ignifughe-e-le-vernici-intumescenti\/#breadcrumb\",\"itemListElement\":[{\"@type\":\"ListItem\",\"position\":1,\"name\":\"Home\",\"item\":\"https:\/\/www.vernicifirewall.it\/fr\/\"},{\"@type\":\"ListItem\",\"position\":2,\"name\":\"Vernis ignifuges et intumescents\"}]},{\"@type\":\"WebSite\",\"@id\":\"https:\/\/www.vernicifirewall.it\/#website\",\"url\":\"https:\/\/www.vernicifirewall.it\/\",\"name\":\"Le vernici ignifughe per il legno Firewall\",\"description\":\"Le vernici ignifughe per il legno Firewall\",\"potentialAction\":[{\"@type\":\"SearchAction\",\"target\":{\"@type\":\"EntryPoint\",\"urlTemplate\":\"https:\/\/www.vernicifirewall.it\/?s={search_term_string}\"},\"query-input\":{\"@type\":\"PropertyValueSpecification\",\"valueRequired\":true,\"valueName\":\"search_term_string\"}}],\"inLanguage\":\"fr-FR\"}]}<\/script>\n<!-- \/ Yoast SEO plugin. -->","yoast_head_json":{"title":"Vernis ignifuges et intumescents - Le vernici ignifughe per il legno Firewall","robots":{"index":"index","follow":"follow","max-snippet":"max-snippet:-1","max-image-preview":"max-image-preview:large","max-video-preview":"max-video-preview:-1"},"canonical":"https:\/\/www.vernicifirewall.it\/fr\/le-vernici-ignifughe-e-le-vernici-intumescenti\/","og_locale":"fr_FR","og_type":"article","og_title":"Vernis ignifuges et intumescents - Le vernici ignifughe per il legno Firewall","og_description":"[mk_page_section bg_image=&#8221;http:\/\/www.vernicifirewall.it\/wp-content\/uploads\/2019\/03\/vernici-ignifughe-intumescenti.jpg&#8221; bg_position=&#8221;left center&#8221; bg_repeat=&#8221;no-repeat&#8221; bg_stretch=&#8221;true&#8221; enable_3d=&#8221;true&#8221; padding_top=&#8221;200&#8243; padding_bottom=&#8221;200&#8243; sidebar=&#8221;sidebar-1&#8243;][vc_column width=&#8221;1\/2&#8243;][vc_column_text el_class=&#8221;white rennertitle&#8221; css=&#8221;.vc_custom_1554661676192{margin-bottom: 0px !important;}&#8221;]La limitation de la propagation du feu[\/vc_column_text][vc_column_text el_class=&#8221;white rennerp&#8221; css=&#8221;.vc_custom_1554661684282{margin-bottom: 0px !important;}&#8221;]Les vernis ignifuges et intumescents limitent la propagation du feu, de la chaleur et des fum\u00e9es \u00e0 partir de mat\u00e9riaux combustibles ou de structure, pr\u00e9sents dans les endroits soumis [&hellip;]","og_url":"https:\/\/www.vernicifirewall.it\/fr\/le-vernici-ignifughe-e-le-vernici-intumescenti\/","og_site_name":"Le vernici ignifughe per il legno Firewall","article_modified_time":"2019-04-16T08:37:16+00:00","twitter_misc":{"Est. reading time":"4 minutes"},"schema":{"@context":"https:\/\/schema.org","@graph":[{"@type":"WebPage","@id":"https:\/\/www.vernicifirewall.it\/fr\/le-vernici-ignifughe-e-le-vernici-intumescenti\/","url":"https:\/\/www.vernicifirewall.it\/fr\/le-vernici-ignifughe-e-le-vernici-intumescenti\/","name":"Vernis ignifuges et intumescents - Le vernici ignifughe per il legno Firewall","isPartOf":{"@id":"https:\/\/www.vernicifirewall.it\/#website"},"datePublished":"2019-03-14T11:57:00+00:00","dateModified":"2019-04-16T08:37:16+00:00","breadcrumb":{"@id":"https:\/\/www.vernicifirewall.it\/fr\/le-vernici-ignifughe-e-le-vernici-intumescenti\/#breadcrumb"},"inLanguage":"fr-FR","potentialAction":[{"@type":"ReadAction","target":["https:\/\/www.vernicifirewall.it\/fr\/le-vernici-ignifughe-e-le-vernici-intumescenti\/"]}]},{"@type":"BreadcrumbList","@id":"https:\/\/www.vernicifirewall.it\/fr\/le-vernici-ignifughe-e-le-vernici-intumescenti\/#breadcrumb","itemListElement":[{"@type":"ListItem","position":1,"name":"Home","item":"https:\/\/www.vernicifirewall.it\/fr\/"},{"@type":"ListItem","position":2,"name":"Vernis ignifuges et intumescents"}]},{"@type":"WebSite","@id":"https:\/\/www.vernicifirewall.it\/#website","url":"https:\/\/www.vernicifirewall.it\/","name":"Le vernici ignifughe per il legno Firewall","description":"Le vernici ignifughe per il legno Firewall","potentialAction":[{"@type":"SearchAction","target":{"@type":"EntryPoint","urlTemplate":"https:\/\/www.vernicifirewall.it\/?s={search_term_string}"},"query-input":{"@type":"PropertyValueSpecification","valueRequired":true,"valueName":"search_term_string"}}],"inLanguage":"fr-FR"}]}},"_links":{"self":[{"href":"https:\/\/www.vernicifirewall.it\/fr\/wp-json\/wp\/v2\/pages\/5088","targetHints":{"allow":["GET"]}}],"collection":[{"href":"https:\/\/www.vernicifirewall.it\/fr\/wp-json\/wp\/v2\/pages"}],"about":[{"href":"https:\/\/www.vernicifirewall.it\/fr\/wp-json\/wp\/v2\/types\/page"}],"author":[{"embeddable":true,"href":"https:\/\/www.vernicifirewall.it\/fr\/wp-json\/wp\/v2\/users\/1"}],"replies":[{"embeddable":true,"href":"https:\/\/www.vernicifirewall.it\/fr\/wp-json\/wp\/v2\/comments?post=5088"}],"version-history":[{"count":5,"href":"https:\/\/www.vernicifirewall.it\/fr\/wp-json\/wp\/v2\/pages\/5088\/revisions"}],"predecessor-version":[{"id":5549,"href":"https:\/\/www.vernicifirewall.it\/fr\/wp-json\/wp\/v2\/pages\/5088\/revisions\/5549"}],"wp:attachment":[{"href":"https:\/\/www.vernicifirewall.it\/fr\/wp-json\/wp\/v2\/media?parent=5088"}],"curies":[{"name":"wp","href":"https:\/\/api.w.org\/{rel}","templated":true}]}}