{"id":5133,"date":"2019-03-12T18:17:02","date_gmt":"2019-03-12T17:17:02","guid":{"rendered":"http:\/\/www.vernicifirewall.it\/locali-obbligati\/"},"modified":"2019-04-09T09:34:34","modified_gmt":"2019-04-09T07:34:34","slug":"locali-obbligati","status":"publish","type":"page","link":"https:\/\/www.vernicifirewall.it\/fr\/locali-obbligati\/","title":{"rendered":"Locaux oblig\u00e9s"},"content":{"rendered":"[mk_page_section bg_image=&#8221;http:\/\/www.vernicifirewall.it\/wp-content\/uploads\/2019\/03\/obblighi-1.jpg&#8221; bg_image_portrait=&#8221;http:\/\/www.vernicifirewall.it\/wp-content\/uploads\/2019\/03\/obblighi_mobile.jpg&#8221; bg_repeat=&#8221;no-repeat&#8221; bg_stretch=&#8221;true&#8221; padding_top=&#8221;100&#8243; padding_bottom=&#8221;100&#8243; sidebar=&#8221;sidebar-1&#8243;][vc_column width=&#8221;1\/2&#8243;][vc_column_text el_class=&#8221;black rennertitle&#8221; css=&#8221;.vc_custom_1554708112446{margin-bottom: 0px !important;}&#8221;]Les endroits concern\u00e9s<br \/>\npar les normes<br \/>\nanti-incendie[\/vc_column_text][vc_column_text el_class=&#8221;black rennerp&#8221; css=&#8221;.vc_custom_1554708129393{margin-bottom: 0px !important;}&#8221;]Les endroits tr\u00e8s fr\u00e9quent\u00e9s doivent utiliser des \u00e9l\u00e9ments en bois trait\u00e9s avec des peintures r\u00e9sistantes au feu.<br \/>\nCes structures sont class\u00e9es commes A (risque faible, par exemple magasin), B (risque moyen, par exemple lieu de culte) ou C (risque \u00e9lev\u00e9, par exemple \u00e9tablissement d&#8217;enseignement) en fonction du risque d&#8217;incendie et du nombre de personnes.<\/p>\n<p>Ils sont donc oblig\u00e9s d&#8217;utiliser des peintures r\u00e9sistantes au feu[\/vc_column_text][mk_custom_list]\n<ul>\n<li>b\u00e2timents publics (\u00e9coles, bureaux, cr\u00e8ches, h\u00f4pitaux, hospices, maisons de retraite, lieux de divertissement publics, a\u00e9roports, gares de chemin de fer, foires, etc.)<\/li>\n<li>b\u00e2timents ouverts au public (structures h\u00f4teli\u00e8res, salons, \u00e9tablissements de restauration, bureaux, \u00e9coles, cr\u00e8ches, h\u00f4pitaux, hospices, maisons de retraite, lieux de divertissement publics, garages, lieux de culte, discoth\u00e8ques et cin\u00e9mas, centres de fitness, etc.)<\/li>\n<\/ul>\n[\/mk_custom_list][\/vc_column][vc_column width=&#8221;1\/2&#8243;][\/vc_column][\/mk_page_section][mk_page_section bg_image=&#8221;http:\/\/www.vernicifirewall.it\/wp-content\/uploads\/2019\/03\/centro-commerciale-vernice-ignifuga.jpg&#8221; bg_image_portrait=&#8221;http:\/\/www.vernicifirewall.it\/wp-content\/uploads\/2019\/03\/centro-commerciale-vernice-ignifuga_mobile.jpg&#8221; bg_position=&#8221;center top&#8221; bg_repeat=&#8221;no-repeat&#8221; bg_stretch=&#8221;true&#8221; enable_3d=&#8221;true&#8221; padding_top=&#8221;0&#8243; padding_bottom=&#8221;0&#8243; sidebar=&#8221;sidebar-1&#8243;][vc_column width=&#8221;1\/6&#8243;][\/vc_column][vc_column width=&#8221;2\/3&#8243;]<div class=\"ult-spacer spacer-6a03e2b0d9e49\" data-id=\"6a03e2b0d9e49\" data-height=\"50\" data-height-mobile=\"50\" data-height-tab=\"50\" data-height-tab-portrait=\"50\" data-height-mobile-landscape=\"50\" style=\"clear:both;display:block;\"><\/div>[vc_column_text align=&#8221;center&#8221; el_class=&#8221;black rennertitle&#8221; css=&#8221;.vc_custom_1554708161258{margin-bottom: 0px !important;}&#8221;]Classification<br \/>\ndes structures[\/vc_column_text][vc_column_text align=&#8221;center&#8221; el_class=&#8221;black rennerp&#8221; css=&#8221;.vc_custom_1554708172594{margin-bottom: 0px !important;}&#8221;]Le Corps National des Pompiers est l&#8217;organisme italien qui d\u00e9livre le Certificat de Pr\u00e9vention des Incendies (CPI). Dans leur analyse, ils identifient les risques li\u00e9s \u00e0 la quantit\u00e9 de mati\u00e8re combustible pr\u00e9sente (charge calorifique) et au flot de personnes. Sur la base de ces consid\u00e9rations, les pompiers classifient les endroits par ordre croissant de risque:[\/vc_column_text][mk_custom_list]\n<ul class=\"centerlist\">\n<li>A. Activit\u00e9s \u00e0 faible risque d&#8217;incendie, telles que bureaux ou studios professionnels<\/li>\n<li>B. Activit\u00e9s \u00e0 risque moyen d&#8217;incendie, telles que magasins de meubles ou usines<\/li>\n<li>C. Activit\u00e9s \u00e0 haut risque d&#8217;incendie, telles que les a\u00e9roports, les h\u00f4pitaux, les \u00e9coles et les grands h\u00f4tels<\/li>\n<\/ul>\n[\/mk_custom_list]<div class=\"ult-spacer spacer-6a03e2b0d9ef3\" data-id=\"6a03e2b0d9ef3\" data-height=\"550\" data-height-mobile=\"100\" data-height-tab=\"550\" data-height-tab-portrait=\"550\" data-height-mobile-landscape=\"100\" style=\"clear:both;display:block;\"><\/div>[\/vc_column][vc_column width=&#8221;1\/6&#8243;][\/vc_column][\/mk_page_section][mk_page_section bg_image=&#8221;http:\/\/www.vernicifirewall.it\/wp-content\/uploads\/2019\/03\/normative.jpg&#8221; bg_image_portrait=&#8221;http:\/\/www.vernicifirewall.it\/wp-content\/uploads\/2019\/03\/normative_mobile.jpg&#8221; bg_position=&#8221;left center&#8221; bg_repeat=&#8221;no-repeat&#8221; bg_stretch=&#8221;true&#8221; enable_3d=&#8221;true&#8221; padding_top=&#8221;0&#8243; padding_bottom=&#8221;0&#8243; sidebar=&#8221;sidebar-1&#8243;][vc_column width=&#8221;1\/2&#8243;]<div class=\"ult-spacer spacer-6a03e2b0d9f98\" data-id=\"6a03e2b0d9f98\" data-height=\"200\" data-height-mobile=\"50\" data-height-tab=\"200\" data-height-tab-portrait=\"200\" data-height-mobile-landscape=\"50\" style=\"clear:both;display:block;\"><\/div>[vc_column_text el_class=&#8221;white rennertitle&#8221; css=&#8221;.vc_custom_1554708210534{margin-bottom: 0px !important;}&#8221;]Mesures<br \/>\nde s\u00e9curit\u00e9[\/vc_column_text][vc_column_text el_class=&#8221;white rennerp&#8221; css=&#8221;.vc_custom_1554708232061{margin-bottom: 0px !important;}&#8221;]Apr\u00e8s l\u2019\u00e9valuation des risques, les architectes et les constructeurs doivent adopter<br \/>\nune ou plusieurs mesures visant \u00e0 r\u00e9duire la probabilit\u00e9 d&#8217;incendies. Ces mesures appliquent une protection active et une protection passive.<\/p>\n<p><strong>Protections actives<\/strong><br \/>\nIls n\u00e9cessitent une intervention humaine.<br \/>\nPar exemple: gicleurs, extincteurs, sorties de secours, \u00e9vacuateurs, d\u00e9tecteurs de fum\u00e9e, etc.<\/p>\n<p><strong>Protections passives<\/strong><br \/>\nIls visent \u00e0 r\u00e9duire les effets du feu, en ralentissant la propagation du feu et le d\u00e9veloppement de fum\u00e9es sans intervention humaine.<br \/>\nPar exemple: peintures r\u00e9sistantes au feu et intumescentes, enduits, feuilles, portes coupe-feu, etc.<\/p>\n<p>Une Classe de R\u00e9sistance ou une Classe de R\u00e9action au Feu sp\u00e9cifique est requise pour chaque objet fait d&#8217;un mat\u00e9riau pouvant \u00eatre class\u00e9 comme protection passive.<\/p>\n<p>La R\u00e9sistance au Feu est une caract\u00e9ristique des \u00e9l\u00e9ments structurels, des compartiments ou des portes coupe-feu.<\/p>\n<p>La R\u00e9action au Feu est une caract\u00e9ristique des rev\u00eatements muraux et des meubles.[\/vc_column_text]<div class=\"ult-spacer spacer-6a03e2b0da021\" data-id=\"6a03e2b0da021\" data-height=\"200\" data-height-mobile=\"50\" data-height-tab=\"200\" data-height-tab-portrait=\"200\" data-height-mobile-landscape=\"50\" style=\"clear:both;display:block;\"><\/div>[\/vc_column][vc_column width=&#8221;1\/2&#8243;][\/vc_column][\/mk_page_section][mk_page_section bg_position=&#8221;left center&#8221; bg_repeat=&#8221;no-repeat&#8221; bg_stretch=&#8221;true&#8221; enable_3d=&#8221;true&#8221; padding_top=&#8221;0&#8243; padding_bottom=&#8221;0&#8243; sidebar=&#8221;sidebar-1&#8243;][vc_column]<div class=\"ult-spacer spacer-6a03e2b0da0aa\" data-id=\"6a03e2b0da0aa\" data-height=\"200\" data-height-mobile=\"50\" data-height-tab=\"200\" data-height-tab-portrait=\"200\" data-height-mobile-landscape=\"50\" style=\"clear:both;display:block;\"><\/div>[vc_column_text align=&#8221;center&#8221; el_class=&#8221;black rennertitle&#8221; css=&#8221;.vc_custom_1554708246340{margin-bottom: 0px !important;}&#8221;]Le cadre normatif[\/vc_column_text][mk_image src=&#8221;http:\/\/www.vernicifirewall.it\/wp-content\/uploads\/2019\/04\/quadro_normativo_web_fr.jpg&#8221; image_size=&#8221;full&#8221; align=&#8221;center&#8221; animation=&#8221;fade-in&#8221;]<div class=\"ult-spacer spacer-6a03e2b0da12c\" data-id=\"6a03e2b0da12c\" data-height=\"200\" data-height-mobile=\"50\" data-height-tab=\"200\" data-height-tab-portrait=\"200\" data-height-mobile-landscape=\"50\" style=\"clear:both;display:block;\"><\/div>[\/vc_column][\/mk_page_section]\n","protected":false},"excerpt":{"rendered":"<p>[mk_page_section bg_image=&#8221;http:\/\/www.vernicifirewall.it\/wp-content\/uploads\/2019\/03\/obblighi-1.jpg&#8221; bg_image_portrait=&#8221;http:\/\/www.vernicifirewall.it\/wp-content\/uploads\/2019\/03\/obblighi_mobile.jpg&#8221; bg_repeat=&#8221;no-repeat&#8221; bg_stretch=&#8221;true&#8221; padding_top=&#8221;100&#8243; padding_bottom=&#8221;100&#8243; sidebar=&#8221;sidebar-1&#8243;][vc_column width=&#8221;1\/2&#8243;][vc_column_text el_class=&#8221;black rennertitle&#8221; css=&#8221;.vc_custom_1554708112446{margin-bottom: 0px !important;}&#8221;]Les endroits concern\u00e9s par les normes anti-incendie[\/vc_column_text][vc_column_text el_class=&#8221;black rennerp&#8221; css=&#8221;.vc_custom_1554708129393{margin-bottom: 0px !important;}&#8221;]Les endroits tr\u00e8s fr\u00e9quent\u00e9s doivent utiliser des \u00e9l\u00e9ments en bois trait\u00e9s avec des peintures r\u00e9sistantes au feu. Ces structures sont class\u00e9es commes A (risque faible, par exemple magasin), B (risque moyen, [&hellip;]<\/p>\n","protected":false},"author":1,"featured_media":0,"parent":0,"menu_order":0,"comment_status":"closed","ping_status":"closed","template":"","meta":{"footnotes":""},"class_list":["post-5133","page","type-page","status-publish","hentry"],"yoast_head":"<!-- This site is optimized with the Yoast SEO plugin v27.0 - https:\/\/yoast.com\/product\/yoast-seo-wordpress\/ -->\n<title>Locaux oblig\u00e9s - Le vernici ignifughe per il legno Firewall<\/title>\n<meta name=\"robots\" content=\"index, follow, max-snippet:-1, max-image-preview:large, max-video-preview:-1\" \/>\n<link rel=\"canonical\" href=\"https:\/\/www.vernicifirewall.it\/fr\/locali-obbligati\/\" \/>\n<meta property=\"og:locale\" content=\"fr_FR\" \/>\n<meta property=\"og:type\" content=\"article\" \/>\n<meta property=\"og:title\" content=\"Locaux oblig\u00e9s - Le vernici ignifughe per il legno Firewall\" \/>\n<meta property=\"og:description\" content=\"[mk_page_section bg_image=&#8221;http:\/\/www.vernicifirewall.it\/wp-content\/uploads\/2019\/03\/obblighi-1.jpg&#8221; bg_image_portrait=&#8221;http:\/\/www.vernicifirewall.it\/wp-content\/uploads\/2019\/03\/obblighi_mobile.jpg&#8221; bg_repeat=&#8221;no-repeat&#8221; bg_stretch=&#8221;true&#8221; padding_top=&#8221;100&#8243; padding_bottom=&#8221;100&#8243; sidebar=&#8221;sidebar-1&#8243;][vc_column width=&#8221;1\/2&#8243;][vc_column_text el_class=&#8221;black rennertitle&#8221; css=&#8221;.vc_custom_1554708112446{margin-bottom: 0px !important;}&#8221;]Les endroits concern\u00e9s par les normes anti-incendie[\/vc_column_text][vc_column_text el_class=&#8221;black rennerp&#8221; css=&#8221;.vc_custom_1554708129393{margin-bottom: 0px !important;}&#8221;]Les endroits tr\u00e8s fr\u00e9quent\u00e9s doivent utiliser des \u00e9l\u00e9ments en bois trait\u00e9s avec des peintures r\u00e9sistantes au feu. Ces structures sont class\u00e9es commes A (risque faible, par exemple magasin), B (risque moyen, [&hellip;]\" \/>\n<meta property=\"og:url\" content=\"https:\/\/www.vernicifirewall.it\/fr\/locali-obbligati\/\" \/>\n<meta property=\"og:site_name\" content=\"Le vernici ignifughe per il legno Firewall\" \/>\n<meta property=\"article:modified_time\" content=\"2019-04-09T07:34:34+00:00\" \/>\n<meta name=\"twitter:label1\" content=\"Est. reading time\" \/>\n\t<meta name=\"twitter:data1\" content=\"4 minutes\" \/>\n<script type=\"application\/ld+json\" class=\"yoast-schema-graph\">{\"@context\":\"https:\/\/schema.org\",\"@graph\":[{\"@type\":\"WebPage\",\"@id\":\"https:\/\/www.vernicifirewall.it\/fr\/locali-obbligati\/\",\"url\":\"https:\/\/www.vernicifirewall.it\/fr\/locali-obbligati\/\",\"name\":\"Locaux oblig\u00e9s - Le vernici ignifughe per il legno Firewall\",\"isPartOf\":{\"@id\":\"https:\/\/www.vernicifirewall.it\/#website\"},\"datePublished\":\"2019-03-12T17:17:02+00:00\",\"dateModified\":\"2019-04-09T07:34:34+00:00\",\"breadcrumb\":{\"@id\":\"https:\/\/www.vernicifirewall.it\/fr\/locali-obbligati\/#breadcrumb\"},\"inLanguage\":\"fr-FR\",\"potentialAction\":[{\"@type\":\"ReadAction\",\"target\":[\"https:\/\/www.vernicifirewall.it\/fr\/locali-obbligati\/\"]}]},{\"@type\":\"BreadcrumbList\",\"@id\":\"https:\/\/www.vernicifirewall.it\/fr\/locali-obbligati\/#breadcrumb\",\"itemListElement\":[{\"@type\":\"ListItem\",\"position\":1,\"name\":\"Home\",\"item\":\"https:\/\/www.vernicifirewall.it\/fr\/\"},{\"@type\":\"ListItem\",\"position\":2,\"name\":\"Locaux oblig\u00e9s\"}]},{\"@type\":\"WebSite\",\"@id\":\"https:\/\/www.vernicifirewall.it\/#website\",\"url\":\"https:\/\/www.vernicifirewall.it\/\",\"name\":\"Le vernici ignifughe per il legno Firewall\",\"description\":\"Le vernici ignifughe per il legno Firewall\",\"potentialAction\":[{\"@type\":\"SearchAction\",\"target\":{\"@type\":\"EntryPoint\",\"urlTemplate\":\"https:\/\/www.vernicifirewall.it\/?s={search_term_string}\"},\"query-input\":{\"@type\":\"PropertyValueSpecification\",\"valueRequired\":true,\"valueName\":\"search_term_string\"}}],\"inLanguage\":\"fr-FR\"}]}<\/script>\n<!-- \/ Yoast SEO plugin. -->","yoast_head_json":{"title":"Locaux oblig\u00e9s - Le vernici ignifughe per il legno Firewall","robots":{"index":"index","follow":"follow","max-snippet":"max-snippet:-1","max-image-preview":"max-image-preview:large","max-video-preview":"max-video-preview:-1"},"canonical":"https:\/\/www.vernicifirewall.it\/fr\/locali-obbligati\/","og_locale":"fr_FR","og_type":"article","og_title":"Locaux oblig\u00e9s - Le vernici ignifughe per il legno Firewall","og_description":"[mk_page_section bg_image=&#8221;http:\/\/www.vernicifirewall.it\/wp-content\/uploads\/2019\/03\/obblighi-1.jpg&#8221; bg_image_portrait=&#8221;http:\/\/www.vernicifirewall.it\/wp-content\/uploads\/2019\/03\/obblighi_mobile.jpg&#8221; bg_repeat=&#8221;no-repeat&#8221; bg_stretch=&#8221;true&#8221; padding_top=&#8221;100&#8243; padding_bottom=&#8221;100&#8243; sidebar=&#8221;sidebar-1&#8243;][vc_column width=&#8221;1\/2&#8243;][vc_column_text el_class=&#8221;black rennertitle&#8221; css=&#8221;.vc_custom_1554708112446{margin-bottom: 0px !important;}&#8221;]Les endroits concern\u00e9s par les normes anti-incendie[\/vc_column_text][vc_column_text el_class=&#8221;black rennerp&#8221; css=&#8221;.vc_custom_1554708129393{margin-bottom: 0px !important;}&#8221;]Les endroits tr\u00e8s fr\u00e9quent\u00e9s doivent utiliser des \u00e9l\u00e9ments en bois trait\u00e9s avec des peintures r\u00e9sistantes au feu. Ces structures sont class\u00e9es commes A (risque faible, par exemple magasin), B (risque moyen, [&hellip;]","og_url":"https:\/\/www.vernicifirewall.it\/fr\/locali-obbligati\/","og_site_name":"Le vernici ignifughe per il legno Firewall","article_modified_time":"2019-04-09T07:34:34+00:00","twitter_misc":{"Est. reading time":"4 minutes"},"schema":{"@context":"https:\/\/schema.org","@graph":[{"@type":"WebPage","@id":"https:\/\/www.vernicifirewall.it\/fr\/locali-obbligati\/","url":"https:\/\/www.vernicifirewall.it\/fr\/locali-obbligati\/","name":"Locaux oblig\u00e9s - Le vernici ignifughe per il legno Firewall","isPartOf":{"@id":"https:\/\/www.vernicifirewall.it\/#website"},"datePublished":"2019-03-12T17:17:02+00:00","dateModified":"2019-04-09T07:34:34+00:00","breadcrumb":{"@id":"https:\/\/www.vernicifirewall.it\/fr\/locali-obbligati\/#breadcrumb"},"inLanguage":"fr-FR","potentialAction":[{"@type":"ReadAction","target":["https:\/\/www.vernicifirewall.it\/fr\/locali-obbligati\/"]}]},{"@type":"BreadcrumbList","@id":"https:\/\/www.vernicifirewall.it\/fr\/locali-obbligati\/#breadcrumb","itemListElement":[{"@type":"ListItem","position":1,"name":"Home","item":"https:\/\/www.vernicifirewall.it\/fr\/"},{"@type":"ListItem","position":2,"name":"Locaux oblig\u00e9s"}]},{"@type":"WebSite","@id":"https:\/\/www.vernicifirewall.it\/#website","url":"https:\/\/www.vernicifirewall.it\/","name":"Le vernici ignifughe per il legno Firewall","description":"Le vernici ignifughe per il legno Firewall","potentialAction":[{"@type":"SearchAction","target":{"@type":"EntryPoint","urlTemplate":"https:\/\/www.vernicifirewall.it\/?s={search_term_string}"},"query-input":{"@type":"PropertyValueSpecification","valueRequired":true,"valueName":"search_term_string"}}],"inLanguage":"fr-FR"}]}},"_links":{"self":[{"href":"https:\/\/www.vernicifirewall.it\/fr\/wp-json\/wp\/v2\/pages\/5133","targetHints":{"allow":["GET"]}}],"collection":[{"href":"https:\/\/www.vernicifirewall.it\/fr\/wp-json\/wp\/v2\/pages"}],"about":[{"href":"https:\/\/www.vernicifirewall.it\/fr\/wp-json\/wp\/v2\/types\/page"}],"author":[{"embeddable":true,"href":"https:\/\/www.vernicifirewall.it\/fr\/wp-json\/wp\/v2\/users\/1"}],"replies":[{"embeddable":true,"href":"https:\/\/www.vernicifirewall.it\/fr\/wp-json\/wp\/v2\/comments?post=5133"}],"version-history":[{"count":3,"href":"https:\/\/www.vernicifirewall.it\/fr\/wp-json\/wp\/v2\/pages\/5133\/revisions"}],"predecessor-version":[{"id":5437,"href":"https:\/\/www.vernicifirewall.it\/fr\/wp-json\/wp\/v2\/pages\/5133\/revisions\/5437"}],"wp:attachment":[{"href":"https:\/\/www.vernicifirewall.it\/fr\/wp-json\/wp\/v2\/media?parent=5133"}],"curies":[{"name":"wp","href":"https:\/\/api.w.org\/{rel}","templated":true}]}}