{"id":5146,"date":"2019-03-13T10:43:11","date_gmt":"2019-03-13T09:43:11","guid":{"rendered":"http:\/\/www.vernicifirewall.it\/reazione-al-fuoco\/"},"modified":"2019-04-16T10:48:05","modified_gmt":"2019-04-16T08:48:05","slug":"reazione-al-fuoco","status":"publish","type":"page","link":"https:\/\/www.vernicifirewall.it\/fr\/reazione-al-fuoco\/","title":{"rendered":"R\u00e9action au Feu"},"content":{"rendered":"<div class=\"wpb-content-wrapper\">[mk_page_section bg_image=&#8221;http:\/\/www.vernicifirewall.it\/wp-content\/uploads\/2019\/03\/normative-italia-1.jpg&#8221; bg_image_portrait=&#8221;http:\/\/www.vernicifirewall.it\/wp-content\/uploads\/2019\/03\/normative-italia_mobile.jpg&#8221; bg_position=&#8221;left center&#8221; bg_repeat=&#8221;no-repeat&#8221; bg_stretch=&#8221;true&#8221; enable_3d=&#8221;true&#8221; padding_top=&#8221;0&#8243; padding_bottom=&#8221;0&#8243; sidebar=&#8221;sidebar-1&#8243;][vc_column]<div class=\"ult-spacer spacer-69f9cc8a04c55\" data-id=\"69f9cc8a04c55\" data-height=\"200\" data-height-mobile=\"50\" data-height-tab=\"200\" data-height-tab-portrait=\"200\" data-height-mobile-landscape=\"50\" style=\"clear:both;display:block;\"><\/div>[vc_row_inner][vc_column_inner width=&#8221;5\/12&#8243;][vc_column_text el_class=&#8221;white rennertitle&#8221; css=&#8221;.vc_custom_1554712762305{margin-bottom: 0px !important;}&#8221;]R\u00e9action<br \/>\nau Feu<br \/>\nen Italie[\/vc_column_text][vc_column_text el_class=&#8221;white rennerp&#8221; css=&#8221;.vc_custom_1555404475627{margin-bottom: 0px !important;}&#8221;]Les normes relatives aux produits ignifuges, qui r\u00e9gissent en Italie les dispositifs de protection passive de la R\u00e9action au Feu, se r\u00e9f\u00e8rent aux DM 26\/06\/84 et suivant DM 03\/09\/01 \u201cClassification de la R\u00e9action au Feu et certification des mat\u00e9riaux pour pr\u00e9venir les incendies\u201d et sp\u00e9cialement pour les bois DM 06\/03\/92 \u201cNormes techniques et proc\u00e9dures relatives \u00e0 la Classification de la R\u00e9action au Feu et \u00e0 la certification des vernis ignifuges appliqu\u00e9s sur des objets en bois\u201d .<br \/>\nLa d\u00e9finition de R\u00e9action au Feu est le niveau de participation au feu d&#8217;un mat\u00e9riau combustible.[\/vc_column_text][\/vc_column_inner][vc_column_inner width=&#8221;7\/12&#8243;][\/vc_column_inner][\/vc_row_inner][vc_row_inner][vc_column_inner][vc_column_text el_class=&#8221;white rennerp&#8221; css=&#8221;.vc_custom_1554713166238{margin-bottom: 0px !important;}&#8221;]\n<table class=\"responsive-table\" width=\"100%\">\n<thead>\n<tr>\n<th colspan=\"6\">CLASSIFICATION ITALIENNE R\u00c9ACTION AU FEU<\/th>\n<\/tr>\n<\/thead>\n<tbody>\n<tr>\n<td>0<\/td>\n<td>1<\/td>\n<td>2<\/td>\n<td>3<\/td>\n<td>4<\/td>\n<td>5<\/td>\n<\/tr>\n<tr>\n<td>Incombustible<\/td>\n<td>Difficilement<br \/>\ninflammable<\/td>\n<td>Inflammable<\/td>\n<td>Facilement<br \/>\ninflammable<\/td>\n<td>Extr\u00e8mement<br \/>\ninflammable<\/td>\n<td>Inclassable<\/td>\n<\/tr>\n<\/tbody>\n<\/table>\n[\/vc_column_text][\/vc_column_inner][\/vc_row_inner]<div class=\"ult-spacer spacer-69f9cc8a04cb6\" data-id=\"69f9cc8a04cb6\" data-height=\"200\" data-height-mobile=\"50\" data-height-tab=\"200\" data-height-tab-portrait=\"200\" data-height-mobile-landscape=\"50\" style=\"clear:both;display:block;\"><\/div>[\/vc_column][\/mk_page_section][mk_page_section bg_image=&#8221;http:\/\/www.vernicifirewall.it\/wp-content\/uploads\/2019\/03\/normative-europa-1.jpg&#8221; bg_image_portrait=&#8221;http:\/\/www.vernicifirewall.it\/wp-content\/uploads\/2019\/03\/normative-europa_mobile.jpg&#8221; bg_position=&#8221;right center&#8221; bg_repeat=&#8221;no-repeat&#8221; bg_stretch=&#8221;true&#8221; enable_3d=&#8221;true&#8221; padding_top=&#8221;0&#8243; padding_bottom=&#8221;0&#8243; sidebar=&#8221;sidebar-1&#8243;][vc_column]<div class=\"ult-spacer spacer-69f9cc8a04cfe\" data-id=\"69f9cc8a04cfe\" data-height=\"200\" data-height-mobile=\"50\" data-height-tab=\"200\" data-height-tab-portrait=\"200\" data-height-mobile-landscape=\"50\" style=\"clear:both;display:block;\"><\/div>[vc_row_inner][vc_column_inner width=&#8221;7\/12&#8243;][\/vc_column_inner][vc_column_inner width=&#8221;5\/12&#8243;][vc_column_text el_class=&#8221;black rennertitle&#8221; css=&#8221;.vc_custom_1554712828695{margin-bottom: 0px !important;}&#8221;]R\u00e9action<br \/>\nau Feu<br \/>\nen Europe[\/vc_column_text][vc_column_text el_class=&#8221;black rennerp&#8221; css=&#8221;.vc_custom_1554712836487{margin-bottom: 0px !important;}&#8221;]Les normes sont soutenues par le nouveau r\u00e8glement europ\u00e9en n. 305\/2011 &#8211; \u00abR\u00e9glementation des produits de construction\u00bb, li\u00e9e au DM 10\/03\/2005 et DM 25\/10\/2007 concernant \u00abLes classes de R\u00e9action au Feu pour les produits de construction, devant \u00eatre utilis\u00e9s dans des travaux o\u00f9 la s\u00e9curit\u00e9 en cas d&#8217;incendie est requise\u00bb, qui r\u00e8gle la proc\u00e9dure pour classer dans R\u00e9action au Feu les objets (marquage CE) \u00e0 l&#8217;int\u00e9rieur des b\u00e2timents, oblig\u00e9s de lib\u00e9rer le CPI (Certificat de Pr\u00e9vention des Incendies).[\/vc_column_text][\/vc_column_inner][\/vc_row_inner][vc_row_inner][vc_column_inner][vc_column_text el_class=&#8221;white rennerp&#8221; css=&#8221;.vc_custom_1554713183000{margin-bottom: 0px !important;}&#8221;]\n<table class=\"responsive-table\" width=\"100%\">\n<thead>\n<tr>\n<th colspan=\"7\">CLASSIFICATION EUROP\u00c9ENNE R\u00c9ACTION AU FEU<\/th>\n<\/tr>\n<\/thead>\n<tbody>\n<tr>\n<td>A1<\/td>\n<td>A2<\/td>\n<td>B<\/td>\n<td>C<\/td>\n<td>D<\/td>\n<td>E<\/td>\n<td>F<\/td>\n<\/tr>\n<tr>\n<td>Incombustible<\/td>\n<td>Combustile<br \/>\nnon inflammable<\/td>\n<td>Difficilement<br \/>\ninflammable<\/td>\n<td>Inflammable<\/td>\n<td>Facilement<br \/>\ninflammable<\/td>\n<td>Extr\u00e8mement<br \/>\ninflammable<\/td>\n<td>Inclassable<\/td>\n<\/tr>\n<\/tbody>\n<\/table>\n[\/vc_column_text][\/vc_column_inner][\/vc_row_inner]<div class=\"ult-spacer spacer-69f9cc8a04d3f\" data-id=\"69f9cc8a04d3f\" data-height=\"200\" data-height-mobile=\"150\" data-height-tab=\"200\" data-height-tab-portrait=\"200\" data-height-mobile-landscape=\"150\" style=\"clear:both;display:block;\"><\/div>[\/vc_column][\/mk_page_section][mk_page_section bg_image=&#8221;http:\/\/www.vernicifirewall.it\/wp-content\/uploads\/2019\/03\/smoke-1.jpg&#8221; bg_position=&#8221;center top&#8221; bg_repeat=&#8221;no-repeat&#8221; bg_stretch=&#8221;true&#8221; padding_top=&#8221;100&#8243; padding_bottom=&#8221;200&#8243; sidebar=&#8221;sidebar-1&#8243;][vc_column width=&#8221;1\/6&#8243;][\/vc_column][vc_column width=&#8221;2\/3&#8243;][vc_video host=&#8221;self_hosted&#8221; mp4=&#8221;http:\/\/www.vernicifirewall.it\/wp-content\/uploads\/2019\/03\/firewall-test-machine.mp4&#8243; poster_image=&#8221;http:\/\/www.vernicifirewall.it\/wp-content\/uploads\/2018\/04\/vernici-ignifughe-firewall-2.jpg&#8221; custom_thumbnail=&#8221;true&#8221; thumbnail_image=&#8221;4277&#8243;][mk_padding_divider][\/vc_column][vc_column width=&#8221;1\/6&#8243;][\/vc_column][\/mk_page_section]\n<\/div>","protected":false},"excerpt":{"rendered":"<p>[mk_page_section bg_image=&#8221;http:\/\/www.vernicifirewall.it\/wp-content\/uploads\/2019\/03\/normative-italia-1.jpg&#8221; bg_image_portrait=&#8221;http:\/\/www.vernicifirewall.it\/wp-content\/uploads\/2019\/03\/normative-italia_mobile.jpg&#8221; bg_position=&#8221;left center&#8221; bg_repeat=&#8221;no-repeat&#8221; bg_stretch=&#8221;true&#8221; enable_3d=&#8221;true&#8221; padding_top=&#8221;0&#8243; padding_bottom=&#8221;0&#8243; sidebar=&#8221;sidebar-1&#8243;][vc_column][vc_row_inner][vc_column_inner width=&#8221;5\/12&#8243;][vc_column_text el_class=&#8221;white rennertitle&#8221; css=&#8221;.vc_custom_1554712762305{margin-bottom: 0px !important;}&#8221;]R\u00e9action au Feu en Italie[\/vc_column_text][vc_column_text el_class=&#8221;white rennerp&#8221; css=&#8221;.vc_custom_1555404475627{margin-bottom: 0px !important;}&#8221;]Les normes relatives aux produits ignifuges, qui r\u00e9gissent en Italie les dispositifs de protection passive de la R\u00e9action au Feu, se r\u00e9f\u00e8rent aux DM 26\/06\/84 et suivant DM 03\/09\/01 \u201cClassification [&hellip;]<\/p>\n","protected":false},"author":1,"featured_media":0,"parent":0,"menu_order":0,"comment_status":"closed","ping_status":"closed","template":"","meta":{"footnotes":""},"class_list":["post-5146","page","type-page","status-publish","hentry"],"yoast_head":"<!-- This site is optimized with the Yoast SEO plugin v27.0 - https:\/\/yoast.com\/product\/yoast-seo-wordpress\/ -->\n<title>R\u00e9action au Feu - Le vernici ignifughe per il legno Firewall<\/title>\n<meta name=\"robots\" content=\"index, follow, max-snippet:-1, max-image-preview:large, max-video-preview:-1\" \/>\n<link rel=\"canonical\" href=\"https:\/\/www.vernicifirewall.it\/fr\/reazione-al-fuoco\/\" \/>\n<meta property=\"og:locale\" content=\"fr_FR\" \/>\n<meta property=\"og:type\" content=\"article\" \/>\n<meta property=\"og:title\" content=\"R\u00e9action au Feu - Le vernici ignifughe per il legno Firewall\" \/>\n<meta property=\"og:description\" content=\"[mk_page_section bg_image=&#8221;http:\/\/www.vernicifirewall.it\/wp-content\/uploads\/2019\/03\/normative-italia-1.jpg&#8221; bg_image_portrait=&#8221;http:\/\/www.vernicifirewall.it\/wp-content\/uploads\/2019\/03\/normative-italia_mobile.jpg&#8221; bg_position=&#8221;left center&#8221; bg_repeat=&#8221;no-repeat&#8221; bg_stretch=&#8221;true&#8221; enable_3d=&#8221;true&#8221; padding_top=&#8221;0&#8243; padding_bottom=&#8221;0&#8243; sidebar=&#8221;sidebar-1&#8243;][vc_column][vc_row_inner][vc_column_inner width=&#8221;5\/12&#8243;][vc_column_text el_class=&#8221;white rennertitle&#8221; css=&#8221;.vc_custom_1554712762305{margin-bottom: 0px !important;}&#8221;]R\u00e9action au Feu en Italie[\/vc_column_text][vc_column_text el_class=&#8221;white rennerp&#8221; css=&#8221;.vc_custom_1555404475627{margin-bottom: 0px !important;}&#8221;]Les normes relatives aux produits ignifuges, qui r\u00e9gissent en Italie les dispositifs de protection passive de la R\u00e9action au Feu, se r\u00e9f\u00e8rent aux DM 26\/06\/84 et suivant DM 03\/09\/01 \u201cClassification [&hellip;]\" \/>\n<meta property=\"og:url\" content=\"https:\/\/www.vernicifirewall.it\/fr\/reazione-al-fuoco\/\" \/>\n<meta property=\"og:site_name\" content=\"Le vernici ignifughe per il legno Firewall\" \/>\n<meta property=\"article:modified_time\" content=\"2019-04-16T08:48:05+00:00\" \/>\n<meta name=\"twitter:label1\" content=\"Est. reading time\" \/>\n\t<meta name=\"twitter:data1\" content=\"3 minutes\" \/>\n<script type=\"application\/ld+json\" class=\"yoast-schema-graph\">{\"@context\":\"https:\/\/schema.org\",\"@graph\":[{\"@type\":\"WebPage\",\"@id\":\"https:\/\/www.vernicifirewall.it\/fr\/reazione-al-fuoco\/\",\"url\":\"https:\/\/www.vernicifirewall.it\/fr\/reazione-al-fuoco\/\",\"name\":\"R\u00e9action au Feu - Le vernici ignifughe per il legno Firewall\",\"isPartOf\":{\"@id\":\"https:\/\/www.vernicifirewall.it\/#website\"},\"datePublished\":\"2019-03-13T09:43:11+00:00\",\"dateModified\":\"2019-04-16T08:48:05+00:00\",\"breadcrumb\":{\"@id\":\"https:\/\/www.vernicifirewall.it\/fr\/reazione-al-fuoco\/#breadcrumb\"},\"inLanguage\":\"fr-FR\",\"potentialAction\":[{\"@type\":\"ReadAction\",\"target\":[\"https:\/\/www.vernicifirewall.it\/fr\/reazione-al-fuoco\/\"]}]},{\"@type\":\"BreadcrumbList\",\"@id\":\"https:\/\/www.vernicifirewall.it\/fr\/reazione-al-fuoco\/#breadcrumb\",\"itemListElement\":[{\"@type\":\"ListItem\",\"position\":1,\"name\":\"Home\",\"item\":\"https:\/\/www.vernicifirewall.it\/fr\/\"},{\"@type\":\"ListItem\",\"position\":2,\"name\":\"R\u00e9action au Feu\"}]},{\"@type\":\"WebSite\",\"@id\":\"https:\/\/www.vernicifirewall.it\/#website\",\"url\":\"https:\/\/www.vernicifirewall.it\/\",\"name\":\"Le vernici ignifughe per il legno Firewall\",\"description\":\"Le vernici ignifughe per il legno Firewall\",\"potentialAction\":[{\"@type\":\"SearchAction\",\"target\":{\"@type\":\"EntryPoint\",\"urlTemplate\":\"https:\/\/www.vernicifirewall.it\/?s={search_term_string}\"},\"query-input\":{\"@type\":\"PropertyValueSpecification\",\"valueRequired\":true,\"valueName\":\"search_term_string\"}}],\"inLanguage\":\"fr-FR\"}]}<\/script>\n<!-- \/ Yoast SEO plugin. -->","yoast_head_json":{"title":"R\u00e9action au Feu - Le vernici ignifughe per il legno Firewall","robots":{"index":"index","follow":"follow","max-snippet":"max-snippet:-1","max-image-preview":"max-image-preview:large","max-video-preview":"max-video-preview:-1"},"canonical":"https:\/\/www.vernicifirewall.it\/fr\/reazione-al-fuoco\/","og_locale":"fr_FR","og_type":"article","og_title":"R\u00e9action au Feu - Le vernici ignifughe per il legno Firewall","og_description":"[mk_page_section bg_image=&#8221;http:\/\/www.vernicifirewall.it\/wp-content\/uploads\/2019\/03\/normative-italia-1.jpg&#8221; bg_image_portrait=&#8221;http:\/\/www.vernicifirewall.it\/wp-content\/uploads\/2019\/03\/normative-italia_mobile.jpg&#8221; bg_position=&#8221;left center&#8221; bg_repeat=&#8221;no-repeat&#8221; bg_stretch=&#8221;true&#8221; enable_3d=&#8221;true&#8221; padding_top=&#8221;0&#8243; padding_bottom=&#8221;0&#8243; sidebar=&#8221;sidebar-1&#8243;][vc_column][vc_row_inner][vc_column_inner width=&#8221;5\/12&#8243;][vc_column_text el_class=&#8221;white rennertitle&#8221; css=&#8221;.vc_custom_1554712762305{margin-bottom: 0px !important;}&#8221;]R\u00e9action au Feu en Italie[\/vc_column_text][vc_column_text el_class=&#8221;white rennerp&#8221; css=&#8221;.vc_custom_1555404475627{margin-bottom: 0px !important;}&#8221;]Les normes relatives aux produits ignifuges, qui r\u00e9gissent en Italie les dispositifs de protection passive de la R\u00e9action au Feu, se r\u00e9f\u00e8rent aux DM 26\/06\/84 et suivant DM 03\/09\/01 \u201cClassification [&hellip;]","og_url":"https:\/\/www.vernicifirewall.it\/fr\/reazione-al-fuoco\/","og_site_name":"Le vernici ignifughe per il legno Firewall","article_modified_time":"2019-04-16T08:48:05+00:00","twitter_misc":{"Est. reading time":"3 minutes"},"schema":{"@context":"https:\/\/schema.org","@graph":[{"@type":"WebPage","@id":"https:\/\/www.vernicifirewall.it\/fr\/reazione-al-fuoco\/","url":"https:\/\/www.vernicifirewall.it\/fr\/reazione-al-fuoco\/","name":"R\u00e9action au Feu - Le vernici ignifughe per il legno Firewall","isPartOf":{"@id":"https:\/\/www.vernicifirewall.it\/#website"},"datePublished":"2019-03-13T09:43:11+00:00","dateModified":"2019-04-16T08:48:05+00:00","breadcrumb":{"@id":"https:\/\/www.vernicifirewall.it\/fr\/reazione-al-fuoco\/#breadcrumb"},"inLanguage":"fr-FR","potentialAction":[{"@type":"ReadAction","target":["https:\/\/www.vernicifirewall.it\/fr\/reazione-al-fuoco\/"]}]},{"@type":"BreadcrumbList","@id":"https:\/\/www.vernicifirewall.it\/fr\/reazione-al-fuoco\/#breadcrumb","itemListElement":[{"@type":"ListItem","position":1,"name":"Home","item":"https:\/\/www.vernicifirewall.it\/fr\/"},{"@type":"ListItem","position":2,"name":"R\u00e9action au Feu"}]},{"@type":"WebSite","@id":"https:\/\/www.vernicifirewall.it\/#website","url":"https:\/\/www.vernicifirewall.it\/","name":"Le vernici ignifughe per il legno Firewall","description":"Le vernici ignifughe per il legno Firewall","potentialAction":[{"@type":"SearchAction","target":{"@type":"EntryPoint","urlTemplate":"https:\/\/www.vernicifirewall.it\/?s={search_term_string}"},"query-input":{"@type":"PropertyValueSpecification","valueRequired":true,"valueName":"search_term_string"}}],"inLanguage":"fr-FR"}]}},"_links":{"self":[{"href":"https:\/\/www.vernicifirewall.it\/fr\/wp-json\/wp\/v2\/pages\/5146","targetHints":{"allow":["GET"]}}],"collection":[{"href":"https:\/\/www.vernicifirewall.it\/fr\/wp-json\/wp\/v2\/pages"}],"about":[{"href":"https:\/\/www.vernicifirewall.it\/fr\/wp-json\/wp\/v2\/types\/page"}],"author":[{"embeddable":true,"href":"https:\/\/www.vernicifirewall.it\/fr\/wp-json\/wp\/v2\/users\/1"}],"replies":[{"embeddable":true,"href":"https:\/\/www.vernicifirewall.it\/fr\/wp-json\/wp\/v2\/comments?post=5146"}],"version-history":[{"count":5,"href":"https:\/\/www.vernicifirewall.it\/fr\/wp-json\/wp\/v2\/pages\/5146\/revisions"}],"predecessor-version":[{"id":5553,"href":"https:\/\/www.vernicifirewall.it\/fr\/wp-json\/wp\/v2\/pages\/5146\/revisions\/5553"}],"wp:attachment":[{"href":"https:\/\/www.vernicifirewall.it\/fr\/wp-json\/wp\/v2\/media?parent=5146"}],"curies":[{"name":"wp","href":"https:\/\/api.w.org\/{rel}","templated":true}]}}