{"id":5176,"date":"2019-03-14T11:45:18","date_gmt":"2019-03-14T10:45:18","guid":{"rendered":"http:\/\/www.vernicifirewall.it\/normativa-navale\/"},"modified":"2019-04-08T16:04:07","modified_gmt":"2019-04-08T14:04:07","slug":"normativa-navale","status":"publish","type":"page","link":"https:\/\/www.vernicifirewall.it\/fr\/normativa-navale\/","title":{"rendered":"Directive Maritime"},"content":{"rendered":"[mk_page_section bg_image=&#8221;http:\/\/www.vernicifirewall.it\/wp-content\/uploads\/2019\/03\/normativa_navale-1.jpg&#8221; bg_image_portrait=&#8221;http:\/\/www.vernicifirewall.it\/wp-content\/uploads\/2019\/03\/normativa_navale-1_mobile.jpg&#8221; bg_position=&#8221;left center&#8221; bg_repeat=&#8221;no-repeat&#8221; bg_stretch=&#8221;true&#8221; enable_3d=&#8221;true&#8221; padding_top=&#8221;0&#8243; padding_bottom=&#8221;0&#8243; sidebar=&#8221;sidebar-1&#8243;][vc_column width=&#8221;1\/2&#8243;]<div class=\"ult-spacer spacer-69e35b4181c8d\" data-id=\"69e35b4181c8d\" data-height=\"200\" data-height-mobile=\"50\" data-height-tab=\"200\" data-height-tab-portrait=\"200\" data-height-mobile-landscape=\"50\" style=\"clear:both;display:block;\"><\/div>[vc_column_text el_class=&#8221;black rennertitle&#8221; css=&#8221;.vc_custom_1554732216498{margin-bottom: 0px !important;}&#8221;]Directive Maritime MED 96\/98\/EC[\/vc_column_text][vc_column_text el_class=&#8221;black rennerp&#8221; css=&#8221;.vc_custom_1554732224954{margin-bottom: 0px !important;}&#8221;]Depuis 1958, l\u2019Organisation Maritime Internationale (OMI) d\u00e9fend, selon des normes strictes, des milliers de bateaux dans le monde entier.<br \/>\nLes mat\u00e9riaux sur les bateaux sont soumis \u00e0 une m\u00e9thode d&#8217;\u00e9preuve indiqu\u00e9e dans la r\u00e9solution MSC.307 (88) du code de proc\u00e9dure d&#8217;essai au feu de l&#8217;OMI (code FTP de 2010) Annexe 1 &#8211; Parties 5 et 2. Il s&#8217;agit d&#8217;un m\u00e9lange d&#8217;essais italiens et europ\u00e9ens, car il prend en compte \u00e0 la fois la propagation de la flamme et le pic thermique et lib\u00e8re \u00e0 travers l&#8217;amorce de flamme et panneau chauffant, et d\u00e9termine la toxicit\u00e9 et la densit\u00e9 optique des fum\u00e9es d\u00e9velopp\u00e9es.[\/vc_column_text]<div class=\"ult-spacer spacer-69e35b4181cf4\" data-id=\"69e35b4181cf4\" data-height=\"200\" data-height-mobile=\"50\" data-height-tab=\"200\" data-height-tab-portrait=\"200\" data-height-mobile-landscape=\"50\" style=\"clear:both;display:block;\"><\/div>[\/vc_column][vc_column width=&#8221;1\/2&#8243;][\/vc_column][\/mk_page_section][mk_page_section bg_image=&#8221;http:\/\/www.vernicifirewall.it\/wp-content\/uploads\/2019\/03\/interno-nave-legno.jpg&#8221; bg_image_portrait=&#8221;http:\/\/www.vernicifirewall.it\/wp-content\/uploads\/2019\/03\/normativa_navale-2_mobile.jpg&#8221; bg_position=&#8221;right center&#8221; bg_repeat=&#8221;no-repeat&#8221; bg_stretch=&#8221;true&#8221; enable_3d=&#8221;true&#8221; padding_top=&#8221;0&#8243; padding_bottom=&#8221;0&#8243; sidebar=&#8221;sidebar-1&#8243;][vc_column width=&#8221;1\/2&#8243;][\/vc_column][vc_column width=&#8221;1\/2&#8243;]<div class=\"ult-spacer spacer-69e35b4181d45\" data-id=\"69e35b4181d45\" data-height=\"200\" data-height-mobile=\"50\" data-height-tab=\"200\" data-height-tab-portrait=\"200\" data-height-mobile-landscape=\"50\" style=\"clear:both;display:block;\"><\/div>[vc_column_text el_class=&#8221;white rennertitle&#8221; css=&#8221;.vc_custom_1554732234280{margin-bottom: 0px !important;}&#8221;]Le test du vernis<br \/>\ndans les b\u00e2teau[\/vc_column_text][vc_column_text el_class=&#8221;white rennerp&#8221; css=&#8221;.vc_custom_1554732245914{margin-bottom: 0px !important;}&#8221;]Concernant les bateaux, contrairement \u00e0 la R\u00e9action au Feu des mat\u00e9riaux de construction, chaque \u00e9l\u00e9ment est examin\u00e9 individuellement, c\u2019est pourquoi un objet \u00e0 peindre doit \u00eatre test\u00e9 s\u00e9par\u00e9ment: objet et peinture. Le test de \u00abvernissage\u00bb est effectu\u00e9 sur un mat\u00e9riau non inflammable. La quantit\u00e9 de calories \u00e9mises doit \u00eatre ajout\u00e9e aux calories de l&#8217;objet non raffin\u00e9 \u00e0 survernisser.<br \/>\nEn 2015, Renner a d\u00e9velopp\u00e9 deux produits hydro et solvant\u00e9, transparents et pigment\u00e9s, adapt\u00e9s \u00e0 une grande vari\u00e9t\u00e9 de substrats. Le syst\u00e8me solvant\u00e9 (RAF-PET NAV et RAF-PEP NAV) est particuli\u00e8rement recommand\u00e9 pour les objets en bois, tandis que le syst\u00e8me hydro (RAF-ATB NAV et RAF-A MULTICOLOR NAV) a \u00e9t\u00e9 cr\u00e9\u00e9 pour une utilisation sur les grands bateaux de croisi\u00e8re, o\u00f9 il est n\u00e9cessaire de traiter diff\u00e9rents types de supports tels que plastique, aluminium, fer, pl\u00e2tre, polyur\u00e9thane, etc. sans appr\u00eat.[\/vc_column_text]<div class=\"ult-spacer spacer-69e35b4181ded\" data-id=\"69e35b4181ded\" data-height=\"200\" data-height-mobile=\"50\" data-height-tab=\"200\" data-height-tab-portrait=\"200\" data-height-mobile-landscape=\"50\" style=\"clear:both;display:block;\"><\/div>[\/vc_column][\/mk_page_section]\n","protected":false},"excerpt":{"rendered":"<p>[mk_page_section bg_image=&#8221;http:\/\/www.vernicifirewall.it\/wp-content\/uploads\/2019\/03\/normativa_navale-1.jpg&#8221; bg_image_portrait=&#8221;http:\/\/www.vernicifirewall.it\/wp-content\/uploads\/2019\/03\/normativa_navale-1_mobile.jpg&#8221; bg_position=&#8221;left center&#8221; bg_repeat=&#8221;no-repeat&#8221; bg_stretch=&#8221;true&#8221; enable_3d=&#8221;true&#8221; padding_top=&#8221;0&#8243; padding_bottom=&#8221;0&#8243; sidebar=&#8221;sidebar-1&#8243;][vc_column width=&#8221;1\/2&#8243;][vc_column_text el_class=&#8221;black rennertitle&#8221; css=&#8221;.vc_custom_1554732216498{margin-bottom: 0px !important;}&#8221;]Directive Maritime MED 96\/98\/EC[\/vc_column_text][vc_column_text el_class=&#8221;black rennerp&#8221; css=&#8221;.vc_custom_1554732224954{margin-bottom: 0px !important;}&#8221;]Depuis 1958, l\u2019Organisation Maritime Internationale (OMI) d\u00e9fend, selon des normes strictes, des milliers de bateaux dans le monde entier. Les mat\u00e9riaux sur les bateaux sont soumis \u00e0 une m\u00e9thode d&#8217;\u00e9preuve indiqu\u00e9e [&hellip;]<\/p>\n","protected":false},"author":1,"featured_media":0,"parent":0,"menu_order":0,"comment_status":"closed","ping_status":"closed","template":"","meta":{"footnotes":""},"class_list":["post-5176","page","type-page","status-publish","hentry"],"yoast_head":"<!-- This site is optimized with the Yoast SEO plugin v27.0 - https:\/\/yoast.com\/product\/yoast-seo-wordpress\/ -->\n<title>Directive Maritime - Le vernici ignifughe per il legno Firewall<\/title>\n<meta name=\"robots\" content=\"index, follow, max-snippet:-1, max-image-preview:large, max-video-preview:-1\" \/>\n<link rel=\"canonical\" href=\"https:\/\/www.vernicifirewall.it\/fr\/normativa-navale\/\" \/>\n<meta property=\"og:locale\" content=\"fr_FR\" \/>\n<meta property=\"og:type\" content=\"article\" \/>\n<meta property=\"og:title\" content=\"Directive Maritime - Le vernici ignifughe per il legno Firewall\" \/>\n<meta property=\"og:description\" content=\"[mk_page_section bg_image=&#8221;http:\/\/www.vernicifirewall.it\/wp-content\/uploads\/2019\/03\/normativa_navale-1.jpg&#8221; bg_image_portrait=&#8221;http:\/\/www.vernicifirewall.it\/wp-content\/uploads\/2019\/03\/normativa_navale-1_mobile.jpg&#8221; bg_position=&#8221;left center&#8221; bg_repeat=&#8221;no-repeat&#8221; bg_stretch=&#8221;true&#8221; enable_3d=&#8221;true&#8221; padding_top=&#8221;0&#8243; padding_bottom=&#8221;0&#8243; sidebar=&#8221;sidebar-1&#8243;][vc_column width=&#8221;1\/2&#8243;][vc_column_text el_class=&#8221;black rennertitle&#8221; css=&#8221;.vc_custom_1554732216498{margin-bottom: 0px !important;}&#8221;]Directive Maritime MED 96\/98\/EC[\/vc_column_text][vc_column_text el_class=&#8221;black rennerp&#8221; css=&#8221;.vc_custom_1554732224954{margin-bottom: 0px !important;}&#8221;]Depuis 1958, l\u2019Organisation Maritime Internationale (OMI) d\u00e9fend, selon des normes strictes, des milliers de bateaux dans le monde entier. Les mat\u00e9riaux sur les bateaux sont soumis \u00e0 une m\u00e9thode d&#8217;\u00e9preuve indiqu\u00e9e [&hellip;]\" \/>\n<meta property=\"og:url\" content=\"https:\/\/www.vernicifirewall.it\/fr\/normativa-navale\/\" \/>\n<meta property=\"og:site_name\" content=\"Le vernici ignifughe per il legno Firewall\" \/>\n<meta property=\"article:modified_time\" content=\"2019-04-08T14:04:07+00:00\" \/>\n<meta name=\"twitter:label1\" content=\"Est. reading time\" \/>\n\t<meta name=\"twitter:data1\" content=\"3 minutes\" \/>\n<script type=\"application\/ld+json\" class=\"yoast-schema-graph\">{\"@context\":\"https:\/\/schema.org\",\"@graph\":[{\"@type\":\"WebPage\",\"@id\":\"https:\/\/www.vernicifirewall.it\/fr\/normativa-navale\/\",\"url\":\"https:\/\/www.vernicifirewall.it\/fr\/normativa-navale\/\",\"name\":\"Directive Maritime - Le vernici ignifughe per il legno Firewall\",\"isPartOf\":{\"@id\":\"https:\/\/www.vernicifirewall.it\/#website\"},\"datePublished\":\"2019-03-14T10:45:18+00:00\",\"dateModified\":\"2019-04-08T14:04:07+00:00\",\"breadcrumb\":{\"@id\":\"https:\/\/www.vernicifirewall.it\/fr\/normativa-navale\/#breadcrumb\"},\"inLanguage\":\"fr-FR\",\"potentialAction\":[{\"@type\":\"ReadAction\",\"target\":[\"https:\/\/www.vernicifirewall.it\/fr\/normativa-navale\/\"]}]},{\"@type\":\"BreadcrumbList\",\"@id\":\"https:\/\/www.vernicifirewall.it\/fr\/normativa-navale\/#breadcrumb\",\"itemListElement\":[{\"@type\":\"ListItem\",\"position\":1,\"name\":\"Home\",\"item\":\"https:\/\/www.vernicifirewall.it\/fr\/\"},{\"@type\":\"ListItem\",\"position\":2,\"name\":\"Directive Maritime\"}]},{\"@type\":\"WebSite\",\"@id\":\"https:\/\/www.vernicifirewall.it\/#website\",\"url\":\"https:\/\/www.vernicifirewall.it\/\",\"name\":\"Le vernici ignifughe per il legno Firewall\",\"description\":\"Le vernici ignifughe per il legno Firewall\",\"potentialAction\":[{\"@type\":\"SearchAction\",\"target\":{\"@type\":\"EntryPoint\",\"urlTemplate\":\"https:\/\/www.vernicifirewall.it\/?s={search_term_string}\"},\"query-input\":{\"@type\":\"PropertyValueSpecification\",\"valueRequired\":true,\"valueName\":\"search_term_string\"}}],\"inLanguage\":\"fr-FR\"}]}<\/script>\n<!-- \/ Yoast SEO plugin. -->","yoast_head_json":{"title":"Directive Maritime - Le vernici ignifughe per il legno Firewall","robots":{"index":"index","follow":"follow","max-snippet":"max-snippet:-1","max-image-preview":"max-image-preview:large","max-video-preview":"max-video-preview:-1"},"canonical":"https:\/\/www.vernicifirewall.it\/fr\/normativa-navale\/","og_locale":"fr_FR","og_type":"article","og_title":"Directive Maritime - Le vernici ignifughe per il legno Firewall","og_description":"[mk_page_section bg_image=&#8221;http:\/\/www.vernicifirewall.it\/wp-content\/uploads\/2019\/03\/normativa_navale-1.jpg&#8221; bg_image_portrait=&#8221;http:\/\/www.vernicifirewall.it\/wp-content\/uploads\/2019\/03\/normativa_navale-1_mobile.jpg&#8221; bg_position=&#8221;left center&#8221; bg_repeat=&#8221;no-repeat&#8221; bg_stretch=&#8221;true&#8221; enable_3d=&#8221;true&#8221; padding_top=&#8221;0&#8243; padding_bottom=&#8221;0&#8243; sidebar=&#8221;sidebar-1&#8243;][vc_column width=&#8221;1\/2&#8243;][vc_column_text el_class=&#8221;black rennertitle&#8221; css=&#8221;.vc_custom_1554732216498{margin-bottom: 0px !important;}&#8221;]Directive Maritime MED 96\/98\/EC[\/vc_column_text][vc_column_text el_class=&#8221;black rennerp&#8221; css=&#8221;.vc_custom_1554732224954{margin-bottom: 0px !important;}&#8221;]Depuis 1958, l\u2019Organisation Maritime Internationale (OMI) d\u00e9fend, selon des normes strictes, des milliers de bateaux dans le monde entier. Les mat\u00e9riaux sur les bateaux sont soumis \u00e0 une m\u00e9thode d&#8217;\u00e9preuve indiqu\u00e9e [&hellip;]","og_url":"https:\/\/www.vernicifirewall.it\/fr\/normativa-navale\/","og_site_name":"Le vernici ignifughe per il legno Firewall","article_modified_time":"2019-04-08T14:04:07+00:00","twitter_misc":{"Est. reading time":"3 minutes"},"schema":{"@context":"https:\/\/schema.org","@graph":[{"@type":"WebPage","@id":"https:\/\/www.vernicifirewall.it\/fr\/normativa-navale\/","url":"https:\/\/www.vernicifirewall.it\/fr\/normativa-navale\/","name":"Directive Maritime - Le vernici ignifughe per il legno Firewall","isPartOf":{"@id":"https:\/\/www.vernicifirewall.it\/#website"},"datePublished":"2019-03-14T10:45:18+00:00","dateModified":"2019-04-08T14:04:07+00:00","breadcrumb":{"@id":"https:\/\/www.vernicifirewall.it\/fr\/normativa-navale\/#breadcrumb"},"inLanguage":"fr-FR","potentialAction":[{"@type":"ReadAction","target":["https:\/\/www.vernicifirewall.it\/fr\/normativa-navale\/"]}]},{"@type":"BreadcrumbList","@id":"https:\/\/www.vernicifirewall.it\/fr\/normativa-navale\/#breadcrumb","itemListElement":[{"@type":"ListItem","position":1,"name":"Home","item":"https:\/\/www.vernicifirewall.it\/fr\/"},{"@type":"ListItem","position":2,"name":"Directive Maritime"}]},{"@type":"WebSite","@id":"https:\/\/www.vernicifirewall.it\/#website","url":"https:\/\/www.vernicifirewall.it\/","name":"Le vernici ignifughe per il legno Firewall","description":"Le vernici ignifughe per il legno Firewall","potentialAction":[{"@type":"SearchAction","target":{"@type":"EntryPoint","urlTemplate":"https:\/\/www.vernicifirewall.it\/?s={search_term_string}"},"query-input":{"@type":"PropertyValueSpecification","valueRequired":true,"valueName":"search_term_string"}}],"inLanguage":"fr-FR"}]}},"_links":{"self":[{"href":"https:\/\/www.vernicifirewall.it\/fr\/wp-json\/wp\/v2\/pages\/5176","targetHints":{"allow":["GET"]}}],"collection":[{"href":"https:\/\/www.vernicifirewall.it\/fr\/wp-json\/wp\/v2\/pages"}],"about":[{"href":"https:\/\/www.vernicifirewall.it\/fr\/wp-json\/wp\/v2\/types\/page"}],"author":[{"embeddable":true,"href":"https:\/\/www.vernicifirewall.it\/fr\/wp-json\/wp\/v2\/users\/1"}],"replies":[{"embeddable":true,"href":"https:\/\/www.vernicifirewall.it\/fr\/wp-json\/wp\/v2\/comments?post=5176"}],"version-history":[{"count":2,"href":"https:\/\/www.vernicifirewall.it\/fr\/wp-json\/wp\/v2\/pages\/5176\/revisions"}],"predecessor-version":[{"id":5184,"href":"https:\/\/www.vernicifirewall.it\/fr\/wp-json\/wp\/v2\/pages\/5176\/revisions\/5184"}],"wp:attachment":[{"href":"https:\/\/www.vernicifirewall.it\/fr\/wp-json\/wp\/v2\/media?parent=5176"}],"curies":[{"name":"wp","href":"https:\/\/api.w.org\/{rel}","templated":true}]}}