{"id":5226,"date":"2019-03-15T10:13:49","date_gmt":"2019-03-15T09:13:49","guid":{"rendered":"http:\/\/www.vernicifirewall.it\/la-sicurezza-durante-le-fiere-e-le-mostre\/"},"modified":"2019-04-16T10:50:49","modified_gmt":"2019-04-16T08:50:49","slug":"la-sicurezza-durante-le-fiere-e-le-mostre","status":"publish","type":"page","link":"https:\/\/www.vernicifirewall.it\/fr\/la-sicurezza-durante-le-fiere-e-le-mostre\/","title":{"rendered":"La s\u00e9curit\u00e9 pendant les expositions"},"content":{"rendered":"[mk_page_section bg_image=&#8221;http:\/\/www.vernicifirewall.it\/wp-content\/uploads\/2019\/03\/fiera-2.jpg&#8221; bg_image_portrait=&#8221;http:\/\/www.vernicifirewall.it\/wp-content\/uploads\/2019\/03\/fiera-2_mobile.jpg&#8221; bg_position=&#8221;left center&#8221; bg_repeat=&#8221;no-repeat&#8221; bg_stretch=&#8221;true&#8221; enable_3d=&#8221;true&#8221; padding_top=&#8221;0&#8243; padding_bottom=&#8221;0&#8243; sidebar=&#8221;sidebar-1&#8243;][vc_column width=&#8221;1\/2&#8243;]<div class=\"ult-spacer spacer-6a04db247fb3c\" data-id=\"6a04db247fb3c\" data-height=\"200\" data-height-mobile=\"50\" data-height-tab=\"200\" data-height-tab-portrait=\"200\" data-height-mobile-landscape=\"50\" style=\"clear:both;display:block;\"><\/div>[vc_column_text el_class=&#8221;black rennertitle&#8221; css=&#8221;.vc_custom_1554739351282{margin-bottom: 0px !important;}&#8221;]La s\u00e9curit\u00e9<br \/>\npendant<br \/>\nles expositions[\/vc_column_text][vc_column_text el_class=&#8221;black rennerp&#8221; css=&#8221;.vc_custom_1554739360991{margin-bottom: 0px !important;}&#8221;]Les espaces destin\u00e9s aux expositions et expositions temporaires sont soumis aux plans de s\u00e9curit\u00e9 et de pr\u00e9vention des incendies con\u00e7us sp\u00e9cifiquement pour le type d\u2019\u00e9v\u00e9nement, la morphologie de la structure, la capacit\u00e9 d&#8217;accueil en nombre de participants ou de visiteurs. En s&#8217;agissant d&#8217;\u00e9v\u00e9nements temporaires, les supports utilis\u00e9s sont souvent construits pour l&#8217;occasion, souvent pour des raisons de conception ou pour la durabilit\u00e9 des mat\u00e9riaux de construction. Toujours en ce qui concerne les structures destin\u00e9es \u00e0 des \u00e9v\u00e9nements temporaires, les r\u00e8gles de s\u00e9curit\u00e9 qui r\u00e9gissent l\u2019utilisation, par exemple, de panneaux de bois, pr\u00e9voient l\u2019application de peintures ignifuges.[\/vc_column_text]<div class=\"ult-spacer spacer-6a04db247fc00\" data-id=\"6a04db247fc00\" data-height=\"200\" data-height-mobile=\"50\" data-height-tab=\"200\" data-height-tab-portrait=\"200\" data-height-mobile-landscape=\"50\" style=\"clear:both;display:block;\"><\/div>[\/vc_column][vc_column width=&#8221;1\/2&#8243;][\/vc_column][\/mk_page_section][mk_page_section bg_image=&#8221;http:\/\/www.vernicifirewall.it\/wp-content\/uploads\/2019\/03\/mostra.jpg&#8221; bg_image_portrait=&#8221;http:\/\/www.vernicifirewall.it\/wp-content\/uploads\/2019\/03\/mostra_mobile.jpg&#8221; bg_position=&#8221;right center&#8221; bg_repeat=&#8221;no-repeat&#8221; bg_stretch=&#8221;true&#8221; enable_3d=&#8221;true&#8221; padding_top=&#8221;0&#8243; padding_bottom=&#8221;0&#8243; sidebar=&#8221;sidebar-1&#8243;][vc_column width=&#8221;1\/2&#8243;][\/vc_column][vc_column width=&#8221;1\/2&#8243;]<div class=\"ult-spacer spacer-6a04db247fc64\" data-id=\"6a04db247fc64\" data-height=\"200\" data-height-mobile=\"50\" data-height-tab=\"200\" data-height-tab-portrait=\"200\" data-height-mobile-landscape=\"50\" style=\"clear:both;display:block;\"><\/div>[vc_column_text el_class=&#8221;white rennertitle&#8221; css=&#8221;.vc_custom_1554739369969{margin-bottom: 0px !important;}&#8221;]Quels produits de la gamme Firewall faut-il utiliser?[\/vc_column_text][vc_column_text el_class=&#8221;white rennerp&#8221; css=&#8221;.vc_custom_1555404646510{margin-bottom: 0px !important;}&#8221;]Le syst\u00e8me RAF-AP (IT-EU-UK) pigment\u00e9 monocomposant est particuli\u00e8rement adapt\u00e9 \u00e0 une application sur le bois destin\u00e9 \u00e0 des foires et \u00e0 des \u00e9v\u00e9nements temporaires. Les supports et les objets destin\u00e9s \u00e0 \u00eatre install\u00e9s dans des foires, expositions et expositions temporaires sont la carte de visite de l&#8217;\u00e9v\u00e9nement: il est donc essentiel de garantir une protection \u00e9lev\u00e9e en termes de s\u00e9curit\u00e9 et une performance irr\u00e9prochable en termes d&#8217;esth\u00e9tique. En outre, gr\u00e2ce aux derni\u00e8res certifications obtenues, les peintures ignifuges Firewall peuvent \u00e9galement \u00eatre appliqu\u00e9es sur l&#8217;agglom\u00e9r\u00e9 qui, gr\u00e2ce \u00e0 ses qualit\u00e9s exceptionnelles en termes de ductilit\u00e9, est souvent utilis\u00e9 dans l&#8217;organisation d&#8217;expositions.[\/vc_column_text]<div class=\"ult-spacer spacer-6a04db247fcb4\" data-id=\"6a04db247fcb4\" data-height=\"200\" data-height-mobile=\"50\" data-height-tab=\"200\" data-height-tab-portrait=\"200\" data-height-mobile-landscape=\"50\" style=\"clear:both;display:block;\"><\/div>[\/vc_column][\/mk_page_section]\n","protected":false},"excerpt":{"rendered":"<p>[mk_page_section bg_image=&#8221;http:\/\/www.vernicifirewall.it\/wp-content\/uploads\/2019\/03\/fiera-2.jpg&#8221; bg_image_portrait=&#8221;http:\/\/www.vernicifirewall.it\/wp-content\/uploads\/2019\/03\/fiera-2_mobile.jpg&#8221; bg_position=&#8221;left center&#8221; bg_repeat=&#8221;no-repeat&#8221; bg_stretch=&#8221;true&#8221; enable_3d=&#8221;true&#8221; padding_top=&#8221;0&#8243; padding_bottom=&#8221;0&#8243; sidebar=&#8221;sidebar-1&#8243;][vc_column width=&#8221;1\/2&#8243;][vc_column_text el_class=&#8221;black rennertitle&#8221; css=&#8221;.vc_custom_1554739351282{margin-bottom: 0px !important;}&#8221;]La s\u00e9curit\u00e9 pendant les expositions[\/vc_column_text][vc_column_text el_class=&#8221;black rennerp&#8221; css=&#8221;.vc_custom_1554739360991{margin-bottom: 0px !important;}&#8221;]Les espaces destin\u00e9s aux expositions et expositions temporaires sont soumis aux plans de s\u00e9curit\u00e9 et de pr\u00e9vention des incendies con\u00e7us sp\u00e9cifiquement pour le type d\u2019\u00e9v\u00e9nement, la morphologie de la structure, [&hellip;]<\/p>\n","protected":false},"author":1,"featured_media":0,"parent":0,"menu_order":0,"comment_status":"closed","ping_status":"closed","template":"","meta":{"footnotes":""},"class_list":["post-5226","page","type-page","status-publish","hentry"],"yoast_head":"<!-- This site is optimized with the Yoast SEO plugin v27.0 - https:\/\/yoast.com\/product\/yoast-seo-wordpress\/ -->\n<title>La s\u00e9curit\u00e9 pendant les expositions - Le vernici ignifughe per il legno Firewall<\/title>\n<meta name=\"robots\" content=\"index, follow, max-snippet:-1, max-image-preview:large, max-video-preview:-1\" \/>\n<link rel=\"canonical\" href=\"https:\/\/www.vernicifirewall.it\/fr\/la-sicurezza-durante-le-fiere-e-le-mostre\/\" \/>\n<meta property=\"og:locale\" content=\"fr_FR\" \/>\n<meta property=\"og:type\" content=\"article\" \/>\n<meta property=\"og:title\" content=\"La s\u00e9curit\u00e9 pendant les expositions - Le vernici ignifughe per il legno Firewall\" \/>\n<meta property=\"og:description\" content=\"[mk_page_section bg_image=&#8221;http:\/\/www.vernicifirewall.it\/wp-content\/uploads\/2019\/03\/fiera-2.jpg&#8221; bg_image_portrait=&#8221;http:\/\/www.vernicifirewall.it\/wp-content\/uploads\/2019\/03\/fiera-2_mobile.jpg&#8221; bg_position=&#8221;left center&#8221; bg_repeat=&#8221;no-repeat&#8221; bg_stretch=&#8221;true&#8221; enable_3d=&#8221;true&#8221; padding_top=&#8221;0&#8243; padding_bottom=&#8221;0&#8243; sidebar=&#8221;sidebar-1&#8243;][vc_column width=&#8221;1\/2&#8243;][vc_column_text el_class=&#8221;black rennertitle&#8221; css=&#8221;.vc_custom_1554739351282{margin-bottom: 0px !important;}&#8221;]La s\u00e9curit\u00e9 pendant les expositions[\/vc_column_text][vc_column_text el_class=&#8221;black rennerp&#8221; css=&#8221;.vc_custom_1554739360991{margin-bottom: 0px !important;}&#8221;]Les espaces destin\u00e9s aux expositions et expositions temporaires sont soumis aux plans de s\u00e9curit\u00e9 et de pr\u00e9vention des incendies con\u00e7us sp\u00e9cifiquement pour le type d\u2019\u00e9v\u00e9nement, la morphologie de la structure, [&hellip;]\" \/>\n<meta property=\"og:url\" content=\"https:\/\/www.vernicifirewall.it\/fr\/la-sicurezza-durante-le-fiere-e-le-mostre\/\" \/>\n<meta property=\"og:site_name\" content=\"Le vernici ignifughe per il legno Firewall\" \/>\n<meta property=\"article:modified_time\" content=\"2019-04-16T08:50:49+00:00\" \/>\n<meta name=\"twitter:label1\" content=\"Est. reading time\" \/>\n\t<meta name=\"twitter:data1\" content=\"2 minutes\" \/>\n<script type=\"application\/ld+json\" class=\"yoast-schema-graph\">{\"@context\":\"https:\/\/schema.org\",\"@graph\":[{\"@type\":\"WebPage\",\"@id\":\"https:\/\/www.vernicifirewall.it\/fr\/la-sicurezza-durante-le-fiere-e-le-mostre\/\",\"url\":\"https:\/\/www.vernicifirewall.it\/fr\/la-sicurezza-durante-le-fiere-e-le-mostre\/\",\"name\":\"La s\u00e9curit\u00e9 pendant les expositions - Le vernici ignifughe per il legno Firewall\",\"isPartOf\":{\"@id\":\"https:\/\/www.vernicifirewall.it\/#website\"},\"datePublished\":\"2019-03-15T09:13:49+00:00\",\"dateModified\":\"2019-04-16T08:50:49+00:00\",\"breadcrumb\":{\"@id\":\"https:\/\/www.vernicifirewall.it\/fr\/la-sicurezza-durante-le-fiere-e-le-mostre\/#breadcrumb\"},\"inLanguage\":\"fr-FR\",\"potentialAction\":[{\"@type\":\"ReadAction\",\"target\":[\"https:\/\/www.vernicifirewall.it\/fr\/la-sicurezza-durante-le-fiere-e-le-mostre\/\"]}]},{\"@type\":\"BreadcrumbList\",\"@id\":\"https:\/\/www.vernicifirewall.it\/fr\/la-sicurezza-durante-le-fiere-e-le-mostre\/#breadcrumb\",\"itemListElement\":[{\"@type\":\"ListItem\",\"position\":1,\"name\":\"Home\",\"item\":\"https:\/\/www.vernicifirewall.it\/fr\/\"},{\"@type\":\"ListItem\",\"position\":2,\"name\":\"La s\u00e9curit\u00e9 pendant les expositions\"}]},{\"@type\":\"WebSite\",\"@id\":\"https:\/\/www.vernicifirewall.it\/#website\",\"url\":\"https:\/\/www.vernicifirewall.it\/\",\"name\":\"Le vernici ignifughe per il legno Firewall\",\"description\":\"Le vernici ignifughe per il legno Firewall\",\"potentialAction\":[{\"@type\":\"SearchAction\",\"target\":{\"@type\":\"EntryPoint\",\"urlTemplate\":\"https:\/\/www.vernicifirewall.it\/?s={search_term_string}\"},\"query-input\":{\"@type\":\"PropertyValueSpecification\",\"valueRequired\":true,\"valueName\":\"search_term_string\"}}],\"inLanguage\":\"fr-FR\"}]}<\/script>\n<!-- \/ Yoast SEO plugin. -->","yoast_head_json":{"title":"La s\u00e9curit\u00e9 pendant les expositions - Le vernici ignifughe per il legno Firewall","robots":{"index":"index","follow":"follow","max-snippet":"max-snippet:-1","max-image-preview":"max-image-preview:large","max-video-preview":"max-video-preview:-1"},"canonical":"https:\/\/www.vernicifirewall.it\/fr\/la-sicurezza-durante-le-fiere-e-le-mostre\/","og_locale":"fr_FR","og_type":"article","og_title":"La s\u00e9curit\u00e9 pendant les expositions - Le vernici ignifughe per il legno Firewall","og_description":"[mk_page_section bg_image=&#8221;http:\/\/www.vernicifirewall.it\/wp-content\/uploads\/2019\/03\/fiera-2.jpg&#8221; bg_image_portrait=&#8221;http:\/\/www.vernicifirewall.it\/wp-content\/uploads\/2019\/03\/fiera-2_mobile.jpg&#8221; bg_position=&#8221;left center&#8221; bg_repeat=&#8221;no-repeat&#8221; bg_stretch=&#8221;true&#8221; enable_3d=&#8221;true&#8221; padding_top=&#8221;0&#8243; padding_bottom=&#8221;0&#8243; sidebar=&#8221;sidebar-1&#8243;][vc_column width=&#8221;1\/2&#8243;][vc_column_text el_class=&#8221;black rennertitle&#8221; css=&#8221;.vc_custom_1554739351282{margin-bottom: 0px !important;}&#8221;]La s\u00e9curit\u00e9 pendant les expositions[\/vc_column_text][vc_column_text el_class=&#8221;black rennerp&#8221; css=&#8221;.vc_custom_1554739360991{margin-bottom: 0px !important;}&#8221;]Les espaces destin\u00e9s aux expositions et expositions temporaires sont soumis aux plans de s\u00e9curit\u00e9 et de pr\u00e9vention des incendies con\u00e7us sp\u00e9cifiquement pour le type d\u2019\u00e9v\u00e9nement, la morphologie de la structure, [&hellip;]","og_url":"https:\/\/www.vernicifirewall.it\/fr\/la-sicurezza-durante-le-fiere-e-le-mostre\/","og_site_name":"Le vernici ignifughe per il legno Firewall","article_modified_time":"2019-04-16T08:50:49+00:00","twitter_misc":{"Est. reading time":"2 minutes"},"schema":{"@context":"https:\/\/schema.org","@graph":[{"@type":"WebPage","@id":"https:\/\/www.vernicifirewall.it\/fr\/la-sicurezza-durante-le-fiere-e-le-mostre\/","url":"https:\/\/www.vernicifirewall.it\/fr\/la-sicurezza-durante-le-fiere-e-le-mostre\/","name":"La s\u00e9curit\u00e9 pendant les expositions - Le vernici ignifughe per il legno Firewall","isPartOf":{"@id":"https:\/\/www.vernicifirewall.it\/#website"},"datePublished":"2019-03-15T09:13:49+00:00","dateModified":"2019-04-16T08:50:49+00:00","breadcrumb":{"@id":"https:\/\/www.vernicifirewall.it\/fr\/la-sicurezza-durante-le-fiere-e-le-mostre\/#breadcrumb"},"inLanguage":"fr-FR","potentialAction":[{"@type":"ReadAction","target":["https:\/\/www.vernicifirewall.it\/fr\/la-sicurezza-durante-le-fiere-e-le-mostre\/"]}]},{"@type":"BreadcrumbList","@id":"https:\/\/www.vernicifirewall.it\/fr\/la-sicurezza-durante-le-fiere-e-le-mostre\/#breadcrumb","itemListElement":[{"@type":"ListItem","position":1,"name":"Home","item":"https:\/\/www.vernicifirewall.it\/fr\/"},{"@type":"ListItem","position":2,"name":"La s\u00e9curit\u00e9 pendant les expositions"}]},{"@type":"WebSite","@id":"https:\/\/www.vernicifirewall.it\/#website","url":"https:\/\/www.vernicifirewall.it\/","name":"Le vernici ignifughe per il legno Firewall","description":"Le vernici ignifughe per il legno Firewall","potentialAction":[{"@type":"SearchAction","target":{"@type":"EntryPoint","urlTemplate":"https:\/\/www.vernicifirewall.it\/?s={search_term_string}"},"query-input":{"@type":"PropertyValueSpecification","valueRequired":true,"valueName":"search_term_string"}}],"inLanguage":"fr-FR"}]}},"_links":{"self":[{"href":"https:\/\/www.vernicifirewall.it\/fr\/wp-json\/wp\/v2\/pages\/5226","targetHints":{"allow":["GET"]}}],"collection":[{"href":"https:\/\/www.vernicifirewall.it\/fr\/wp-json\/wp\/v2\/pages"}],"about":[{"href":"https:\/\/www.vernicifirewall.it\/fr\/wp-json\/wp\/v2\/types\/page"}],"author":[{"embeddable":true,"href":"https:\/\/www.vernicifirewall.it\/fr\/wp-json\/wp\/v2\/users\/1"}],"replies":[{"embeddable":true,"href":"https:\/\/www.vernicifirewall.it\/fr\/wp-json\/wp\/v2\/comments?post=5226"}],"version-history":[{"count":3,"href":"https:\/\/www.vernicifirewall.it\/fr\/wp-json\/wp\/v2\/pages\/5226\/revisions"}],"predecessor-version":[{"id":5555,"href":"https:\/\/www.vernicifirewall.it\/fr\/wp-json\/wp\/v2\/pages\/5226\/revisions\/5555"}],"wp:attachment":[{"href":"https:\/\/www.vernicifirewall.it\/fr\/wp-json\/wp\/v2\/media?parent=5226"}],"curies":[{"name":"wp","href":"https:\/\/api.w.org\/{rel}","templated":true}]}}