{"id":5238,"date":"2019-03-15T11:00:58","date_gmt":"2019-03-15T10:00:58","guid":{"rendered":"http:\/\/www.vernicifirewall.it\/il-design-del-cartoncino-alveolare-innovazione-da-proteggere\/"},"modified":"2019-04-16T10:51:58","modified_gmt":"2019-04-16T08:51:58","slug":"il-design-del-cartoncino-alveolare-innovazione-da-proteggere","status":"publish","type":"page","link":"https:\/\/www.vernicifirewall.it\/fr\/il-design-del-cartoncino-alveolare-innovazione-da-proteggere\/","title":{"rendered":"Le design du carton nid d&#8217;abeille une innovation \u00e0 prot\u00e9ger"},"content":{"rendered":"[mk_page_section bg_image=&#8221;http:\/\/www.vernicifirewall.it\/wp-content\/uploads\/2019\/03\/cartoncino.jpg&#8221; bg_image_portrait=&#8221;http:\/\/www.vernicifirewall.it\/wp-content\/uploads\/2019\/03\/cartoncino_mobile.jpg&#8221; bg_position=&#8221;left center&#8221; bg_repeat=&#8221;no-repeat&#8221; bg_stretch=&#8221;true&#8221; enable_3d=&#8221;true&#8221; padding_top=&#8221;0&#8243; padding_bottom=&#8221;0&#8243; sidebar=&#8221;sidebar-1&#8243;][vc_column width=&#8221;1\/2&#8243;]<div class=\"ult-spacer spacer-69e349a018686\" data-id=\"69e349a018686\" data-height=\"200\" data-height-mobile=\"50\" data-height-tab=\"200\" data-height-tab-portrait=\"200\" data-height-mobile-landscape=\"50\" style=\"clear:both;display:block;\"><\/div>[vc_column_text el_class=&#8221;white rennertitle&#8221; css=&#8221;.vc_custom_1555404693291{margin-bottom: 0px !important;}&#8221;]Le design<br \/>\ndu carton nid d&#8217;abeille:<br \/>\nune innovation \u00e0 prot\u00e9ger[\/vc_column_text][vc_column_text el_class=&#8221;white rennerp&#8221; css=&#8221;.vc_custom_1554741626547{margin-bottom: 0px !important;}&#8221;]Les peintures ignifuges Firewall ne se limitent pas \u00e0 la protection du bois. Les syst\u00e8mes de vernissage ignifuge Renner Italia ont \u00e9t\u00e9 certifi\u00e9s pour \u00eatre appliqu\u00e9s sur un mat\u00e9riau de plus en plus utilis\u00e9 dans le commerce, le carton nid d&#8217;abeille. L&#8217;utilisation de ce produit est de plus en plus courante dans le domaine des meubles. C&#8217;est un mat\u00e9riau ductile, l\u00e9ger et \u00e0 usages multiples. Il a fait son apparition en tant que mat\u00e9riau d\u2019emballage pour attirer l\u2019attention des d\u00e9corateurs d\u2019int\u00e9rieur qui l\u2019ont commenc\u00e9 \u00e0 l\u2019utiliser pour r\u00e9aliser les \u00e9tag\u00e8res.[\/vc_column_text]<div class=\"ult-spacer spacer-69e349a0186f5\" data-id=\"69e349a0186f5\" data-height=\"200\" data-height-mobile=\"150\" data-height-tab=\"200\" data-height-tab-portrait=\"200\" data-height-mobile-landscape=\"150\" style=\"clear:both;display:block;\"><\/div>[\/vc_column][vc_column width=&#8221;1\/2&#8243;][\/vc_column][\/mk_page_section][mk_page_section bg_image=&#8221;http:\/\/www.vernicifirewall.it\/wp-content\/uploads\/2019\/03\/cartone-logo-3.jpg&#8221; bg_image_portrait=&#8221;http:\/\/www.vernicifirewall.it\/wp-content\/uploads\/2019\/03\/cartone-logo-3_mobile.jpg&#8221; bg_position=&#8221;right center&#8221; bg_repeat=&#8221;no-repeat&#8221; bg_stretch=&#8221;true&#8221; enable_3d=&#8221;true&#8221; padding_top=&#8221;0&#8243; padding_bottom=&#8221;0&#8243; sidebar=&#8221;sidebar-1&#8243;][vc_column width=&#8221;1\/2&#8243;][\/vc_column][vc_column width=&#8221;1\/2&#8243;]<div class=\"ult-spacer spacer-69e349a018746\" data-id=\"69e349a018746\" data-height=\"200\" data-height-mobile=\"230\" data-height-tab=\"200\" data-height-tab-portrait=\"200\" data-height-mobile-landscape=\"230\" style=\"clear:both;display:block;\"><\/div>[vc_column_text el_class=&#8221;black rennertitle&#8221; css=&#8221;.vc_custom_1554741639984{margin-bottom: 0px !important;}&#8221;]Une alternative<br \/>\ndans l&#8217;ameublement[\/vc_column_text][vc_column_text el_class=&#8221;black rennerp&#8221; css=&#8221;.vc_custom_1555404716084{margin-bottom: 0px !important;}&#8221;]Il s&#8217;agit d&#8217;un mat\u00e9riau qui peut \u00eatre personnalis\u00e9 \u00e0 travers des peintures et vis\u00e9 \u00e0 satisfaire la cr\u00e9ativit\u00e9 des architectes. R\u00e9cemment, c&#8217;est fr\u00e9quent de trouver sur le march\u00e9 des meubles enti\u00e8rement r\u00e9alis\u00e9s en carton nid d&#8217;abeille: biblioth\u00e8ques, \u00e9tag\u00e8res, tables de nuit.<br \/>\nComme le bois, avec lequel il est combin\u00e9 pour ce qui concerne l&#8217;ameublement, il s&#8217;agit d&#8217;un mat\u00e9riau hautement inflammable. Appliquer une peinture ignifuge sur un meuble en carton nid d&#8217;abeille signifie l&#8217;am\u00e9liorer sur le plan esth\u00e9tique et en faire un mat\u00e9riau capable de faire face aux dangers d&#8217;un hypoth\u00e9tique incendie.[\/vc_column_text]<div class=\"ult-spacer spacer-69e349a01878f\" data-id=\"69e349a01878f\" data-height=\"200\" data-height-mobile=\"50\" data-height-tab=\"200\" data-height-tab-portrait=\"200\" data-height-mobile-landscape=\"50\" style=\"clear:both;display:block;\"><\/div>[\/vc_column][\/mk_page_section]\n","protected":false},"excerpt":{"rendered":"<p>[mk_page_section bg_image=&#8221;http:\/\/www.vernicifirewall.it\/wp-content\/uploads\/2019\/03\/cartoncino.jpg&#8221; bg_image_portrait=&#8221;http:\/\/www.vernicifirewall.it\/wp-content\/uploads\/2019\/03\/cartoncino_mobile.jpg&#8221; bg_position=&#8221;left center&#8221; bg_repeat=&#8221;no-repeat&#8221; bg_stretch=&#8221;true&#8221; enable_3d=&#8221;true&#8221; padding_top=&#8221;0&#8243; padding_bottom=&#8221;0&#8243; sidebar=&#8221;sidebar-1&#8243;][vc_column width=&#8221;1\/2&#8243;][vc_column_text el_class=&#8221;white rennertitle&#8221; css=&#8221;.vc_custom_1555404693291{margin-bottom: 0px !important;}&#8221;]Le design du carton nid d&#8217;abeille: une innovation \u00e0 prot\u00e9ger[\/vc_column_text][vc_column_text el_class=&#8221;white rennerp&#8221; css=&#8221;.vc_custom_1554741626547{margin-bottom: 0px !important;}&#8221;]Les peintures ignifuges Firewall ne se limitent pas \u00e0 la protection du bois. Les syst\u00e8mes de vernissage ignifuge Renner Italia ont \u00e9t\u00e9 certifi\u00e9s pour \u00eatre [&hellip;]<\/p>\n","protected":false},"author":1,"featured_media":0,"parent":0,"menu_order":0,"comment_status":"closed","ping_status":"closed","template":"","meta":{"footnotes":""},"class_list":["post-5238","page","type-page","status-publish","hentry"],"yoast_head":"<!-- This site is optimized with the Yoast SEO plugin v27.0 - https:\/\/yoast.com\/product\/yoast-seo-wordpress\/ -->\n<title>Le design du carton nid d&#039;abeille une innovation \u00e0 prot\u00e9ger - Le vernici ignifughe per il legno Firewall<\/title>\n<meta name=\"robots\" content=\"index, follow, max-snippet:-1, max-image-preview:large, max-video-preview:-1\" \/>\n<link rel=\"canonical\" href=\"https:\/\/www.vernicifirewall.it\/fr\/il-design-del-cartoncino-alveolare-innovazione-da-proteggere\/\" \/>\n<meta property=\"og:locale\" content=\"fr_FR\" \/>\n<meta property=\"og:type\" content=\"article\" \/>\n<meta property=\"og:title\" content=\"Le design du carton nid d&#039;abeille une innovation \u00e0 prot\u00e9ger - Le vernici ignifughe per il legno Firewall\" \/>\n<meta property=\"og:description\" content=\"[mk_page_section bg_image=&#8221;http:\/\/www.vernicifirewall.it\/wp-content\/uploads\/2019\/03\/cartoncino.jpg&#8221; bg_image_portrait=&#8221;http:\/\/www.vernicifirewall.it\/wp-content\/uploads\/2019\/03\/cartoncino_mobile.jpg&#8221; bg_position=&#8221;left center&#8221; bg_repeat=&#8221;no-repeat&#8221; bg_stretch=&#8221;true&#8221; enable_3d=&#8221;true&#8221; padding_top=&#8221;0&#8243; padding_bottom=&#8221;0&#8243; sidebar=&#8221;sidebar-1&#8243;][vc_column width=&#8221;1\/2&#8243;][vc_column_text el_class=&#8221;white rennertitle&#8221; css=&#8221;.vc_custom_1555404693291{margin-bottom: 0px !important;}&#8221;]Le design du carton nid d&#8217;abeille: une innovation \u00e0 prot\u00e9ger[\/vc_column_text][vc_column_text el_class=&#8221;white rennerp&#8221; css=&#8221;.vc_custom_1554741626547{margin-bottom: 0px !important;}&#8221;]Les peintures ignifuges Firewall ne se limitent pas \u00e0 la protection du bois. Les syst\u00e8mes de vernissage ignifuge Renner Italia ont \u00e9t\u00e9 certifi\u00e9s pour \u00eatre [&hellip;]\" \/>\n<meta property=\"og:url\" content=\"https:\/\/www.vernicifirewall.it\/fr\/il-design-del-cartoncino-alveolare-innovazione-da-proteggere\/\" \/>\n<meta property=\"og:site_name\" content=\"Le vernici ignifughe per il legno Firewall\" \/>\n<meta property=\"article:modified_time\" content=\"2019-04-16T08:51:58+00:00\" \/>\n<meta name=\"twitter:label1\" content=\"Est. reading time\" \/>\n\t<meta name=\"twitter:data1\" content=\"2 minutes\" \/>\n<script type=\"application\/ld+json\" class=\"yoast-schema-graph\">{\"@context\":\"https:\/\/schema.org\",\"@graph\":[{\"@type\":\"WebPage\",\"@id\":\"https:\/\/www.vernicifirewall.it\/fr\/il-design-del-cartoncino-alveolare-innovazione-da-proteggere\/\",\"url\":\"https:\/\/www.vernicifirewall.it\/fr\/il-design-del-cartoncino-alveolare-innovazione-da-proteggere\/\",\"name\":\"Le design du carton nid d'abeille une innovation \u00e0 prot\u00e9ger - Le vernici ignifughe per il legno Firewall\",\"isPartOf\":{\"@id\":\"https:\/\/www.vernicifirewall.it\/#website\"},\"datePublished\":\"2019-03-15T10:00:58+00:00\",\"dateModified\":\"2019-04-16T08:51:58+00:00\",\"breadcrumb\":{\"@id\":\"https:\/\/www.vernicifirewall.it\/fr\/il-design-del-cartoncino-alveolare-innovazione-da-proteggere\/#breadcrumb\"},\"inLanguage\":\"fr-FR\",\"potentialAction\":[{\"@type\":\"ReadAction\",\"target\":[\"https:\/\/www.vernicifirewall.it\/fr\/il-design-del-cartoncino-alveolare-innovazione-da-proteggere\/\"]}]},{\"@type\":\"BreadcrumbList\",\"@id\":\"https:\/\/www.vernicifirewall.it\/fr\/il-design-del-cartoncino-alveolare-innovazione-da-proteggere\/#breadcrumb\",\"itemListElement\":[{\"@type\":\"ListItem\",\"position\":1,\"name\":\"Home\",\"item\":\"https:\/\/www.vernicifirewall.it\/fr\/\"},{\"@type\":\"ListItem\",\"position\":2,\"name\":\"Le design du carton nid d&#8217;abeille une innovation \u00e0 prot\u00e9ger\"}]},{\"@type\":\"WebSite\",\"@id\":\"https:\/\/www.vernicifirewall.it\/#website\",\"url\":\"https:\/\/www.vernicifirewall.it\/\",\"name\":\"Le vernici ignifughe per il legno Firewall\",\"description\":\"Le vernici ignifughe per il legno Firewall\",\"potentialAction\":[{\"@type\":\"SearchAction\",\"target\":{\"@type\":\"EntryPoint\",\"urlTemplate\":\"https:\/\/www.vernicifirewall.it\/?s={search_term_string}\"},\"query-input\":{\"@type\":\"PropertyValueSpecification\",\"valueRequired\":true,\"valueName\":\"search_term_string\"}}],\"inLanguage\":\"fr-FR\"}]}<\/script>\n<!-- \/ Yoast SEO plugin. -->","yoast_head_json":{"title":"Le design du carton nid d'abeille une innovation \u00e0 prot\u00e9ger - Le vernici ignifughe per il legno Firewall","robots":{"index":"index","follow":"follow","max-snippet":"max-snippet:-1","max-image-preview":"max-image-preview:large","max-video-preview":"max-video-preview:-1"},"canonical":"https:\/\/www.vernicifirewall.it\/fr\/il-design-del-cartoncino-alveolare-innovazione-da-proteggere\/","og_locale":"fr_FR","og_type":"article","og_title":"Le design du carton nid d'abeille une innovation \u00e0 prot\u00e9ger - Le vernici ignifughe per il legno Firewall","og_description":"[mk_page_section bg_image=&#8221;http:\/\/www.vernicifirewall.it\/wp-content\/uploads\/2019\/03\/cartoncino.jpg&#8221; bg_image_portrait=&#8221;http:\/\/www.vernicifirewall.it\/wp-content\/uploads\/2019\/03\/cartoncino_mobile.jpg&#8221; bg_position=&#8221;left center&#8221; bg_repeat=&#8221;no-repeat&#8221; bg_stretch=&#8221;true&#8221; enable_3d=&#8221;true&#8221; padding_top=&#8221;0&#8243; padding_bottom=&#8221;0&#8243; sidebar=&#8221;sidebar-1&#8243;][vc_column width=&#8221;1\/2&#8243;][vc_column_text el_class=&#8221;white rennertitle&#8221; css=&#8221;.vc_custom_1555404693291{margin-bottom: 0px !important;}&#8221;]Le design du carton nid d&#8217;abeille: une innovation \u00e0 prot\u00e9ger[\/vc_column_text][vc_column_text el_class=&#8221;white rennerp&#8221; css=&#8221;.vc_custom_1554741626547{margin-bottom: 0px !important;}&#8221;]Les peintures ignifuges Firewall ne se limitent pas \u00e0 la protection du bois. Les syst\u00e8mes de vernissage ignifuge Renner Italia ont \u00e9t\u00e9 certifi\u00e9s pour \u00eatre [&hellip;]","og_url":"https:\/\/www.vernicifirewall.it\/fr\/il-design-del-cartoncino-alveolare-innovazione-da-proteggere\/","og_site_name":"Le vernici ignifughe per il legno Firewall","article_modified_time":"2019-04-16T08:51:58+00:00","twitter_misc":{"Est. reading time":"2 minutes"},"schema":{"@context":"https:\/\/schema.org","@graph":[{"@type":"WebPage","@id":"https:\/\/www.vernicifirewall.it\/fr\/il-design-del-cartoncino-alveolare-innovazione-da-proteggere\/","url":"https:\/\/www.vernicifirewall.it\/fr\/il-design-del-cartoncino-alveolare-innovazione-da-proteggere\/","name":"Le design du carton nid d'abeille une innovation \u00e0 prot\u00e9ger - Le vernici ignifughe per il legno Firewall","isPartOf":{"@id":"https:\/\/www.vernicifirewall.it\/#website"},"datePublished":"2019-03-15T10:00:58+00:00","dateModified":"2019-04-16T08:51:58+00:00","breadcrumb":{"@id":"https:\/\/www.vernicifirewall.it\/fr\/il-design-del-cartoncino-alveolare-innovazione-da-proteggere\/#breadcrumb"},"inLanguage":"fr-FR","potentialAction":[{"@type":"ReadAction","target":["https:\/\/www.vernicifirewall.it\/fr\/il-design-del-cartoncino-alveolare-innovazione-da-proteggere\/"]}]},{"@type":"BreadcrumbList","@id":"https:\/\/www.vernicifirewall.it\/fr\/il-design-del-cartoncino-alveolare-innovazione-da-proteggere\/#breadcrumb","itemListElement":[{"@type":"ListItem","position":1,"name":"Home","item":"https:\/\/www.vernicifirewall.it\/fr\/"},{"@type":"ListItem","position":2,"name":"Le design du carton nid d&#8217;abeille une innovation \u00e0 prot\u00e9ger"}]},{"@type":"WebSite","@id":"https:\/\/www.vernicifirewall.it\/#website","url":"https:\/\/www.vernicifirewall.it\/","name":"Le vernici ignifughe per il legno Firewall","description":"Le vernici ignifughe per il legno Firewall","potentialAction":[{"@type":"SearchAction","target":{"@type":"EntryPoint","urlTemplate":"https:\/\/www.vernicifirewall.it\/?s={search_term_string}"},"query-input":{"@type":"PropertyValueSpecification","valueRequired":true,"valueName":"search_term_string"}}],"inLanguage":"fr-FR"}]}},"_links":{"self":[{"href":"https:\/\/www.vernicifirewall.it\/fr\/wp-json\/wp\/v2\/pages\/5238","targetHints":{"allow":["GET"]}}],"collection":[{"href":"https:\/\/www.vernicifirewall.it\/fr\/wp-json\/wp\/v2\/pages"}],"about":[{"href":"https:\/\/www.vernicifirewall.it\/fr\/wp-json\/wp\/v2\/types\/page"}],"author":[{"embeddable":true,"href":"https:\/\/www.vernicifirewall.it\/fr\/wp-json\/wp\/v2\/users\/1"}],"replies":[{"embeddable":true,"href":"https:\/\/www.vernicifirewall.it\/fr\/wp-json\/wp\/v2\/comments?post=5238"}],"version-history":[{"count":4,"href":"https:\/\/www.vernicifirewall.it\/fr\/wp-json\/wp\/v2\/pages\/5238\/revisions"}],"predecessor-version":[{"id":5557,"href":"https:\/\/www.vernicifirewall.it\/fr\/wp-json\/wp\/v2\/pages\/5238\/revisions\/5557"}],"wp:attachment":[{"href":"https:\/\/www.vernicifirewall.it\/fr\/wp-json\/wp\/v2\/media?parent=5238"}],"curies":[{"name":"wp","href":"https:\/\/api.w.org\/{rel}","templated":true}]}}