{"id":5282,"date":"2014-09-10T16:45:14","date_gmt":"2014-09-10T14:45:14","guid":{"rendered":"http:\/\/www.vernicifirewall.it\/faq\/"},"modified":"2019-04-23T18:22:36","modified_gmt":"2019-04-23T16:22:36","slug":"faq","status":"publish","type":"page","link":"https:\/\/www.vernicifirewall.it\/fr\/faq\/","title":{"rendered":"Questions fr\u00e9quentes"},"content":{"rendered":"[mk_page_section bg_image=&#8221;http:\/\/www.vernicifirewall.it\/wp-content\/uploads\/2019\/03\/resistenza-fuoco-2.jpg&#8221; bg_position=&#8221;left center&#8221; bg_stretch=&#8221;true&#8221; enable_3d=&#8221;true&#8221; padding_top=&#8221;50&#8243; padding_bottom=&#8221;50&#8243; sidebar=&#8221;sidebar-1&#8243;][vc_column][vc_accordions][vc_accordion_tab title=&#8221;Quelle est la diff\u00e9rence entre la \u00ab R\u00e9action au Feu \u00bb et la \u00ab R\u00e9sistance au Feu \u00bb ?&#8221;][vc_column_text el_class=&#8221;black rennerp&#8221; css=&#8221;.vc_custom_1556035745822{margin-bottom: 0px !important;}&#8221;]Les deux classifications font r\u00e9f\u00e9rence \u00e0 la protection passive d\u2019un endroit. Alors que la classification de la \u00ab\u00a0R\u00e9sistance au Feu\u00a0\u00bb concerne les structures porteuses, compartimentages et portes coupe-feu, la \u00ab\u00a0R\u00e9action au Feu\u00a0\u00bb certifie les rev\u00eatements pour les murs, les plafonds, les sols, l\u2019ameublement et tout le mat\u00e9riel combustible non-structurel.[\/vc_column_text][\/vc_accordion_tab][vc_accordion_tab title=&#8221;Quelles sont les diff\u00e9rences entre un syst\u00e8me ignifuge et un syst\u00e8me standard ?&#8221;][vc_column_text el_class=&#8221;black rennerp&#8221; css=&#8221;.vc_custom_1556035777222{margin-bottom: 0px !important;}&#8221;]Un syst\u00e8me ignifuge a un grammage d\u2019application plus important, car il doit cr\u00e9er une barri\u00e8re \u00e0 la chaleur. Il doit donc prot\u00e9ger l\u2019objet du feu. Dans le pass\u00e9, il s\u2019agissait d\u2019une caract\u00e9ristique p\u00e9jorative pour les buts esth\u00e9tiques. Avec les additifs qui retardent la flamme ou intumescent de derni\u00e8re g\u00e9n\u00e9ration de la gamme Firewall le probl\u00e8me a \u00e9t\u00e9 surmont\u00e9.[\/vc_column_text][\/vc_accordion_tab][vc_accordion_tab title=&#8221;Quels sont les objets vernis qui peuvent \u00eatre certifi\u00e9s comme \u00ab prot\u00e9g\u00e9s par les vernis ignifuges ? \u00bb&#8221;][vc_column_text el_class=&#8221;black rennerp&#8221; css=&#8221;.vc_custom_1556035868965{margin-bottom: 0px !important;}&#8221;]Les normes anti-incendie pr\u00e9voient nombreuses certifications selon le type et la position du support \u00e0 vernir. Certains supports ne peuvent pas \u00eatre classifi\u00e9s selon leur degr\u00e9 d\u2019inflammabilit\u00e9, mais pour ce qui concerne les mat\u00e9riaux de construction qui, g\u00e9n\u00e9ralement, sont utilis\u00e9s dans une structure. Dans la majorit\u00e9 des cas ils peuvent \u00eatre certifi\u00e9s \u00e0 la fois en R\u00e9action et en R\u00e9sistance au Feu.[\/vc_column_text][\/vc_accordion_tab][vc_accordion_tab title=&#8221;Est-il possible de certifier un objet expos\u00e9 \u00e0 l\u2019ext\u00e9rieur ?&#8221;][vc_column_text el_class=&#8221;black rennerp&#8221; css=&#8221;.vc_custom_1556035908329{margin-bottom: 0px !important;}&#8221;]Les syst\u00e8mes ignifuges ont une faiblesse intrins\u00e8que. Ils contiennent des additifs qui, si expos\u00e9s \u00e0 une source de chaleur, r\u00e9agissent en modifiant la pellicule du vernis, en se r\u00e9pandant ou en cristallisant. La r\u00e9action commence \u00e0 temp\u00e9ratures basses (environ 150\/200\u00b0C). Pour cela, si expos\u00e9es directement aux rayons UV pendant l\u2019\u00e9t\u00e9, les peintures pourraient devenir plus fonc\u00e9es et, au pire, se d\u00e9tacher du support.[\/vc_column_text][\/vc_accordion_tab][vc_accordion_tab title=&#8221;Sont-ils n\u00e9cessaires des outils sp\u00e9cifiques pour appliquer un syst\u00e8me ignifuge ?&#8221;][vc_column_text el_class=&#8221;black rennerp&#8221; css=&#8221;.vc_custom_1556035941167{margin-bottom: 0px !important;}&#8221;]Les outils \u00e0 utiliser sont les m\u00eames pour l\u2019application des vernis hydro et solvant\u00e9s, mais un vernis ignifuge n\u00e9cessite une \u00e9nergie m\u00e9lang\u00e9e qui homog\u00e9n\u00e9ise les additifs \u00e0 l\u2019int\u00e9rieur de la composition. En outre, certains retardateurs de flamme peuvent retarder le s\u00e9chage du vernis.[\/vc_column_text][\/vc_accordion_tab][vc_accordion_tab title=&#8221;Comment faire pour appliquer le grammage ad\u00e9quat ?&#8221;][vc_column_text el_class=&#8221;black rennerp&#8221; css=&#8221;.vc_custom_1556036036827{margin-bottom: 0px !important;}&#8221;]Pour \u00eatre certains de la quantit\u00e9 \u00e0 appliquer, il faut \u00ab\u00a0peser\u00a0\u00bb le produit ou utiliser une jauge d\u2019\u00e9paisseur (outil pour mesurer la pellicule baign\u00e9e de la peinture).<\/p>\n<p>Les quantit\u00e9s sont calcul\u00e9es selon\u00a0:<\/p>\n<ul>\n<li>1. la surface \u00e0 certifier\u00a0;<\/li>\n<li>2. la modalit\u00e9 d\u2019application, y compris le overspray.<\/li>\n<\/ul>\n<p>La fiche technique indique toujours le grammage impos\u00e9 par les certifications.[\/vc_column_text][\/vc_accordion_tab][vc_accordion_tab title=&#8221;C\u2019est mieux un syst\u00e8me hydro ou solvant\u00e9 ?&#8221;][vc_column_text el_class=&#8221;black rennerp&#8221; css=&#8221;.vc_custom_1556036080656{margin-bottom: 0px !important;}&#8221;]L\u2019eau et le solvant sont des v\u00e9hicules indispensables dans la phase d\u2019application. L\u2019extrait sec est l\u2019ensemble des r\u00e9sines et des poudres qui cr\u00e9ent la pellicule de vernis utile. Une r\u00e9sine \u00e0 base aqueuse aura un effet esth\u00e9tique plus naturel par rapport \u00e0 un syst\u00e8me \u00e0 base solvant. Dans les endroits scolaires ou hospitaliers les syst\u00e8mes \u00e0 base aqueuse sont pr\u00e9f\u00e9r\u00e9s car ils exsudent \u00e9missions faibles. Lorsque la pellicule est s\u00e9ch\u00e9e, les substances volatiles ne sont pas pr\u00e9sentes.[\/vc_column_text][\/vc_accordion_tab][vc_accordion_tab title=&#8221;Comment faire si l\u2019objet est peint et il faut le rendre ignifuge ?&#8221;][vc_column_text el_class=&#8221;black rennerp&#8221; css=&#8221;.vc_custom_1556036219132{margin-bottom: 0px !important;}&#8221;]Il s\u2019agit d\u2019un probl\u00e8me technique, plut\u00f4t que normatif. La loi pr\u00e9voit l\u2019application d\u2019un syst\u00e8me certifi\u00e9 pour le grammage ad\u00e9quat. Elle ne fait pas r\u00e9f\u00e9rence au traitement pr\u00e9c\u00e9dent. Pour cela, il faudra v\u00e9rifier techniquement l\u2019adh\u00e9sion du syst\u00e8me homologu\u00e9 au-dessus de la vieille couche de vernis, pour \u00e9viter des d\u00e9tachements successifs. Les experts Firewall conseillent de poncer le support jusqu\u2019au bois brut, pour \u00e9viter tout risque.[\/vc_column_text][\/vc_accordion_tab][vc_accordion_tab title=&#8221;Un syst\u00e8me ignifuge certifi\u00e9 pour les plafonds peut \u00eatre utilis\u00e9 pour prot\u00e9ger un mur ? Et un syst\u00e8me ignifuge certifi\u00e9 pour les murs peut \u00eatre utilis\u00e9 pour prot\u00e9ger un parquet ?&#8221;][vc_column_text el_class=&#8221;black rennerp&#8221; css=&#8221;.vc_custom_1556036257607{margin-bottom: 0px !important;}&#8221;]Les tests de R\u00e9action et de R\u00e9sistance au Feu sont tr\u00e8s diff\u00e9rents. L\u2019\u00e9chantillon positionn\u00e9 sur le sol subit une irradiation plus faible par rapport \u00e0 un \u00e9chantillon sur un mur. \u00c0 condition \u00e9gale de la classe obtenue, la protection est beaucoup discordante. Pour cela, il n\u2019est pas possible d\u2019utiliser un syst\u00e8me certifi\u00e9 pour parquet pour peindre un mur, mais du point de vu de la loi on peut faire le contraire.[\/vc_column_text][\/vc_accordion_tab][vc_accordion_tab title=&#8221;Je suis un peintre. Ai-je l\u2019obligation de d\u00e9livrer l\u2019attestation d\u2019application ?&#8221;][vc_column_text el_class=&#8221;black rennerp&#8221; css=&#8221;.vc_custom_1556036281288{margin-bottom: 0px !important;}&#8221;]Oui, toujours. Cela signifie avoir la garantie d\u2019\u00eatre en r\u00e8gle. La \u00ab\u00a0D\u00e9claration de Conformit\u00e9\u00a0\u00bb est d\u00e9livr\u00e9e par Renner Italia qu\u2019apr\u00e8s avoir rempli le formulaire \u00ab\u00a0Attestation d\u2019application\u00a0\u00bb. Et le responsable de la s\u00e9curit\u00e9 s\u2019assure de la correcte installation de l\u2019objet qu\u2019apr\u00e8s la r\u00e9daction de la \u00ab\u00a0D\u00e9claration de Conformit\u00e9\u00a0\u00bb.[\/vc_column_text][\/vc_accordion_tab][vc_accordion_tab title=&#8221;Je suis un projecteur ou un responsable de la s\u00e9curit\u00e9 dans un chantier. Pour \u00eatre en r\u00e8gle je n\u00e9cessite un peintre professionnel ?&#8221;][vc_column_text el_class=&#8221;black rennerp&#8221; css=&#8221;.vc_custom_1556036324488{margin-bottom: 0px !important;}&#8221;]Il existe un \u00ab\u00a0ordre minist\u00e9riel\u00a0\u00bb qui aide les responsables de la s\u00e9curit\u00e9 \u00e0 travers des peintres professionnels. C\u2019est toujours mieux de s\u2019adresser \u00e0 des peintres professionnels. Toutefois, pour obtenir la \u00ab\u00a0D\u00e9claration de Conformit\u00e9\u00a0\u00bb et \u00eatre en r\u00e8gle il est suffisant souscrire l\u2019 \u00ab\u00a0Attestation d\u2019application\u00a0\u00bb, \u00e0 demander au vendeur du syst\u00e8me ignifuge.[\/vc_column_text][\/vc_accordion_tab][vc_accordion_tab title=&#8221;La \u00ab D\u00e9claration de Conformit\u00e9 \u00bb a-t-elle une date d\u2019expiration ?&#8221;][vc_column_text el_class=&#8221;black rennerp&#8221; css=&#8221;.vc_custom_1556036352311{margin-bottom: 0px !important;}&#8221;]La \u00ab\u00a0D\u00e9claration de Conformit\u00e9\u00a0\u00bb a une validit\u00e9 limit\u00e9e par le CPI (Certificat de Pr\u00e9vention Incendies). \u00c0 l\u2019expiration, un contr\u00f4le de tous les \u00e9l\u00e9ments pr\u00e9sents dans la structure \u2013 des extincteurs aux sorties de secours \u2013 sera effectu\u00e9. Pour cette occasion, l\u2019\u00e9tat de la peinture est aussi analys\u00e9. Si tout est en r\u00e8gle, la \u00ab\u00a0D\u00e9claration de Conformit\u00e9\u00a0\u00bb d\u2019un vernis ignifuge est automatiquement renouvel\u00e9e. La \u00ab\u00a0D\u00e9claration de Conformit\u00e9\u00a0\u00bb d\u2019un vernis ignifuge pour le mur a une probabilit\u00e9 majeure d\u2019\u00eatre renouvel\u00e9e de celle d\u2019un vernis appliqu\u00e9 sur le sol.[\/vc_column_text][\/vc_accordion_tab][vc_accordion_tab title=&#8221;Puis-je certifier une porte coupe-feu avec un syst\u00e8me certifi\u00e9 pour la \u00ab R\u00e9sistance au Feu \u00bb ?&#8221;][vc_column_text el_class=&#8221;black rennerp&#8221; css=&#8221;.vc_custom_1556036376305{margin-bottom: 0px !important;}&#8221;]La \u00ab\u00a0R\u00e9sistance au Feu\u00a0\u00bb d\u2019une porte coupe-feu certifi\u00e9e est donn\u00e9e par la structure qui doit respecter la s\u00e9v\u00e8re norme europ\u00e9enne REI, \u00ab\u00a0R\u00e9sistance m\u00e9canique, isolation thermique et des fum\u00e9es\u00a0\u00bb. La porte sera \u00e9quip\u00e9e de joints ignifuges et de charni\u00e8res r\u00e9sistants \u00e0 la flamme. En outre, elle devra avoir un centre incombustible qui peut limiter le passage de la chaleur et des fum\u00e9es sur le c\u00f4t\u00e9 froid. Un syst\u00e8me de vernissage ne peut pas r\u00e9pondre \u00e0 ces questions. Au contraire, l\u2019utilisation d\u2019un syst\u00e8me ignifuge sur ces objets est obligatoire, successivement \u00e0 l\u2019obtention de la certification REI, ainsi de ne pas abaisser la classe d\u00e9j\u00e0 obtenue.[\/vc_column_text][\/vc_accordion_tab][vc_accordion_tab title=&#8221; Le certificat d\u2019un syst\u00e8me ignifuge pour sa version mate peut-il \u00eatre utilis\u00e9 aussi pour sa version brillante ?&#8221;][vc_column_text el_class=&#8221;black rennerp&#8221; css=&#8221;.vc_custom_1556036400954{margin-bottom: 0px !important;}&#8221;]Seulement si pr\u00e9vu par la norme. Normalement pour certifier un syst\u00e8me avec des changements de gloss, il faut tester le plus mat et le plus brillant. Dans ce cas-l\u00e0, tous les niveaux de gloss interm\u00e9diaires se r\u00e9v\u00e8lent certifi\u00e9s dans la m\u00eame classe.[\/vc_column_text][\/vc_accordion_tab][vc_accordion_tab title=&#8221;Si j\u2019applique un grammage majeur de celui qui a \u00e9t\u00e9 certifi\u00e9, suis-je en r\u00e8gle ?&#8221;][vc_column_text el_class=&#8221;black rennerp&#8221; css=&#8221;.vc_custom_1556036424377{margin-bottom: 0px !important;}&#8221;]Le grammage \u00e0 appliquer doit correspondre toujours \u00e0 celui certifi\u00e9. \u00c0 cette quantit\u00e9 majeure de vernis ignifuge employ\u00e9 ne correspond toujours une augmentation de la protection.[\/vc_column_text][\/vc_accordion_tab][vc_accordion_tab title=&#8221;Le vernis ignifuge appliqu\u00e9 a-t-il une expiration ?&#8221;][vc_column_text el_class=&#8221;black rennerp&#8221; css=&#8221;.vc_custom_1556036454414{margin-bottom: 0px !important;}&#8221;]La l\u00e9gislation italienne pr\u00e9voit de v\u00e9rifier l\u2019\u00e9tat de la peinture apr\u00e8s 5 ans de son application (dur\u00e9e moyenne du Certificat de Pr\u00e9vention des Incendies). Si la d\u00e9t\u00e9rioration est \u00e9vidente, La restauration des produits avec la m\u00eame quantit\u00e9 certifi\u00e9e sera n\u00e9cessaire. Au contraire, si la pellicule de peinture est intacte, le responsable de la s\u00e9curit\u00e9 anti-incendie doit \u00e9valuer l\u2019\u00e9ventuelle r\u00e9fection ou attendre les prochains 5 ans. Apr\u00e8s avoir effectu\u00e9 quelque test de vieillissement, Renner Italia a estim\u00e9 que les additifs ignifuges utilis\u00e9s dans les syst\u00e8mes Firewall ne perdent pas leur efficacit\u00e9, m\u00eame apr\u00e8s de nombreuses ann\u00e9es.[\/vc_column_text][\/vc_accordion_tab][vc_accordion_tab title=&#8221;Si je dilue le produit avant de l\u2019appliquer, dois-je augmenter le grammage ?&#8221;][vc_column_text el_class=&#8221;black rennerp&#8221; css=&#8221;.vc_custom_1556036478579{margin-bottom: 0px !important;}&#8221;]Oui, la quantit\u00e9 d\u2019eau ou de solvant ajout\u00e9e aux produits certifi\u00e9s doit \u00eatre compens\u00e9e proportionnellement aux grammage test\u00e9 (par exemple, si je dois appliquer de norme 150 g\/m<sup>2<\/sup> du produit A, mais j\u2019y ajoute 20% d\u2019eau, je dois en appliquer 180 g\/m<sup>2<\/sup>).[\/vc_column_text][\/vc_accordion_tab][vc_accordion_tab title=&#8221;Quelle est la diff\u00e9rence entre le DM 26\/06\/84 et le DM 06\/03\/92 de \u00ab R\u00e9action au Feu \u00bb ?&#8221;][vc_column_text el_class=&#8221;black rennerp&#8221; css=&#8221;.vc_custom_1556036500697{margin-bottom: 0px !important;}&#8221;]Le test est le m\u00eame, mais le DM 26\/06\/84 certifie le produit et l\u2019objet, tandis que le DM 06\/03\/92 certifie le produit sur le bois.[\/vc_column_text][\/vc_accordion_tab][vc_accordion_tab title=&#8221;Qu\u2019est-ce que c\u2019est la SCIA ?&#8221;][vc_column_text el_class=&#8221;black rennerp&#8221; css=&#8221;.vc_custom_1556036526999{margin-bottom: 0px !important;}&#8221;]La SCIA est la nouvelle proc\u00e9dure pour obtenir le CPI (Certificat de Pr\u00e9vention Incendies) et elle est sign\u00e9e par le responsable de l\u2019activit\u00e9\u00a0; l\u2019affirmation qui doit \u00eatre jointe \u00e0 la proc\u00e9dure qui atteste la conformit\u00e9 de l\u2019activit\u00e9 aux r\u00e9quisits de pr\u00e9vention des incendies et de s\u00e9curit\u00e9 anti-incendie, est sign\u00e9e par un technicien certifi\u00e9. Les d\u00e9clarations et les certifications produites ensemble \u00e0 la SCIA sont sign\u00e9es par le technicien charg\u00e9 de la coop\u00e9ration \u2013 direction \u2013 surveillance des travaux et, ainsi, par un professionnel anti-incendie inscrit aux groups du Minist\u00e8re de l\u2019Int\u00e9rieur, comme indiqu\u00e9 dans le DM du 7 ao\u00fbt 2012.[\/vc_column_text][\/vc_accordion_tab][vc_accordion_tab title=&#8221;La Certification Europ\u00e9enne a-t-elle substitu\u00e9 les normes des autres pays de l\u2019Union ?&#8221;][vc_column_text el_class=&#8221;black rennerp&#8221; css=&#8221;.vc_custom_1556036551479{margin-bottom: 0px !important;}&#8221;]Non. Les normes UNI, NF, UNE, BS, DIN, ONORM etc. vivent ensemble avec les normes EN, puisque la Certification Europ\u00e9enne r\u00e8glement n\u00b0 305\/2011, qui fait aussi r\u00e9f\u00e9rence exclusivement aux produits et aux \u00e9l\u00e9ments \u00e0 construire, r\u00e8gle le commerce des pays m\u00eames, o\u00f9 elle est reconnue (Marcage CE). Pour tous les autres objets \u00e0 l\u2019int\u00e9rieur de l\u2019endroit (ameublement, stands, tout ce qui n\u2019est pas fix\u00e9 \u00e0 la structure) les proc\u00e9dures pr\u00e9c\u00e9dentes anti-incendie sont valables.[\/vc_column_text][\/vc_accordion_tab][\/vc_accordions][\/vc_column][\/mk_page_section]\n","protected":false},"excerpt":{"rendered":"<p>[mk_page_section bg_image=&#8221;http:\/\/www.vernicifirewall.it\/wp-content\/uploads\/2019\/03\/resistenza-fuoco-2.jpg&#8221; bg_position=&#8221;left center&#8221; bg_stretch=&#8221;true&#8221; enable_3d=&#8221;true&#8221; padding_top=&#8221;50&#8243; padding_bottom=&#8221;50&#8243; sidebar=&#8221;sidebar-1&#8243;][vc_column][vc_accordions][vc_accordion_tab title=&#8221;Quelle est la diff\u00e9rence entre la \u00ab R\u00e9action au Feu \u00bb et la \u00ab R\u00e9sistance au Feu \u00bb ?&#8221;][vc_column_text el_class=&#8221;black rennerp&#8221; css=&#8221;.vc_custom_1556035745822{margin-bottom: 0px !important;}&#8221;]Les deux classifications font r\u00e9f\u00e9rence \u00e0 la protection passive d\u2019un endroit. Alors que la classification de la \u00ab\u00a0R\u00e9sistance au Feu\u00a0\u00bb concerne les structures [&hellip;]<\/p>\n","protected":false},"author":1,"featured_media":0,"parent":0,"menu_order":0,"comment_status":"closed","ping_status":"open","template":"","meta":{"footnotes":""},"class_list":["post-5282","page","type-page","status-publish","hentry"],"yoast_head":"<!-- This site is optimized with the Yoast SEO plugin v27.0 - https:\/\/yoast.com\/product\/yoast-seo-wordpress\/ -->\n<title>Faq e consigli sulle vernici ignifughe<\/title>\n<meta name=\"description\" content=\"Informazioni, materiali, attestazioni. Le risposte alle domande sulle vernici ignifughe. Pitture ignifughe ed intumescenti con dichiarazione di conformit\u00e0.\" \/>\n<meta name=\"robots\" content=\"index, follow, max-snippet:-1, max-image-preview:large, max-video-preview:-1\" \/>\n<link rel=\"canonical\" href=\"https:\/\/www.vernicifirewall.it\/fr\/faq\/\" \/>\n<meta property=\"og:locale\" content=\"fr_FR\" \/>\n<meta property=\"og:type\" content=\"article\" \/>\n<meta property=\"og:title\" content=\"Faq e consigli sulle vernici ignifughe\" \/>\n<meta property=\"og:description\" content=\"Informazioni, materiali, attestazioni. Le risposte alle domande sulle vernici ignifughe. Pitture ignifughe ed intumescenti con dichiarazione di conformit\u00e0.\" \/>\n<meta property=\"og:url\" content=\"https:\/\/www.vernicifirewall.it\/fr\/faq\/\" \/>\n<meta property=\"og:site_name\" content=\"Le vernici ignifughe per il legno Firewall\" \/>\n<meta property=\"article:modified_time\" content=\"2019-04-23T16:22:36+00:00\" \/>\n<meta name=\"twitter:label1\" content=\"Est. reading time\" \/>\n\t<meta name=\"twitter:data1\" content=\"11 minutes\" \/>\n<script type=\"application\/ld+json\" class=\"yoast-schema-graph\">{\"@context\":\"https:\/\/schema.org\",\"@graph\":[{\"@type\":\"WebPage\",\"@id\":\"https:\/\/www.vernicifirewall.it\/fr\/faq\/\",\"url\":\"https:\/\/www.vernicifirewall.it\/fr\/faq\/\",\"name\":\"Faq e consigli sulle vernici ignifughe\",\"isPartOf\":{\"@id\":\"https:\/\/www.vernicifirewall.it\/#website\"},\"datePublished\":\"2014-09-10T14:45:14+00:00\",\"dateModified\":\"2019-04-23T16:22:36+00:00\",\"description\":\"Informazioni, materiali, attestazioni. Le risposte alle domande sulle vernici ignifughe. Pitture ignifughe ed intumescenti con dichiarazione di conformit\u00e0.\",\"breadcrumb\":{\"@id\":\"https:\/\/www.vernicifirewall.it\/fr\/faq\/#breadcrumb\"},\"inLanguage\":\"fr-FR\",\"potentialAction\":[{\"@type\":\"ReadAction\",\"target\":[\"https:\/\/www.vernicifirewall.it\/fr\/faq\/\"]}]},{\"@type\":\"BreadcrumbList\",\"@id\":\"https:\/\/www.vernicifirewall.it\/fr\/faq\/#breadcrumb\",\"itemListElement\":[{\"@type\":\"ListItem\",\"position\":1,\"name\":\"Home\",\"item\":\"https:\/\/www.vernicifirewall.it\/fr\/\"},{\"@type\":\"ListItem\",\"position\":2,\"name\":\"Questions fr\u00e9quentes\"}]},{\"@type\":\"WebSite\",\"@id\":\"https:\/\/www.vernicifirewall.it\/#website\",\"url\":\"https:\/\/www.vernicifirewall.it\/\",\"name\":\"Le vernici ignifughe per il legno Firewall\",\"description\":\"Le vernici ignifughe per il legno Firewall\",\"potentialAction\":[{\"@type\":\"SearchAction\",\"target\":{\"@type\":\"EntryPoint\",\"urlTemplate\":\"https:\/\/www.vernicifirewall.it\/?s={search_term_string}\"},\"query-input\":{\"@type\":\"PropertyValueSpecification\",\"valueRequired\":true,\"valueName\":\"search_term_string\"}}],\"inLanguage\":\"fr-FR\"}]}<\/script>\n<!-- \/ Yoast SEO plugin. -->","yoast_head_json":{"title":"Faq e consigli sulle vernici ignifughe","description":"Informazioni, materiali, attestazioni. Le risposte alle domande sulle vernici ignifughe. Pitture ignifughe ed intumescenti con dichiarazione di conformit\u00e0.","robots":{"index":"index","follow":"follow","max-snippet":"max-snippet:-1","max-image-preview":"max-image-preview:large","max-video-preview":"max-video-preview:-1"},"canonical":"https:\/\/www.vernicifirewall.it\/fr\/faq\/","og_locale":"fr_FR","og_type":"article","og_title":"Faq e consigli sulle vernici ignifughe","og_description":"Informazioni, materiali, attestazioni. Le risposte alle domande sulle vernici ignifughe. Pitture ignifughe ed intumescenti con dichiarazione di conformit\u00e0.","og_url":"https:\/\/www.vernicifirewall.it\/fr\/faq\/","og_site_name":"Le vernici ignifughe per il legno Firewall","article_modified_time":"2019-04-23T16:22:36+00:00","twitter_misc":{"Est. reading time":"11 minutes"},"schema":{"@context":"https:\/\/schema.org","@graph":[{"@type":"WebPage","@id":"https:\/\/www.vernicifirewall.it\/fr\/faq\/","url":"https:\/\/www.vernicifirewall.it\/fr\/faq\/","name":"Faq e consigli sulle vernici ignifughe","isPartOf":{"@id":"https:\/\/www.vernicifirewall.it\/#website"},"datePublished":"2014-09-10T14:45:14+00:00","dateModified":"2019-04-23T16:22:36+00:00","description":"Informazioni, materiali, attestazioni. Le risposte alle domande sulle vernici ignifughe. Pitture ignifughe ed intumescenti con dichiarazione di conformit\u00e0.","breadcrumb":{"@id":"https:\/\/www.vernicifirewall.it\/fr\/faq\/#breadcrumb"},"inLanguage":"fr-FR","potentialAction":[{"@type":"ReadAction","target":["https:\/\/www.vernicifirewall.it\/fr\/faq\/"]}]},{"@type":"BreadcrumbList","@id":"https:\/\/www.vernicifirewall.it\/fr\/faq\/#breadcrumb","itemListElement":[{"@type":"ListItem","position":1,"name":"Home","item":"https:\/\/www.vernicifirewall.it\/fr\/"},{"@type":"ListItem","position":2,"name":"Questions fr\u00e9quentes"}]},{"@type":"WebSite","@id":"https:\/\/www.vernicifirewall.it\/#website","url":"https:\/\/www.vernicifirewall.it\/","name":"Le vernici ignifughe per il legno Firewall","description":"Le vernici ignifughe per il legno Firewall","potentialAction":[{"@type":"SearchAction","target":{"@type":"EntryPoint","urlTemplate":"https:\/\/www.vernicifirewall.it\/?s={search_term_string}"},"query-input":{"@type":"PropertyValueSpecification","valueRequired":true,"valueName":"search_term_string"}}],"inLanguage":"fr-FR"}]}},"_links":{"self":[{"href":"https:\/\/www.vernicifirewall.it\/fr\/wp-json\/wp\/v2\/pages\/5282","targetHints":{"allow":["GET"]}}],"collection":[{"href":"https:\/\/www.vernicifirewall.it\/fr\/wp-json\/wp\/v2\/pages"}],"about":[{"href":"https:\/\/www.vernicifirewall.it\/fr\/wp-json\/wp\/v2\/types\/page"}],"author":[{"embeddable":true,"href":"https:\/\/www.vernicifirewall.it\/fr\/wp-json\/wp\/v2\/users\/1"}],"replies":[{"embeddable":true,"href":"https:\/\/www.vernicifirewall.it\/fr\/wp-json\/wp\/v2\/comments?post=5282"}],"version-history":[{"count":7,"href":"https:\/\/www.vernicifirewall.it\/fr\/wp-json\/wp\/v2\/pages\/5282\/revisions"}],"predecessor-version":[{"id":5632,"href":"https:\/\/www.vernicifirewall.it\/fr\/wp-json\/wp\/v2\/pages\/5282\/revisions\/5632"}],"wp:attachment":[{"href":"https:\/\/www.vernicifirewall.it\/fr\/wp-json\/wp\/v2\/media?parent=5282"}],"curies":[{"name":"wp","href":"https:\/\/api.w.org\/{rel}","templated":true}]}}